{"id":12456,"date":"2025-06-06T14:06:22","date_gmt":"2025-06-06T12:06:22","guid":{"rendered":"https:\/\/ingredients.saccosystem.com\/?post_type=product&#038;p=12456"},"modified":"2025-06-09T10:25:09","modified_gmt":"2025-06-09T08:25:09","slug":"lactose-free-brigante-pinna-copia-copia","status":"publish","type":"product","link":"https:\/\/ingredients.saccosystem.com\/en\/prodotto\/lactose-free-brigante-pinna-copia-copia\/","title":{"rendered":"Tr\u00e1pola Mostaza"},"content":{"rendered":"","protected":false},"excerpt":{"rendered":"<p>Tr\u00e1pola cheese is an aged cheese created by N\u00e9ole. It is pressed, short-ripened and has a washed curd, similar to that of Dutch cheeses. Made from pasteurized whole milk from Holstein cows.<\/p>\n","protected":false},"featured_media":12459,"comment_status":"closed","ping_status":"closed","template":"","meta":{"_acf_changed":false,"inline_featured_image":false},"product_brand":[],"product_cat":[352],"product_tag":[],"class_list":{"0":"post-12456","1":"product","2":"type-product","3":"status-publish","4":"has-post-thumbnail","6":"product_cat-cheeses","7":"pa_brand-cava-bocanegra-en","8":"pa_nazionalita-mexico","9":"pa_tipologia-matured-cheese","11":"first","12":"instock","13":"shipping-taxable","14":"product-type-simple"},"acf":[],"_links":{"self":[{"href":"https:\/\/ingredients.saccosystem.com\/en\/wp-json\/wp\/v2\/product\/12456","targetHints":{"allow":["GET"]}}],"collection":[{"href":"https:\/\/ingredients.saccosystem.com\/en\/wp-json\/wp\/v2\/product"}],"about":[{"href":"https:\/\/ingredients.saccosystem.com\/en\/wp-json\/wp\/v2\/types\/product"}],"replies":[{"embeddable":true,"href":"https:\/\/ingredients.saccosystem.com\/en\/wp-json\/wp\/v2\/comments?post=12456"}],"wp:featuredmedia":[{"embeddable":true,"href":"https:\/\/ingredients.saccosystem.com\/en\/wp-json\/wp\/v2\/media\/12459"}],"wp:attachment":[{"href":"https:\/\/ingredients.saccosystem.com\/en\/wp-json\/wp\/v2\/media?parent=12456"}],"wp:term":[{"taxonomy":"product_brand","embeddable":true,"href":"https:\/\/ingredients.saccosystem.com\/en\/wp-json\/wp\/v2\/product_brand?post=12456"},{"taxonomy":"product_cat","embeddable":true,"href":"https:\/\/ingredients.saccosystem.com\/en\/wp-json\/wp\/v2\/product_cat?post=12456"},{"taxonomy":"product_tag","embeddable":true,"href":"https:\/\/ingredients.saccosystem.com\/en\/wp-json\/wp\/v2\/product_tag?post=12456"}],"curies":[{"name":"wp","href":"https:\/\/api.w.org\/{rel}","templated":true}]}}