{"id":11224,"date":"2024-01-24T11:53:45","date_gmt":"2024-01-24T10:53:45","guid":{"rendered":"https:\/\/ingredients.saccosystem.com\/en-viaje\/chile\/"},"modified":"2024-01-24T11:57:53","modified_gmt":"2024-01-24T10:57:53","slug":"chile","status":"publish","type":"page","link":"https:\/\/ingredients.saccosystem.com\/es\/en-viaje\/chile\/","title":{"rendered":"Chile"},"content":{"rendered":"\t\t<div data-elementor-type=\"wp-page\" data-elementor-id=\"11224\" class=\"elementor elementor-11224 elementor-11209\" data-elementor-post-type=\"page\">\n\t\t\t\t\t\t<section class=\"elementor-section elementor-top-section elementor-element elementor-element-c335f2c elementor-section-content-top section-first-paese elementor-section-boxed elementor-section-height-default elementor-section-height-default\" data-id=\"c335f2c\" data-element_type=\"section\">\n\t\t\t\t\t\t<div class=\"elementor-container elementor-column-gap-default\">\n\t\t\t\t\t<div class=\"elementor-column elementor-col-50 elementor-top-column elementor-element elementor-element-be97846\" data-id=\"be97846\" data-element_type=\"column\">\n\t\t\t<div class=\"elementor-widget-wrap elementor-element-populated\">\n\t\t\t\t\t\t<div class=\"elementor-element elementor-element-5290157 elementor-widget elementor-widget-heading\" data-id=\"5290157\" data-element_type=\"widget\" data-widget_type=\"heading.default\">\n\t\t\t\t<div class=\"elementor-widget-container\">\n\t\t\t\t\t<h1 class=\"elementor-heading-title elementor-size-default\">Chile  <\/h1>\t\t\t\t<\/div>\n\t\t\t\t<\/div>\n\t\t\t\t<div class=\"elementor-element elementor-element-ccacf59 elementor-hidden-desktop elementor-widget elementor-widget-image\" data-id=\"ccacf59\" data-element_type=\"widget\" data-widget_type=\"image.default\">\n\t\t\t\t<div class=\"elementor-widget-container\">\n\t\t\t\t\t\t\t\t\t\t\t\t\t\t\t<img fetchpriority=\"high\" decoding=\"async\" width=\"737\" height=\"734\" src=\"https:\/\/ingredients.saccosystem.com\/wp-content\/uploads\/2023\/07\/Cile_Immagine.jpg\" class=\"attachment-full size-full wp-image-8843\" alt=\"\" srcset=\"https:\/\/ingredients.saccosystem.com\/wp-content\/uploads\/2023\/07\/Cile_Immagine.jpg 737w, https:\/\/ingredients.saccosystem.com\/wp-content\/uploads\/2023\/07\/Cile_Immagine-300x300.jpg 300w, https:\/\/ingredients.saccosystem.com\/wp-content\/uploads\/2023\/07\/Cile_Immagine-150x150.jpg 150w, https:\/\/ingredients.saccosystem.com\/wp-content\/uploads\/2023\/07\/Cile_Immagine-600x598.jpg 600w, https:\/\/ingredients.saccosystem.com\/wp-content\/uploads\/2023\/07\/Cile_Immagine-100x100.jpg 100w\" sizes=\"(max-width: 737px) 100vw, 737px\" title=\"\">\t\t\t\t\t\t\t\t\t\t\t\t\t\t\t<\/div>\n\t\t\t\t<\/div>\n\t\t\t\t<div class=\"elementor-element elementor-element-eeff986 elementor-widget elementor-widget-text-editor\" data-id=\"eeff986\" data-element_type=\"widget\" data-widget_type=\"text-editor.default\">\n\t\t\t\t<div class=\"elementor-widget-container\">\n\t\t\t\t\t\t\t\t\t<p>El territorio chileno continental se extiende en una larga franja de tierra entre el oc\u00e9ano Pac\u00edfico y la cordillera de los Andes. Chile est\u00e1 situado en una zona geol\u00f3gicamente inestable y se ve afectado peri\u00f3dicamente por los efectos de la actividad s\u00edsmica y volc\u00e1nica (55 volcanes activos). La capital, Santiago, est\u00e1 situada en un valle rodeado por los Andes y las monta\u00f1as de la Cordillera de la Costa. En la Plaza de Armas, la catedral neocl\u00e1sica y el Museo de Historia Natural se alzan entre las palmeras que decoran la plaza.<\/p>\n<p><strong>Hasta aqu\u00ed han llegado nuestros INgredientes&#8230; \u00a1conozca los productos que los contienen!  <\/strong><\/p>\n\t\t\t\t\t\t\t\t<\/div>\n\t\t\t\t<\/div>\n\t\t\t\t\t<\/div>\n\t\t<\/div>\n\t\t\t\t<div class=\"elementor-column elementor-col-50 elementor-top-column elementor-element elementor-element-d16d6d8\" data-id=\"d16d6d8\" data-element_type=\"column\">\n\t\t\t<div class=\"elementor-widget-wrap elementor-element-populated\">\n\t\t\t\t\t\t<div class=\"elementor-element elementor-element-41d0c69 elementor-hidden-tablet elementor-hidden-mobile elementor-widget elementor-widget-image\" data-id=\"41d0c69\" data-element_type=\"widget\" data-widget_type=\"image.default\">\n\t\t\t\t<div class=\"elementor-widget-container\">\n\t\t\t\t\t\t\t\t\t\t\t\t\t\t\t<img fetchpriority=\"high\" decoding=\"async\" width=\"737\" height=\"734\" src=\"https:\/\/ingredients.saccosystem.com\/wp-content\/uploads\/2023\/07\/Cile_Immagine.jpg\" class=\"attachment-full size-full wp-image-8843\" alt=\"\" srcset=\"https:\/\/ingredients.saccosystem.com\/wp-content\/uploads\/2023\/07\/Cile_Immagine.jpg 737w, https:\/\/ingredients.saccosystem.com\/wp-content\/uploads\/2023\/07\/Cile_Immagine-300x300.jpg 300w, https:\/\/ingredients.saccosystem.com\/wp-content\/uploads\/2023\/07\/Cile_Immagine-150x150.jpg 150w, https:\/\/ingredients.saccosystem.com\/wp-content\/uploads\/2023\/07\/Cile_Immagine-600x598.jpg 600w, https:\/\/ingredients.saccosystem.com\/wp-content\/uploads\/2023\/07\/Cile_Immagine-100x100.jpg 100w\" sizes=\"(max-width: 737px) 100vw, 737px\" title=\"\">\t\t\t\t\t\t\t\t\t\t\t\t\t\t\t<\/div>\n\t\t\t\t<\/div>\n\t\t\t\t\t<\/div>\n\t\t<\/div>\n\t\t\t\t\t<\/div>\n\t\t<\/section>\n\t\t\t\t<section class=\"elementor-section elementor-top-section elementor-element elementor-element-ad8fb88 elementor-section-full_width section-nazione-single elementor-section-height-default elementor-section-height-default\" data-id=\"ad8fb88\" data-element_type=\"section\" data-settings=\"{&quot;background_background&quot;:&quot;classic&quot;}\">\n\t\t\t\t\t\t<div class=\"elementor-container elementor-column-gap-default\">\n\t\t\t\t\t<div class=\"elementor-column elementor-col-100 elementor-top-column elementor-element elementor-element-4627f87\" data-id=\"4627f87\" data-element_type=\"column\">\n\t\t\t<div class=\"elementor-widget-wrap elementor-element-populated\">\n\t\t\t\t\t\t<section class=\"elementor-section elementor-inner-section elementor-element elementor-element-33a8eb2 elementor-section-full_width elementor-section-content-space-evenly elementor-section-height-default elementor-section-height-default\" data-id=\"33a8eb2\" data-element_type=\"section\">\n\t\t\t\t\t\t<div class=\"elementor-container elementor-column-gap-custom\">\n\t\t\t\t\t<div class=\"elementor-column elementor-col-33 elementor-inner-column elementor-element elementor-element-02b1175\" data-id=\"02b1175\" data-element_type=\"column\">\n\t\t\t<div class=\"elementor-widget-wrap elementor-element-populated\">\n\t\t\t\t\t\t<div class=\"elementor-element elementor-element-7642a1b elementor-widget elementor-widget-image\" data-id=\"7642a1b\" data-element_type=\"widget\" data-widget_type=\"image.default\">\n\t\t\t\t<div class=\"elementor-widget-container\">\n\t\t\t\t\t\t\t\t\t\t\t\t\t\t\t<img decoding=\"async\" width=\"698\" height=\"664\" src=\"https:\/\/ingredients.saccosystem.com\/wp-content\/uploads\/2023\/07\/Raggruppa-916.png\" class=\"attachment-large size-large wp-image-8635\" alt=\"\" srcset=\"https:\/\/ingredients.saccosystem.com\/wp-content\/uploads\/2023\/07\/Raggruppa-916.png 698w, https:\/\/ingredients.saccosystem.com\/wp-content\/uploads\/2023\/07\/Raggruppa-916-300x285.png 300w, https:\/\/ingredients.saccosystem.com\/wp-content\/uploads\/2023\/07\/Raggruppa-916-600x571.png 600w\" sizes=\"(max-width: 698px) 100vw, 698px\" title=\"\">\t\t\t\t\t\t\t\t\t\t\t\t\t\t\t<\/div>\n\t\t\t\t<\/div>\n\t\t\t\t\t<\/div>\n\t\t<\/div>\n\t\t\t\t<div class=\"elementor-column elementor-col-66 elementor-inner-column elementor-element elementor-element-973a19f\" data-id=\"973a19f\" data-element_type=\"column\">\n\t\t\t<div class=\"elementor-widget-wrap elementor-element-populated\">\n\t\t\t\t\t\t<div class=\"woocommerce elementor-element elementor-element-cfbf5d7 carousel-prodotti carousel-paese carousel-paese-custom-a elementor-pagination-type-bullets elementor-pagination-position-outside elementor-widget elementor-widget-loop-carousel\" data-id=\"cfbf5d7\" data-element_type=\"widget\" data-settings=\"{&quot;template_id&quot;:10285,&quot;_skin&quot;:&quot;product&quot;,&quot;slides_to_show&quot;:&quot;2&quot;,&quot;slides_to_show_tablet&quot;:&quot;2&quot;,&quot;slides_to_show_mobile&quot;:&quot;1&quot;,&quot;slides_to_scroll&quot;:&quot;1&quot;,&quot;edit_handle_selector&quot;:&quot;.elementor-loop-container&quot;,&quot;autoplay&quot;:&quot;yes&quot;,&quot;autoplay_speed&quot;:5000,&quot;pause_on_hover&quot;:&quot;yes&quot;,&quot;pause_on_interaction&quot;:&quot;yes&quot;,&quot;infinite&quot;:&quot;yes&quot;,&quot;speed&quot;:500,&quot;offset_sides&quot;:&quot;none&quot;,&quot;pagination&quot;:&quot;bullets&quot;,&quot;image_spacing_custom&quot;:{&quot;unit&quot;:&quot;px&quot;,&quot;size&quot;:10,&quot;sizes&quot;:[]},&quot;image_spacing_custom_tablet&quot;:{&quot;unit&quot;:&quot;px&quot;,&quot;size&quot;:&quot;&quot;,&quot;sizes&quot;:[]},&quot;image_spacing_custom_mobile&quot;:{&quot;unit&quot;:&quot;px&quot;,&quot;size&quot;:&quot;&quot;,&quot;sizes&quot;:[]}}\" data-widget_type=\"loop-carousel.product\">\n\t\t\t\t<div class=\"elementor-widget-container\">\n\t\t\t\t\t\t\t<div class=\"e-loop-nothing-found-message\">\n\t\t<\/div>\n\t\t\t\t\t\t<\/div>\n\t\t\t\t<\/div>\n\t\t\t\t\t<\/div>\n\t\t<\/div>\n\t\t\t\t\t<\/div>\n\t\t<\/section>\n\t\t\t\t\t<\/div>\n\t\t<\/div>\n\t\t\t\t\t<\/div>\n\t\t<\/section>\n\t\t\t\t<section class=\"elementor-section elementor-top-section elementor-element elementor-element-bc9346e elementor-section-boxed elementor-section-height-default elementor-section-height-default\" data-id=\"bc9346e\" data-element_type=\"section\" data-settings=\"{&quot;background_background&quot;:&quot;classic&quot;}\">\n\t\t\t\t\t\t<div class=\"elementor-container elementor-column-gap-default\">\n\t\t\t\t\t<div class=\"elementor-column elementor-col-100 elementor-top-column elementor-element elementor-element-3ed1103\" data-id=\"3ed1103\" data-element_type=\"column\">\n\t\t\t<div class=\"elementor-widget-wrap elementor-element-populated\">\n\t\t\t\t\t\t<div class=\"elementor-element elementor-element-399ad97 elementor-widget elementor-widget-heading\" data-id=\"399ad97\" data-element_type=\"widget\" data-widget_type=\"heading.default\">\n\t\t\t\t<div class=\"elementor-widget-container\">\n\t\t\t\t\t<h2 class=\"elementor-heading-title elementor-size-default\">Ingredientes en Chile...<\/h2>\t\t\t\t<\/div>\n\t\t\t\t<\/div>\n\t\t\t\t<div class=\"elementor-element elementor-element-170dd34 elementor-tabs-alignment-center tab-nazionalita elementor-tabs-view-horizontal elementor-widget elementor-widget-tabs\" data-id=\"170dd34\" data-element_type=\"widget\" data-widget_type=\"tabs.default\">\n\t\t\t\t<div class=\"elementor-widget-container\">\n\t\t\t\t\t\t\t<div class=\"elementor-tabs\">\n\t\t\t<div class=\"elementor-tabs-wrapper\" role=\"tablist\" >\n\t\t\t\t\t\t\t\t\t<div id=\"elementor-tab-title-2411\" class=\"elementor-tab-title elementor-tab-desktop-title\" aria-selected=\"true\" data-tab=\"1\" role=\"tab\" tabindex=\"0\" aria-controls=\"elementor-tab-content-2411\" aria-expanded=\"false\">Productos<\/div>\n\t\t\t\t\t\t\t<\/div>\n\t\t\t<div class=\"elementor-tabs-content-wrapper\" role=\"tablist\" aria-orientation=\"vertical\">\n\t\t\t\t\t\t\t\t\t<div class=\"elementor-tab-title elementor-tab-mobile-title\" aria-selected=\"true\" data-tab=\"1\" role=\"tab\" tabindex=\"0\" aria-controls=\"elementor-tab-content-2411\" aria-expanded=\"false\">Productos<\/div>\n\t\t\t\t\t<div id=\"elementor-tab-content-2411\" class=\"elementor-tab-content elementor-clearfix\" data-tab=\"1\" role=\"tabpanel\" aria-labelledby=\"elementor-tab-title-2411\" tabindex=\"0\" hidden=\"false\"><div class=\"block-product-custom-a\"><ul><li>\n\t\t\t\t<div class=\"wrap-product-custom-a\">\n\t\t\t\t\t<div class=\"wrap-image-product-custom-a\">\n\t\t\t\t\t\t<a href=\"https:\/\/ingredients.saccosystem.com\/es\/prodotto\/queso-cremoso-dgranja\/\"><img decoding=\"async\" src=\"https:\/\/ingredients.saccosystem.com\/wp-content\/uploads\/2023\/12\/queso-Cremoso-vaca-996x1024-1.jpg\" title=\"image Queso cremoso DGranja\" alt=\"Queso cremoso DGranja\"\/><\/a>\n\t\t\t\t\t<\/div>\n\t\t\t\t\t<div class=\"content-product-custom-a\">\n\t\t\t\t\t\t<a href=\"https:\/\/ingredients.saccosystem.com\/es\/prodotto\/queso-cremoso-dgranja\/\"><h3 class=\"title-product-custom-a\">Queso cremoso DGranja<\/h3><\/a>\n\t\t\t\t\t\t<p class=\"brand-product-custom-a\">DGranja<\/p>\n\t\t\t\t\t\t<p class=\"tipologia-product-custom-a\">Queso de maduraci\u00f3n corta<\/p>\n\t\t\t\t\t<\/div>\n\t\t\t\t<\/div>\n\t\t\t<\/li><li>\n\t\t\t\t<div class=\"wrap-product-custom-a\">\n\t\t\t\t\t<div class=\"wrap-image-product-custom-a\">\n\t\t\t\t\t\t<a href=\"https:\/\/ingredients.saccosystem.com\/es\/prodotto\/queso-fresco-dgranja\/\"><img decoding=\"async\" src=\"https:\/\/ingredients.saccosystem.com\/wp-content\/uploads\/2023\/12\/queso-fresco-cabra-998x1024-1.jpg\" title=\"image Queso Fresco DGranja\" alt=\"Queso Fresco DGranja\"\/><\/a>\n\t\t\t\t\t<\/div>\n\t\t\t\t\t<div class=\"content-product-custom-a\">\n\t\t\t\t\t\t<a href=\"https:\/\/ingredients.saccosystem.com\/es\/prodotto\/queso-fresco-dgranja\/\"><h3 class=\"title-product-custom-a\">Queso Fresco DGranja<\/h3><\/a>\n\t\t\t\t\t\t<p class=\"brand-product-custom-a\">DGranja<\/p>\n\t\t\t\t\t\t<p class=\"tipologia-product-custom-a\">Queso fresco<\/p>\n\t\t\t\t\t<\/div>\n\t\t\t\t<\/div>\n\t\t\t<\/li><\/div><\/ul><p><\/p>\n<\/div>\n\t\t\t\t\t\t\t<\/div>\n\t\t<\/div>\n\t\t\t\t\t\t<\/div>\n\t\t\t\t<\/div>\n\t\t\t\t\t<\/div>\n\t\t<\/div>\n\t\t\t\t\t<\/div>\n\t\t<\/section>\n\t\t\t\t<section class=\"elementor-section elementor-top-section elementor-element elementor-element-59eb3a0 elementor-hidden-desktop elementor-hidden-tablet elementor-hidden-mobile elementor-section-boxed elementor-section-height-default elementor-section-height-default\" data-id=\"59eb3a0\" data-element_type=\"section\">\n\t\t\t\t\t\t<div class=\"elementor-container elementor-column-gap-default\">\n\t\t\t\t\t<div class=\"elementor-column elementor-col-100 elementor-top-column elementor-element elementor-element-7b40905\" data-id=\"7b40905\" data-element_type=\"column\">\n\t\t\t<div class=\"elementor-widget-wrap elementor-element-populated\">\n\t\t\t\t\t\t<div class=\"elementor-element elementor-element-752fdaa elementor-widget elementor-widget-text-editor\" data-id=\"752fdaa\" data-element_type=\"widget\" data-widget_type=\"text-editor.default\">\n\t\t\t\t<div class=\"elementor-widget-container\">\n\t\t\t\t\t\t\t\t\t<p>Descubra tambi\u00e9n&#8230;<\/p>\n\t\t\t\t\t\t\t\t<\/div>\n\t\t\t\t<\/div>\n\t\t\t\t\t<\/div>\n\t\t<\/div>\n\t\t\t\t\t<\/div>\n\t\t<\/section>\n\t\t\t\t<section class=\"elementor-section elementor-top-section elementor-element elementor-element-f9458e1 elementor-hidden-desktop elementor-hidden-tablet elementor-hidden-mobile elementor-section-boxed elementor-section-height-default elementor-section-height-default\" data-id=\"f9458e1\" data-element_type=\"section\">\n\t\t\t\t\t\t<div class=\"elementor-container elementor-column-gap-default\">\n\t\t\t\t\t<div class=\"elementor-column elementor-col-25 elementor-top-column elementor-element elementor-element-e45716a\" data-id=\"e45716a\" data-element_type=\"column\">\n\t\t\t<div class=\"elementor-widget-wrap elementor-element-populated\">\n\t\t\t\t\t\t<section class=\"elementor-section elementor-inner-section elementor-element elementor-element-d071b65 elementor-section-boxed elementor-section-height-default elementor-section-height-default\" data-id=\"d071b65\" data-element_type=\"section\">\n\t\t\t\t\t\t<div class=\"elementor-container elementor-column-gap-default\">\n\t\t\t\t\t<div class=\"elementor-column elementor-col-100 elementor-inner-column elementor-element elementor-element-442366e block-nazione\" data-id=\"442366e\" data-element_type=\"column\">\n\t\t\t<div class=\"elementor-widget-wrap elementor-element-populated\">\n\t\t\t\t\t\t<div class=\"elementor-element elementor-element-320a674 elementor-widget elementor-widget-image\" data-id=\"320a674\" data-element_type=\"widget\" data-widget_type=\"image.default\">\n\t\t\t\t<div class=\"elementor-widget-container\">\n\t\t\t\t\t\t\t\t\t\t\t\t\t\t\t<img decoding=\"async\" width=\"316\" height=\"301\" src=\"https:\/\/ingredients.saccosystem.com\/wp-content\/uploads\/2023\/07\/InViaggio_USA.jpg\" class=\"attachment-full size-full wp-image-8841\" alt=\"\" srcset=\"https:\/\/ingredients.saccosystem.com\/wp-content\/uploads\/2023\/07\/InViaggio_USA.jpg 316w, https:\/\/ingredients.saccosystem.com\/wp-content\/uploads\/2023\/07\/InViaggio_USA-300x286.jpg 300w\" sizes=\"(max-width: 316px) 100vw, 316px\" title=\"\">\t\t\t\t\t\t\t\t\t\t\t\t\t\t\t<\/div>\n\t\t\t\t<\/div>\n\t\t\t\t<div class=\"elementor-element elementor-element-37997a8 elementor-widget elementor-widget-text-editor\" data-id=\"37997a8\" data-element_type=\"widget\" data-widget_type=\"text-editor.default\">\n\t\t\t\t<div class=\"elementor-widget-container\">\n\t\t\t\t\t\t\t\t\t<p>Am\u00e9rica<\/p>\n\t\t\t\t\t\t\t\t<\/div>\n\t\t\t\t<\/div>\n\t\t\t\t<div class=\"elementor-element elementor-element-a0ca0f4 elementor-widget elementor-widget-text-editor\" data-id=\"a0ca0f4\" data-element_type=\"widget\" data-widget_type=\"text-editor.default\">\n\t\t\t\t<div class=\"elementor-widget-container\">\n\t\t\t\t\t\t\t\t\t<p>EE.UU.<\/p>\n\t\t\t\t\t\t\t\t<\/div>\n\t\t\t\t<\/div>\n\t\t\t\t<div class=\"elementor-element elementor-element-7340bdc elementor-widget elementor-widget-text-editor\" data-id=\"7340bdc\" data-element_type=\"widget\" data-widget_type=\"text-editor.default\">\n\t\t\t\t<div class=\"elementor-widget-container\">\n\t\t\t\t\t\t\t\t\t<p><a style=\"color: #1f1e9e;\" href=\"https:\/\/ingredients.saccosystem.com\/usa\/\">Explore<\/a><\/p>\n\t\t\t\t\t\t\t\t<\/div>\n\t\t\t\t<\/div>\n\t\t\t\t\t<\/div>\n\t\t<\/div>\n\t\t\t\t\t<\/div>\n\t\t<\/section>\n\t\t\t\t\t<\/div>\n\t\t<\/div>\n\t\t\t\t<div class=\"elementor-column elementor-col-25 elementor-top-column elementor-element elementor-element-272109e\" data-id=\"272109e\" data-element_type=\"column\">\n\t\t\t<div class=\"elementor-widget-wrap elementor-element-populated\">\n\t\t\t\t\t\t<section class=\"elementor-section elementor-inner-section elementor-element elementor-element-5121280 elementor-section-boxed elementor-section-height-default elementor-section-height-default\" data-id=\"5121280\" data-element_type=\"section\">\n\t\t\t\t\t\t<div class=\"elementor-container elementor-column-gap-default\">\n\t\t\t\t\t<div class=\"elementor-column elementor-col-100 elementor-inner-column elementor-element elementor-element-2f5a26b block-nazione\" data-id=\"2f5a26b\" data-element_type=\"column\">\n\t\t\t<div class=\"elementor-widget-wrap elementor-element-populated\">\n\t\t\t\t\t\t<div class=\"elementor-element elementor-element-36ee1c9 elementor-widget elementor-widget-image\" data-id=\"36ee1c9\" data-element_type=\"widget\" data-widget_type=\"image.default\">\n\t\t\t\t<div class=\"elementor-widget-container\">\n\t\t\t\t\t\t\t\t\t\t\t\t\t\t\t<img loading=\"lazy\" decoding=\"async\" width=\"316\" height=\"301\" src=\"https:\/\/ingredients.saccosystem.com\/wp-content\/uploads\/2023\/07\/InViaggio_Messico.jpg\" class=\"attachment-full size-full wp-image-8837\" alt=\"\" srcset=\"https:\/\/ingredients.saccosystem.com\/wp-content\/uploads\/2023\/07\/InViaggio_Messico.jpg 316w, https:\/\/ingredients.saccosystem.com\/wp-content\/uploads\/2023\/07\/InViaggio_Messico-300x286.jpg 300w\" sizes=\"(max-width: 316px) 100vw, 316px\" title=\"\">\t\t\t\t\t\t\t\t\t\t\t\t\t\t\t<\/div>\n\t\t\t\t<\/div>\n\t\t\t\t<div class=\"elementor-element elementor-element-8059593 elementor-widget elementor-widget-text-editor\" data-id=\"8059593\" data-element_type=\"widget\" data-widget_type=\"text-editor.default\">\n\t\t\t\t<div class=\"elementor-widget-container\">\n\t\t\t\t\t\t\t\t\t<p>Am\u00e9rica<\/p>\n\t\t\t\t\t\t\t\t<\/div>\n\t\t\t\t<\/div>\n\t\t\t\t<div class=\"elementor-element elementor-element-0853017 elementor-widget elementor-widget-text-editor\" data-id=\"0853017\" data-element_type=\"widget\" data-widget_type=\"text-editor.default\">\n\t\t\t\t<div class=\"elementor-widget-container\">\n\t\t\t\t\t\t\t\t\t<p>M\u00e9xico<\/p>\n\t\t\t\t\t\t\t\t<\/div>\n\t\t\t\t<\/div>\n\t\t\t\t<div class=\"elementor-element elementor-element-abf0de4 elementor-widget elementor-widget-text-editor\" data-id=\"abf0de4\" data-element_type=\"widget\" data-widget_type=\"text-editor.default\">\n\t\t\t\t<div class=\"elementor-widget-container\">\n\t\t\t\t\t\t\t\t\t<p><a style=\"color: #1f1e9e;\" href=\"https:\/\/ingredients.saccosystem.com\/es\/?page_id=10338\">Explore<\/a><\/p>\n\t\t\t\t\t\t\t\t<\/div>\n\t\t\t\t<\/div>\n\t\t\t\t\t<\/div>\n\t\t<\/div>\n\t\t\t\t\t<\/div>\n\t\t<\/section>\n\t\t\t\t\t<\/div>\n\t\t<\/div>\n\t\t\t\t<div class=\"elementor-column elementor-col-25 elementor-top-column elementor-element elementor-element-035ea3e\" data-id=\"035ea3e\" data-element_type=\"column\">\n\t\t\t<div class=\"elementor-widget-wrap\">\n\t\t\t\t\t\t\t<\/div>\n\t\t<\/div>\n\t\t\t\t<div class=\"elementor-column elementor-col-25 elementor-top-column elementor-element elementor-element-73a4d8f\" data-id=\"73a4d8f\" data-element_type=\"column\">\n\t\t\t<div class=\"elementor-widget-wrap\">\n\t\t\t\t\t\t\t<\/div>\n\t\t<\/div>\n\t\t\t\t\t<\/div>\n\t\t<\/section>\n\t\t\t\t<\/div>\n\t\t","protected":false},"excerpt":{"rendered":"<p>Chile El territorio chileno continental se extiende en una larga franja de tierra entre el oc\u00e9ano Pac\u00edfico y la cordillera de los Andes. Chile est\u00e1 situado en una zona geol\u00f3gicamente inestable y se ve afectado peri\u00f3dicamente por los efectos de la actividad s\u00edsmica y volc\u00e1nica (55 volcanes activos). La capital, Santiago, est\u00e1 situada en un [&hellip;]<\/p>\n","protected":false},"author":1,"featured_media":0,"parent":9792,"menu_order":0,"comment_status":"closed","ping_status":"closed","template":"","meta":{"_acf_changed":false,"inline_featured_image":false,"footnotes":""},"class_list":["post-11224","page","type-page","status-publish","hentry"],"acf":[],"_links":{"self":[{"href":"https:\/\/ingredients.saccosystem.com\/es\/wp-json\/wp\/v2\/pages\/11224","targetHints":{"allow":["GET"]}}],"collection":[{"href":"https:\/\/ingredients.saccosystem.com\/es\/wp-json\/wp\/v2\/pages"}],"about":[{"href":"https:\/\/ingredients.saccosystem.com\/es\/wp-json\/wp\/v2\/types\/page"}],"author":[{"embeddable":true,"href":"https:\/\/ingredients.saccosystem.com\/es\/wp-json\/wp\/v2\/users\/1"}],"replies":[{"embeddable":true,"href":"https:\/\/ingredients.saccosystem.com\/es\/wp-json\/wp\/v2\/comments?post=11224"}],"version-history":[{"count":2,"href":"https:\/\/ingredients.saccosystem.com\/es\/wp-json\/wp\/v2\/pages\/11224\/revisions"}],"predecessor-version":[{"id":11234,"href":"https:\/\/ingredients.saccosystem.com\/es\/wp-json\/wp\/v2\/pages\/11224\/revisions\/11234"}],"up":[{"embeddable":true,"href":"https:\/\/ingredients.saccosystem.com\/es\/wp-json\/wp\/v2\/pages\/9792"}],"wp:attachment":[{"href":"https:\/\/ingredients.saccosystem.com\/es\/wp-json\/wp\/v2\/media?parent=11224"}],"curies":[{"name":"wp","href":"https:\/\/api.w.org\/{rel}","templated":true}]}}