{"id":9772,"date":"2023-07-20T10:33:43","date_gmt":"2023-07-20T08:33:43","guid":{"rendered":"https:\/\/ingredients.saccosystem.com\/politica-de-privacidad\/"},"modified":"2023-07-20T10:33:43","modified_gmt":"2023-07-20T08:33:43","slug":"politica-de-privacidad","status":"publish","type":"page","link":"https:\/\/ingredients.saccosystem.com\/es\/politica-de-privacidad\/","title":{"rendered":"Pol\u00edtica de privacidad"},"content":{"rendered":"<h1 class=\"privacy-policy-h1\">\u00daltima actualizaci\u00f3n: 11-sep-2023  <br \/>Fecha de generaci\u00f3n: 11-Sep-2023<\/h1>\n<p>La presente Pol\u00edtica de Privacidad describe las pol\u00edticas de Sacco Srl, Via Manzoni 29\/A, Italia 22071, Italia, correo electr\u00f3nico: info@saccosystem.com, tel\u00e9fono: 031 886 6611 con respecto a la recopilaci\u00f3n, uso y divulgaci\u00f3n de la informaci\u00f3n que recopilamos cuando usted utiliza nuestro sitio web (https:\/\/ingredients.saccosystem.com). (el Servicio). Al acceder o utilizar el Servicio, usted da su consentimiento a la recopilaci\u00f3n, uso y divulgaci\u00f3n de su informaci\u00f3n de acuerdo con esta Pol\u00edtica de Privacidad. Si no da su consentimiento, le rogamos que no acceda al Servicio ni lo utilice.<\/p>\n<p>Podemos cambiar esta Pol\u00edtica de Privacidad en cualquier momento sin previo aviso y publicaremos la Pol\u00edtica de Privacidad revisada en el Servicio. La Pol\u00edtica revisada entrar\u00e1 en vigor 180 d\u00edas despu\u00e9s de que se publique en el Servicio y el acceso o uso continuado del Servicio despu\u00e9s de ese per\u00edodo constituir\u00e1 la aceptaci\u00f3n de la Pol\u00edtica de Privacidad revisada. Por lo tanto, le aconsejamos que revise esta p\u00e1gina peri\u00f3dicamente.<\/p>\n<ol class=\"privacy-policy-ol\">\n<li>\n<h2 class=\"privacy-policy-h2\">C\u00f3mo utilizamos su informaci\u00f3n:<\/h2>\n<p>Utilizaremos la informaci\u00f3n que recopilemos sobre usted para los siguientes fines:<\/p>\n<p>Marketing\/Promoci\u00f3n<\/p>\n<p>Si deseamos utilizar su informaci\u00f3n para cualquier otro fin, le pediremos su consentimiento y utilizaremos su informaci\u00f3n s\u00f3lo despu\u00e9s de haber recibido su consentimiento y entonces s\u00f3lo para los fines para los que concedemos el consentimiento, a menos que la ley nos obligue a hacer otra cosa.<\/p>\n<\/li>\n<li>\n<h2 class=\"privacy-policy-h2\">C\u00f3mo compartimos su informaci\u00f3n:<\/h2>\n<p>No transferiremos su informaci\u00f3n personal a terceros sin pedirle su consentimiento, excepto en las circunstancias limitadas que se describen a continuaci\u00f3n:<\/p>\n<p>Agencias de marketing<br \/>Anal\u00edtica<\/p>\n<p>Exigimos a dichos terceros que utilicen la informaci\u00f3n personal que les transferimos \u00fanicamente para el fin para el que fue transferida y que no la conserven durante m\u00e1s tiempo del necesario para cumplir dicho fin.<\/p>\n<p>Tambi\u00e9n podemos revelar su informaci\u00f3n personal para lo siguiente: (1) para cumplir con la legislaci\u00f3n aplicable, reglamentos, \u00f3rdenes judiciales u otros procesos legales; (2) para hacer cumplir sus acuerdos con nosotros, incluyendo esta Pol\u00edtica de Privacidad; o (3) para responder a reclamaciones de que su uso del Servicio viola cualquier derecho de terceros. Si el Servicio o nuestra empresa se fusionan o adquieren con otra empresa, su informaci\u00f3n ser\u00e1 uno de los activos transferidos al nuevo propietario.<\/p>\n<\/li>\n<li>\n<h2 class=\"privacy-policy-h2\">Sus derechos:<\/h2>\n<p>En funci\u00f3n de la legislaci\u00f3n aplicable, usted puede tener derecho a acceder, rectificar o suprimir sus datos personales o a recibir una copia de los mismos, a limitar u oponerse al tratamiento activo de sus datos, a pedirnos que compartamos (llevemos) la informaci\u00f3n de sus datos personales a otra entidad, a revocar el consentimiento que nos ha dado para tratar sus datos, a presentar una reclamaci\u00f3n ante una autoridad legal y otros derechos que puedan ser pertinentes en virtud de la legislaci\u00f3n aplicable. Para ejercer estos derechos, puede escribirnos a info@saccosrl.it. Responderemos a su solicitud de conformidad con la legislaci\u00f3n aplicable.<\/p>\n<p>Tenga en cuenta que si no nos autoriza a recoger o tratar los datos personales solicitados o retira su consentimiento para tratarlos con los fines solicitados, es posible que no pueda acceder a los servicios para los que se solicitaron sus datos ni utilizarlos.<\/p>\n<\/li>\n<li>\n<h2 class=\"privacy-policy-h2\">Cookies, etc.<\/h2>\n<p class=\"privacy-policy-p\">Para obtener m\u00e1s informaci\u00f3n sobre c\u00f3mo las utilizamos y sus opciones en relaci\u00f3n con estas tecnolog\u00edas de seguimiento, consulte nuestra <a href=\"https:\/\/ingredients.saccosystem.com\/es\/politica-de-cookies\/\">Pol\u00edtica de cookies<\/a>.<\/p>\n<\/li>\n<li>\n<h2 class=\"privacy-policy-h2\">Seguridad:<\/h2>\n<p class=\"privacy-policy-p\">La seguridad de su informaci\u00f3n es importante para nosotros y utilizaremos medidas de seguridad razonables para evitar la p\u00e9rdida, el uso indebido o la alteraci\u00f3n no autorizada de su informaci\u00f3n bajo nuestro control. Sin embargo, dados los riesgos inherentes, no podemos garantizar una seguridad absoluta y, en consecuencia, no podemos asegurar ni garantizar la seguridad de ninguna informaci\u00f3n que nos transmita, y usted lo hace por su cuenta y riesgo.<\/p>\n<\/li>\n<li>\n<h2 class=\"privacy-policy-h2\">Enlaces de terceros y uso de su informaci\u00f3n:<\/h2>\n<p class=\"privacy-policy-p\">Nuestro Servicio puede contener enlaces a otros sitios web que no son operados por nosotros. Esta Pol\u00edtica de Privacidad no cubre las pol\u00edticas de privacidad y otras pr\u00e1cticas de terceros, incluyendo cualquier tercero que opere cualquier sitio web o servicio que pueda ser accesible a trav\u00e9s de un enlace en el Servicio. Le recomendamos encarecidamente que revise la pol\u00edtica de privacidad de cada sitio que visite. No tenemos control alguno sobre el contenido, las pol\u00edticas de privacidad o las pr\u00e1cticas de los sitios o servicios de terceros, ni asumimos responsabilidad alguna por ellos.<\/p>\n<\/li>\n<li>\n<h2 class=\"privacy-policy-h2\">Responsable de reclamaciones\/protecci\u00f3n de datos:<\/h2>\n<p class=\"privacy-policy-p\">Si tiene alguna pregunta o duda sobre el tratamiento de la informaci\u00f3n de que disponemos, puede enviar un correo electr\u00f3nico a nuestro gestor de reclamaciones a Sacco Srl, Via Manzoni 29\/A, correo electr\u00f3nico: info@saccosrl.it. Abordaremos sus preocupaciones de conformidad con la legislaci\u00f3n aplicable.<\/p>\n<\/li>\n<\/ol>\n","protected":false},"excerpt":{"rendered":"<p>\u00daltima actualizaci\u00f3n: 11-sep-2023 Fecha de generaci\u00f3n: 11-Sep-2023 La presente Pol\u00edtica de Privacidad describe las pol\u00edticas de Sacco Srl, Via Manzoni 29\/A, Italia 22071, Italia, correo electr\u00f3nico: info@saccosystem.com, tel\u00e9fono: 031 886 6611 con respecto a la recopilaci\u00f3n, uso y divulgaci\u00f3n de la informaci\u00f3n que recopilamos cuando usted utiliza nuestro sitio web (https:\/\/ingredients.saccosystem.com). (el Servicio). Al acceder [&hellip;]<\/p>\n","protected":false},"author":1,"featured_media":0,"parent":0,"menu_order":0,"comment_status":"closed","ping_status":"open","template":"","meta":{"_acf_changed":false,"inline_featured_image":false,"footnotes":""},"class_list":["post-9772","page","type-page","status-publish","hentry"],"acf":[],"_links":{"self":[{"href":"https:\/\/ingredients.saccosystem.com\/es\/wp-json\/wp\/v2\/pages\/9772","targetHints":{"allow":["GET"]}}],"collection":[{"href":"https:\/\/ingredients.saccosystem.com\/es\/wp-json\/wp\/v2\/pages"}],"about":[{"href":"https:\/\/ingredients.saccosystem.com\/es\/wp-json\/wp\/v2\/types\/page"}],"author":[{"embeddable":true,"href":"https:\/\/ingredients.saccosystem.com\/es\/wp-json\/wp\/v2\/users\/1"}],"replies":[{"embeddable":true,"href":"https:\/\/ingredients.saccosystem.com\/es\/wp-json\/wp\/v2\/comments?post=9772"}],"version-history":[{"count":0,"href":"https:\/\/ingredients.saccosystem.com\/es\/wp-json\/wp\/v2\/pages\/9772\/revisions"}],"wp:attachment":[{"href":"https:\/\/ingredients.saccosystem.com\/es\/wp-json\/wp\/v2\/media?parent=9772"}],"curies":[{"name":"wp","href":"https:\/\/api.w.org\/{rel}","templated":true}]}}