{"id":9789,"date":"2023-09-15T12:16:57","date_gmt":"2023-09-15T10:16:57","guid":{"rendered":"https:\/\/ingredients.saccosystem.com\/uruguay\/"},"modified":"2024-02-06T14:26:40","modified_gmt":"2024-02-06T13:26:40","slug":"uruguay","status":"publish","type":"page","link":"https:\/\/ingredients.saccosystem.com\/es\/en-viaje\/uruguay\/","title":{"rendered":"Uruguay"},"content":{"rendered":"\t\t<div data-elementor-type=\"wp-page\" data-elementor-id=\"9789\" class=\"elementor elementor-9789 elementor-7102\" data-elementor-post-type=\"page\">\n\t\t\t\t\t\t<section class=\"elementor-section elementor-top-section elementor-element elementor-element-c335f2c elementor-section-content-top section-first-paese elementor-section-boxed elementor-section-height-default elementor-section-height-default\" data-id=\"c335f2c\" data-element_type=\"section\">\n\t\t\t\t\t\t<div class=\"elementor-container elementor-column-gap-default\">\n\t\t\t\t\t<div class=\"elementor-column elementor-col-50 elementor-top-column elementor-element elementor-element-be97846\" data-id=\"be97846\" data-element_type=\"column\">\n\t\t\t<div class=\"elementor-widget-wrap elementor-element-populated\">\n\t\t\t\t\t\t<div class=\"elementor-element elementor-element-5290157 elementor-widget elementor-widget-heading\" data-id=\"5290157\" data-element_type=\"widget\" data-widget_type=\"heading.default\">\n\t\t\t\t<div class=\"elementor-widget-container\">\n\t\t\t\t\t<h1 class=\"elementor-heading-title elementor-size-default\">Uruguay<\/h1>\t\t\t\t<\/div>\n\t\t\t\t<\/div>\n\t\t\t\t<div class=\"elementor-element elementor-element-ccacf59 elementor-hidden-desktop elementor-widget elementor-widget-image\" data-id=\"ccacf59\" data-element_type=\"widget\" data-widget_type=\"image.default\">\n\t\t\t\t<div class=\"elementor-widget-container\">\n\t\t\t\t\t\t\t\t\t\t\t\t\t\t\t<img fetchpriority=\"high\" decoding=\"async\" width=\"1024\" height=\"1024\" src=\"https:\/\/ingredients.saccosystem.com\/wp-content\/uploads\/2023\/09\/Uruguay-Page.jpg\" class=\"attachment-full size-full wp-image-9585\" alt=\"\" srcset=\"https:\/\/ingredients.saccosystem.com\/wp-content\/uploads\/2023\/09\/Uruguay-Page.jpg 1024w, https:\/\/ingredients.saccosystem.com\/wp-content\/uploads\/2023\/09\/Uruguay-Page-300x300.jpg 300w, https:\/\/ingredients.saccosystem.com\/wp-content\/uploads\/2023\/09\/Uruguay-Page-150x150.jpg 150w, https:\/\/ingredients.saccosystem.com\/wp-content\/uploads\/2023\/09\/Uruguay-Page-768x768.jpg 768w, https:\/\/ingredients.saccosystem.com\/wp-content\/uploads\/2023\/09\/Uruguay-Page-600x600.jpg 600w, https:\/\/ingredients.saccosystem.com\/wp-content\/uploads\/2023\/09\/Uruguay-Page-100x100.jpg 100w\" sizes=\"(max-width: 1024px) 100vw, 1024px\" title=\"\">\t\t\t\t\t\t\t\t\t\t\t\t\t\t\t<\/div>\n\t\t\t\t<\/div>\n\t\t\t\t<div class=\"elementor-element elementor-element-eeff986 elementor-widget elementor-widget-text-editor\" data-id=\"eeff986\" data-element_type=\"widget\" data-widget_type=\"text-editor.default\">\n\t\t\t\t<div class=\"elementor-widget-container\">\n\t\t\t\t\t\t\t\t\t<p><span style=\"font-weight: 400;\">Enclavado entre Argentina y Brasil, Uruguay es un pa\u00eds rico en tradici\u00f3n, cultura y encanto. Muchos son los atractivos que pueblan esta tierra: partiendo de la capital Montevideo, pasando por sugerentes destinos tur\u00edsticos como Punta de l&#8217;Este, hasta llegar a Colonia del Sacramento, una peque\u00f1a y antigua ciudad a orillas del R\u00edo de la Plata declarada Patrimonio de la Humanidad  <\/span><span style=\"font-weight: 400;\">Unesco<\/span><span style=\"font-weight: 400;\">donde se encontrar\u00e1 viajando en el tiempo entre calles empedradas, coches de \u00e9poca y casas de colores.<\/span><\/p>\n<p><span style=\"font-weight: 400;\">Uruguay basa gran parte de su econom\u00eda en la ganader\u00eda: el asado es casi un ritual sagrado dentro de su cultura gastron\u00f3mica. Se caracteriza por la elecci\u00f3n de carnes sabrosas y finas, acompa\u00f1adas de salsas picantes como el chimichurri y deliciosas guarniciones enriquecidas por la calidad de nuestros INgredientes.  <\/span><\/p>\n<p><b>Vuele con nosotros a Uruguay y saboree todas las maravillas que ofrece esta tierra.  <\/b><\/p>\n\t\t\t\t\t\t\t\t<\/div>\n\t\t\t\t<\/div>\n\t\t\t\t\t<\/div>\n\t\t<\/div>\n\t\t\t\t<div class=\"elementor-column elementor-col-50 elementor-top-column elementor-element elementor-element-d16d6d8\" data-id=\"d16d6d8\" data-element_type=\"column\">\n\t\t\t<div class=\"elementor-widget-wrap elementor-element-populated\">\n\t\t\t\t\t\t<div class=\"elementor-element elementor-element-41d0c69 elementor-hidden-tablet elementor-hidden-mobile elementor-widget elementor-widget-image\" data-id=\"41d0c69\" data-element_type=\"widget\" data-widget_type=\"image.default\">\n\t\t\t\t<div class=\"elementor-widget-container\">\n\t\t\t\t\t\t\t\t\t\t\t\t\t\t\t<img fetchpriority=\"high\" decoding=\"async\" width=\"1024\" height=\"1024\" src=\"https:\/\/ingredients.saccosystem.com\/wp-content\/uploads\/2023\/09\/Uruguay-Page.jpg\" class=\"attachment-full size-full wp-image-9585\" alt=\"\" srcset=\"https:\/\/ingredients.saccosystem.com\/wp-content\/uploads\/2023\/09\/Uruguay-Page.jpg 1024w, https:\/\/ingredients.saccosystem.com\/wp-content\/uploads\/2023\/09\/Uruguay-Page-300x300.jpg 300w, https:\/\/ingredients.saccosystem.com\/wp-content\/uploads\/2023\/09\/Uruguay-Page-150x150.jpg 150w, https:\/\/ingredients.saccosystem.com\/wp-content\/uploads\/2023\/09\/Uruguay-Page-768x768.jpg 768w, https:\/\/ingredients.saccosystem.com\/wp-content\/uploads\/2023\/09\/Uruguay-Page-600x600.jpg 600w, https:\/\/ingredients.saccosystem.com\/wp-content\/uploads\/2023\/09\/Uruguay-Page-100x100.jpg 100w\" sizes=\"(max-width: 1024px) 100vw, 1024px\" title=\"\">\t\t\t\t\t\t\t\t\t\t\t\t\t\t\t<\/div>\n\t\t\t\t<\/div>\n\t\t\t\t\t<\/div>\n\t\t<\/div>\n\t\t\t\t\t<\/div>\n\t\t<\/section>\n\t\t\t\t<section class=\"elementor-section elementor-top-section elementor-element elementor-element-ad8fb88 elementor-section-full_width section-nazione-single elementor-section-height-default elementor-section-height-default\" data-id=\"ad8fb88\" data-element_type=\"section\" data-settings=\"{&quot;background_background&quot;:&quot;classic&quot;}\">\n\t\t\t\t\t\t<div class=\"elementor-container elementor-column-gap-default\">\n\t\t\t\t\t<div class=\"elementor-column elementor-col-100 elementor-top-column elementor-element elementor-element-4627f87\" data-id=\"4627f87\" data-element_type=\"column\">\n\t\t\t<div class=\"elementor-widget-wrap elementor-element-populated\">\n\t\t\t\t\t\t<section class=\"elementor-section elementor-inner-section elementor-element elementor-element-33a8eb2 elementor-section-full_width elementor-section-content-space-evenly elementor-section-height-default elementor-section-height-default\" data-id=\"33a8eb2\" data-element_type=\"section\">\n\t\t\t\t\t\t<div class=\"elementor-container elementor-column-gap-custom\">\n\t\t\t\t\t<div class=\"elementor-column elementor-col-33 elementor-inner-column elementor-element elementor-element-02b1175\" data-id=\"02b1175\" data-element_type=\"column\">\n\t\t\t<div class=\"elementor-widget-wrap elementor-element-populated\">\n\t\t\t\t\t\t<div class=\"elementor-element elementor-element-7642a1b elementor-widget elementor-widget-image\" data-id=\"7642a1b\" data-element_type=\"widget\" data-widget_type=\"image.default\">\n\t\t\t\t<div class=\"elementor-widget-container\">\n\t\t\t\t\t\t\t\t\t\t\t\t\t\t\t<img decoding=\"async\" width=\"699\" height=\"664\" src=\"https:\/\/ingredients.saccosystem.com\/wp-content\/uploads\/2023\/11\/Uruguay.png\" class=\"attachment-large size-large wp-image-9681\" alt=\"\" srcset=\"https:\/\/ingredients.saccosystem.com\/wp-content\/uploads\/2023\/11\/Uruguay.png 699w, https:\/\/ingredients.saccosystem.com\/wp-content\/uploads\/2023\/11\/Uruguay-300x285.png 300w, https:\/\/ingredients.saccosystem.com\/wp-content\/uploads\/2023\/11\/Uruguay-600x570.png 600w\" sizes=\"(max-width: 699px) 100vw, 699px\" title=\"\">\t\t\t\t\t\t\t\t\t\t\t\t\t\t\t<\/div>\n\t\t\t\t<\/div>\n\t\t\t\t\t<\/div>\n\t\t<\/div>\n\t\t\t\t<div class=\"elementor-column elementor-col-66 elementor-inner-column elementor-element elementor-element-973a19f\" data-id=\"973a19f\" data-element_type=\"column\">\n\t\t\t<div class=\"elementor-widget-wrap elementor-element-populated\">\n\t\t\t\t\t\t<div class=\"woocommerce elementor-element elementor-element-cfbf5d7 carousel-prodotti carousel-paese carousel-paese-custom-a elementor-pagination-type-bullets elementor-pagination-position-outside elementor-widget elementor-widget-loop-carousel\" data-id=\"cfbf5d7\" data-element_type=\"widget\" data-settings=\"{&quot;template_id&quot;:10285,&quot;_skin&quot;:&quot;product&quot;,&quot;slides_to_show&quot;:&quot;2&quot;,&quot;slides_to_show_tablet&quot;:&quot;2&quot;,&quot;slides_to_show_mobile&quot;:&quot;1&quot;,&quot;slides_to_scroll&quot;:&quot;1&quot;,&quot;edit_handle_selector&quot;:&quot;.elementor-loop-container&quot;,&quot;autoplay&quot;:&quot;yes&quot;,&quot;autoplay_speed&quot;:5000,&quot;pause_on_hover&quot;:&quot;yes&quot;,&quot;pause_on_interaction&quot;:&quot;yes&quot;,&quot;infinite&quot;:&quot;yes&quot;,&quot;speed&quot;:500,&quot;offset_sides&quot;:&quot;none&quot;,&quot;pagination&quot;:&quot;bullets&quot;,&quot;image_spacing_custom&quot;:{&quot;unit&quot;:&quot;px&quot;,&quot;size&quot;:10,&quot;sizes&quot;:[]},&quot;image_spacing_custom_tablet&quot;:{&quot;unit&quot;:&quot;px&quot;,&quot;size&quot;:&quot;&quot;,&quot;sizes&quot;:[]},&quot;image_spacing_custom_mobile&quot;:{&quot;unit&quot;:&quot;px&quot;,&quot;size&quot;:&quot;&quot;,&quot;sizes&quot;:[]}}\" data-widget_type=\"loop-carousel.product\">\n\t\t\t\t<div class=\"elementor-widget-container\">\n\t\t\t\t\t\t\t<div class=\"e-loop-nothing-found-message\">\n\t\t<\/div>\n\t\t\t\t\t\t<\/div>\n\t\t\t\t<\/div>\n\t\t\t\t\t<\/div>\n\t\t<\/div>\n\t\t\t\t\t<\/div>\n\t\t<\/section>\n\t\t\t\t\t<\/div>\n\t\t<\/div>\n\t\t\t\t\t<\/div>\n\t\t<\/section>\n\t\t\t\t<section class=\"elementor-section elementor-top-section elementor-element elementor-element-bc9346e elementor-section-boxed elementor-section-height-default elementor-section-height-default\" data-id=\"bc9346e\" data-element_type=\"section\" data-settings=\"{&quot;background_background&quot;:&quot;classic&quot;}\">\n\t\t\t\t\t\t<div class=\"elementor-container elementor-column-gap-default\">\n\t\t\t\t\t<div class=\"elementor-column elementor-col-100 elementor-top-column elementor-element elementor-element-3ed1103\" data-id=\"3ed1103\" data-element_type=\"column\">\n\t\t\t<div class=\"elementor-widget-wrap elementor-element-populated\">\n\t\t\t\t\t\t<div class=\"elementor-element elementor-element-399ad97 elementor-widget elementor-widget-heading\" data-id=\"399ad97\" data-element_type=\"widget\" data-widget_type=\"heading.default\">\n\t\t\t\t<div class=\"elementor-widget-container\">\n\t\t\t\t\t<h2 class=\"elementor-heading-title elementor-size-default\">Ingredientes en Uruguay...<\/h2>\t\t\t\t<\/div>\n\t\t\t\t<\/div>\n\t\t\t\t<div class=\"elementor-element elementor-element-170dd34 elementor-tabs-alignment-center tab-nazionalita elementor-tabs-view-horizontal elementor-widget elementor-widget-tabs\" data-id=\"170dd34\" data-element_type=\"widget\" data-widget_type=\"tabs.default\">\n\t\t\t\t<div class=\"elementor-widget-container\">\n\t\t\t\t\t\t\t<div class=\"elementor-tabs\">\n\t\t\t<div class=\"elementor-tabs-wrapper\" role=\"tablist\" >\n\t\t\t\t\t\t\t\t\t<div id=\"elementor-tab-title-2411\" class=\"elementor-tab-title elementor-tab-desktop-title\" aria-selected=\"true\" data-tab=\"1\" role=\"tab\" tabindex=\"0\" aria-controls=\"elementor-tab-content-2411\" aria-expanded=\"false\">Productos<\/div>\n\t\t\t\t\t\t\t<\/div>\n\t\t\t<div class=\"elementor-tabs-content-wrapper\" role=\"tablist\" aria-orientation=\"vertical\">\n\t\t\t\t\t\t\t\t\t<div class=\"elementor-tab-title elementor-tab-mobile-title\" aria-selected=\"true\" data-tab=\"1\" role=\"tab\" tabindex=\"0\" aria-controls=\"elementor-tab-content-2411\" aria-expanded=\"false\">Productos<\/div>\n\t\t\t\t\t<div id=\"elementor-tab-content-2411\" class=\"elementor-tab-content elementor-clearfix\" data-tab=\"1\" role=\"tabpanel\" aria-labelledby=\"elementor-tab-title-2411\" tabindex=\"0\" hidden=\"false\"><div class=\"block-product-custom-a\"><ul><\/div><\/ul><p><\/p>\n<\/div>\n\t\t\t\t\t\t\t<\/div>\n\t\t<\/div>\n\t\t\t\t\t\t<\/div>\n\t\t\t\t<\/div>\n\t\t\t\t\t<\/div>\n\t\t<\/div>\n\t\t\t\t\t<\/div>\n\t\t<\/section>\n\t\t\t\t<section class=\"elementor-section elementor-top-section elementor-element elementor-element-59eb3a0 elementor-hidden-desktop elementor-hidden-tablet elementor-hidden-mobile elementor-section-boxed elementor-section-height-default elementor-section-height-default\" data-id=\"59eb3a0\" data-element_type=\"section\">\n\t\t\t\t\t\t<div class=\"elementor-container elementor-column-gap-default\">\n\t\t\t\t\t<div class=\"elementor-column elementor-col-100 elementor-top-column elementor-element elementor-element-7b40905\" data-id=\"7b40905\" data-element_type=\"column\">\n\t\t\t<div class=\"elementor-widget-wrap elementor-element-populated\">\n\t\t\t\t\t\t<div class=\"elementor-element elementor-element-752fdaa elementor-widget elementor-widget-text-editor\" data-id=\"752fdaa\" data-element_type=\"widget\" data-widget_type=\"text-editor.default\">\n\t\t\t\t<div class=\"elementor-widget-container\">\n\t\t\t\t\t\t\t\t\t<p>Descubra tambi\u00e9n&#8230;<\/p>\n\t\t\t\t\t\t\t\t<\/div>\n\t\t\t\t<\/div>\n\t\t\t\t\t<\/div>\n\t\t<\/div>\n\t\t\t\t\t<\/div>\n\t\t<\/section>\n\t\t\t\t<section class=\"elementor-section elementor-top-section elementor-element elementor-element-f9458e1 elementor-hidden-desktop elementor-hidden-tablet elementor-hidden-mobile elementor-section-boxed elementor-section-height-default elementor-section-height-default\" data-id=\"f9458e1\" data-element_type=\"section\">\n\t\t\t\t\t\t<div class=\"elementor-container elementor-column-gap-default\">\n\t\t\t\t\t<div class=\"elementor-column elementor-col-25 elementor-top-column elementor-element elementor-element-e45716a\" data-id=\"e45716a\" data-element_type=\"column\">\n\t\t\t<div class=\"elementor-widget-wrap elementor-element-populated\">\n\t\t\t\t\t\t<section class=\"elementor-section elementor-inner-section elementor-element elementor-element-d071b65 elementor-section-boxed elementor-section-height-default elementor-section-height-default\" data-id=\"d071b65\" data-element_type=\"section\">\n\t\t\t\t\t\t<div class=\"elementor-container elementor-column-gap-default\">\n\t\t\t\t\t<div class=\"elementor-column elementor-col-100 elementor-inner-column elementor-element elementor-element-442366e block-nazione\" data-id=\"442366e\" data-element_type=\"column\">\n\t\t\t<div class=\"elementor-widget-wrap elementor-element-populated\">\n\t\t\t\t\t\t<div class=\"elementor-element elementor-element-320a674 elementor-widget elementor-widget-image\" data-id=\"320a674\" data-element_type=\"widget\" data-widget_type=\"image.default\">\n\t\t\t\t<div class=\"elementor-widget-container\">\n\t\t\t\t\t\t\t\t\t\t\t\t\t\t\t<img decoding=\"async\" width=\"316\" height=\"301\" src=\"https:\/\/ingredients.saccosystem.com\/wp-content\/uploads\/2023\/07\/InViaggio_USA.jpg\" class=\"attachment-full size-full wp-image-8841\" alt=\"\" srcset=\"https:\/\/ingredients.saccosystem.com\/wp-content\/uploads\/2023\/07\/InViaggio_USA.jpg 316w, https:\/\/ingredients.saccosystem.com\/wp-content\/uploads\/2023\/07\/InViaggio_USA-300x286.jpg 300w\" sizes=\"(max-width: 316px) 100vw, 316px\" title=\"\">\t\t\t\t\t\t\t\t\t\t\t\t\t\t\t<\/div>\n\t\t\t\t<\/div>\n\t\t\t\t<div class=\"elementor-element elementor-element-37997a8 elementor-widget elementor-widget-text-editor\" data-id=\"37997a8\" data-element_type=\"widget\" data-widget_type=\"text-editor.default\">\n\t\t\t\t<div class=\"elementor-widget-container\">\n\t\t\t\t\t\t\t\t\t<p>Am\u00e9rica del Sur<\/p>\n\t\t\t\t\t\t\t\t<\/div>\n\t\t\t\t<\/div>\n\t\t\t\t<div class=\"elementor-element elementor-element-a0ca0f4 elementor-widget elementor-widget-text-editor\" data-id=\"a0ca0f4\" data-element_type=\"widget\" data-widget_type=\"text-editor.default\">\n\t\t\t\t<div class=\"elementor-widget-container\">\n\t\t\t\t\t\t\t\t\t<p>Argentina<\/p>\n\t\t\t\t\t\t\t\t<\/div>\n\t\t\t\t<\/div>\n\t\t\t\t<div class=\"elementor-element elementor-element-7340bdc elementor-widget elementor-widget-text-editor\" data-id=\"7340bdc\" data-element_type=\"widget\" data-widget_type=\"text-editor.default\">\n\t\t\t\t<div class=\"elementor-widget-container\">\n\t\t\t\t\t\t\t\t\t<p><a style=\"color: #1f1e9e;\" href=\"https:\/\/ingredients.saccosystem.com\/es\/en-viaje\/argentina\/\">Explore<\/a><\/p>\n\t\t\t\t\t\t\t\t<\/div>\n\t\t\t\t<\/div>\n\t\t\t\t\t<\/div>\n\t\t<\/div>\n\t\t\t\t\t<\/div>\n\t\t<\/section>\n\t\t\t\t\t<\/div>\n\t\t<\/div>\n\t\t\t\t<div class=\"elementor-column elementor-col-25 elementor-top-column elementor-element elementor-element-272109e\" data-id=\"272109e\" data-element_type=\"column\">\n\t\t\t<div class=\"elementor-widget-wrap elementor-element-populated\">\n\t\t\t\t\t\t<section class=\"elementor-section elementor-inner-section elementor-element elementor-element-5121280 elementor-section-boxed elementor-section-height-default elementor-section-height-default\" data-id=\"5121280\" data-element_type=\"section\">\n\t\t\t\t\t\t<div class=\"elementor-container elementor-column-gap-default\">\n\t\t\t\t\t<div class=\"elementor-column elementor-col-100 elementor-inner-column elementor-element elementor-element-2f5a26b block-nazione\" data-id=\"2f5a26b\" data-element_type=\"column\">\n\t\t\t<div class=\"elementor-widget-wrap elementor-element-populated\">\n\t\t\t\t\t\t<div class=\"elementor-element elementor-element-36ee1c9 elementor-widget elementor-widget-image\" data-id=\"36ee1c9\" data-element_type=\"widget\" data-widget_type=\"image.default\">\n\t\t\t\t<div class=\"elementor-widget-container\">\n\t\t\t\t\t\t\t\t\t\t\t\t\t\t\t<img loading=\"lazy\" decoding=\"async\" width=\"316\" height=\"301\" src=\"https:\/\/ingredients.saccosystem.com\/wp-content\/uploads\/2023\/07\/InViaggio_Messico.jpg\" class=\"attachment-full size-full wp-image-8837\" alt=\"\" srcset=\"https:\/\/ingredients.saccosystem.com\/wp-content\/uploads\/2023\/07\/InViaggio_Messico.jpg 316w, https:\/\/ingredients.saccosystem.com\/wp-content\/uploads\/2023\/07\/InViaggio_Messico-300x286.jpg 300w\" sizes=\"(max-width: 316px) 100vw, 316px\" title=\"\">\t\t\t\t\t\t\t\t\t\t\t\t\t\t\t<\/div>\n\t\t\t\t<\/div>\n\t\t\t\t<div class=\"elementor-element elementor-element-8059593 elementor-widget elementor-widget-text-editor\" data-id=\"8059593\" data-element_type=\"widget\" data-widget_type=\"text-editor.default\">\n\t\t\t\t<div class=\"elementor-widget-container\">\n\t\t\t\t\t\t\t\t\t<p>Am\u00e9rica del Sur<\/p>\n\t\t\t\t\t\t\t\t<\/div>\n\t\t\t\t<\/div>\n\t\t\t\t<div class=\"elementor-element elementor-element-0853017 elementor-widget elementor-widget-text-editor\" data-id=\"0853017\" data-element_type=\"widget\" data-widget_type=\"text-editor.default\">\n\t\t\t\t<div class=\"elementor-widget-container\">\n\t\t\t\t\t\t\t\t\t<p>Venezuela<\/p>\n\t\t\t\t\t\t\t\t<\/div>\n\t\t\t\t<\/div>\n\t\t\t\t<div class=\"elementor-element elementor-element-abf0de4 elementor-widget elementor-widget-text-editor\" data-id=\"abf0de4\" data-element_type=\"widget\" data-widget_type=\"text-editor.default\">\n\t\t\t\t<div class=\"elementor-widget-container\">\n\t\t\t\t\t\t\t\t\t<p><a style=\"color: #1f1e9e;\" href=\"https:\/\/ingredients.saccosystem.com\/es\/en-viaje\/venezuela\/\">Explore<\/a><\/p>\n\t\t\t\t\t\t\t\t<\/div>\n\t\t\t\t<\/div>\n\t\t\t\t\t<\/div>\n\t\t<\/div>\n\t\t\t\t\t<\/div>\n\t\t<\/section>\n\t\t\t\t\t<\/div>\n\t\t<\/div>\n\t\t\t\t<div class=\"elementor-column elementor-col-25 elementor-top-column elementor-element elementor-element-035ea3e\" data-id=\"035ea3e\" data-element_type=\"column\">\n\t\t\t<div class=\"elementor-widget-wrap elementor-element-populated\">\n\t\t\t\t\t\t<section class=\"elementor-section elementor-inner-section elementor-element elementor-element-46fbb64 elementor-section-boxed elementor-section-height-default elementor-section-height-default\" data-id=\"46fbb64\" data-element_type=\"section\">\n\t\t\t\t\t\t<div class=\"elementor-container elementor-column-gap-default\">\n\t\t\t\t\t<div class=\"elementor-column elementor-col-100 elementor-inner-column elementor-element elementor-element-d0dfd93 block-nazione\" data-id=\"d0dfd93\" data-element_type=\"column\">\n\t\t\t<div class=\"elementor-widget-wrap elementor-element-populated\">\n\t\t\t\t\t\t<div class=\"elementor-element elementor-element-56531d8 elementor-widget elementor-widget-image\" data-id=\"56531d8\" data-element_type=\"widget\" data-widget_type=\"image.default\">\n\t\t\t\t<div class=\"elementor-widget-container\">\n\t\t\t\t\t\t\t\t\t\t\t\t\t\t\t<img loading=\"lazy\" decoding=\"async\" width=\"316\" height=\"301\" src=\"https:\/\/ingredients.saccosystem.com\/wp-content\/uploads\/2023\/07\/InViaggio_Messico.jpg\" class=\"attachment-full size-full wp-image-8837\" alt=\"\" srcset=\"https:\/\/ingredients.saccosystem.com\/wp-content\/uploads\/2023\/07\/InViaggio_Messico.jpg 316w, https:\/\/ingredients.saccosystem.com\/wp-content\/uploads\/2023\/07\/InViaggio_Messico-300x286.jpg 300w\" sizes=\"(max-width: 316px) 100vw, 316px\" title=\"\">\t\t\t\t\t\t\t\t\t\t\t\t\t\t\t<\/div>\n\t\t\t\t<\/div>\n\t\t\t\t<div class=\"elementor-element elementor-element-4af63f9 elementor-widget elementor-widget-text-editor\" data-id=\"4af63f9\" data-element_type=\"widget\" data-widget_type=\"text-editor.default\">\n\t\t\t\t<div class=\"elementor-widget-container\">\n\t\t\t\t\t\t\t\t\t<p>Europa<\/p>\n\t\t\t\t\t\t\t\t<\/div>\n\t\t\t\t<\/div>\n\t\t\t\t<div class=\"elementor-element elementor-element-1b863c0 elementor-widget elementor-widget-text-editor\" data-id=\"1b863c0\" data-element_type=\"widget\" data-widget_type=\"text-editor.default\">\n\t\t\t\t<div class=\"elementor-widget-container\">\n\t\t\t\t\t\t\t\t\t<p>Rep\u00fablica Checa<\/p>\n\t\t\t\t\t\t\t\t<\/div>\n\t\t\t\t<\/div>\n\t\t\t\t<div class=\"elementor-element elementor-element-197c8e9 elementor-widget elementor-widget-text-editor\" data-id=\"197c8e9\" data-element_type=\"widget\" data-widget_type=\"text-editor.default\">\n\t\t\t\t<div class=\"elementor-widget-container\">\n\t\t\t\t\t\t\t\t\t<p><a style=\"color: #1f1e9e;\" href=\"https:\/\/ingredients.saccosystem.com\/es\/en-viaje\/republica-checa\/\">Explore<\/a><\/p>\n\t\t\t\t\t\t\t\t<\/div>\n\t\t\t\t<\/div>\n\t\t\t\t\t<\/div>\n\t\t<\/div>\n\t\t\t\t\t<\/div>\n\t\t<\/section>\n\t\t\t\t\t<\/div>\n\t\t<\/div>\n\t\t\t\t<div class=\"elementor-column elementor-col-25 elementor-top-column elementor-element elementor-element-73a4d8f\" data-id=\"73a4d8f\" data-element_type=\"column\">\n\t\t\t<div class=\"elementor-widget-wrap elementor-element-populated\">\n\t\t\t\t\t\t<section class=\"elementor-section elementor-inner-section elementor-element elementor-element-c181162 elementor-section-boxed elementor-section-height-default elementor-section-height-default\" data-id=\"c181162\" data-element_type=\"section\">\n\t\t\t\t\t\t<div class=\"elementor-container elementor-column-gap-default\">\n\t\t\t\t\t<div class=\"elementor-column elementor-col-100 elementor-inner-column elementor-element elementor-element-88ca1fb block-nazione\" data-id=\"88ca1fb\" data-element_type=\"column\">\n\t\t\t<div class=\"elementor-widget-wrap elementor-element-populated\">\n\t\t\t\t\t\t<div class=\"elementor-element elementor-element-098ada8 elementor-widget elementor-widget-image\" data-id=\"098ada8\" data-element_type=\"widget\" data-widget_type=\"image.default\">\n\t\t\t\t<div class=\"elementor-widget-container\">\n\t\t\t\t\t\t\t\t\t\t\t\t\t\t\t<img loading=\"lazy\" decoding=\"async\" width=\"316\" height=\"301\" src=\"https:\/\/ingredients.saccosystem.com\/wp-content\/uploads\/2023\/07\/InViaggio_Messico.jpg\" class=\"attachment-full size-full wp-image-8837\" alt=\"\" srcset=\"https:\/\/ingredients.saccosystem.com\/wp-content\/uploads\/2023\/07\/InViaggio_Messico.jpg 316w, https:\/\/ingredients.saccosystem.com\/wp-content\/uploads\/2023\/07\/InViaggio_Messico-300x286.jpg 300w\" sizes=\"(max-width: 316px) 100vw, 316px\" title=\"\">\t\t\t\t\t\t\t\t\t\t\t\t\t\t\t<\/div>\n\t\t\t\t<\/div>\n\t\t\t\t<div class=\"elementor-element elementor-element-701cc5e elementor-widget elementor-widget-text-editor\" data-id=\"701cc5e\" data-element_type=\"widget\" data-widget_type=\"text-editor.default\">\n\t\t\t\t<div class=\"elementor-widget-container\">\n\t\t\t\t\t\t\t\t\t<p>Europa<\/p>\n\t\t\t\t\t\t\t\t<\/div>\n\t\t\t\t<\/div>\n\t\t\t\t<div class=\"elementor-element elementor-element-884221e elementor-widget elementor-widget-text-editor\" data-id=\"884221e\" data-element_type=\"widget\" data-widget_type=\"text-editor.default\">\n\t\t\t\t<div class=\"elementor-widget-container\">\n\t\t\t\t\t\t\t\t\t<p>Eslovaquia<\/p>\n\t\t\t\t\t\t\t\t<\/div>\n\t\t\t\t<\/div>\n\t\t\t\t<div class=\"elementor-element elementor-element-7cf51d0 elementor-widget elementor-widget-text-editor\" data-id=\"7cf51d0\" data-element_type=\"widget\" data-widget_type=\"text-editor.default\">\n\t\t\t\t<div class=\"elementor-widget-container\">\n\t\t\t\t\t\t\t\t\t<p><a style=\"color: #1f1e9e;\" href=\"https:\/\/ingredients.saccosystem.com\/es\/en-viaje\/eslovaquia\/\">Explore<\/a><\/p>\n\t\t\t\t\t\t\t\t<\/div>\n\t\t\t\t<\/div>\n\t\t\t\t\t<\/div>\n\t\t<\/div>\n\t\t\t\t\t<\/div>\n\t\t<\/section>\n\t\t\t\t\t<\/div>\n\t\t<\/div>\n\t\t\t\t\t<\/div>\n\t\t<\/section>\n\t\t\t\t<\/div>\n\t\t","protected":false},"excerpt":{"rendered":"<p>Uruguay Enclavado entre Argentina y Brasil, Uruguay es un pa\u00eds rico en tradici\u00f3n, cultura y encanto. Muchos son los atractivos que pueblan esta tierra: partiendo de la capital Montevideo, pasando por sugerentes destinos tur\u00edsticos como Punta de l&#8217;Este, hasta llegar a Colonia del Sacramento, una peque\u00f1a y antigua ciudad a orillas del R\u00edo de la [&hellip;]<\/p>\n","protected":false},"author":1,"featured_media":0,"parent":9792,"menu_order":0,"comment_status":"closed","ping_status":"closed","template":"","meta":{"_acf_changed":false,"inline_featured_image":false,"footnotes":""},"class_list":["post-9789","page","type-page","status-publish","hentry"],"acf":[],"_links":{"self":[{"href":"https:\/\/ingredients.saccosystem.com\/es\/wp-json\/wp\/v2\/pages\/9789","targetHints":{"allow":["GET"]}}],"collection":[{"href":"https:\/\/ingredients.saccosystem.com\/es\/wp-json\/wp\/v2\/pages"}],"about":[{"href":"https:\/\/ingredients.saccosystem.com\/es\/wp-json\/wp\/v2\/types\/page"}],"author":[{"embeddable":true,"href":"https:\/\/ingredients.saccosystem.com\/es\/wp-json\/wp\/v2\/users\/1"}],"replies":[{"embeddable":true,"href":"https:\/\/ingredients.saccosystem.com\/es\/wp-json\/wp\/v2\/comments?post=9789"}],"version-history":[{"count":5,"href":"https:\/\/ingredients.saccosystem.com\/es\/wp-json\/wp\/v2\/pages\/9789\/revisions"}],"predecessor-version":[{"id":11356,"href":"https:\/\/ingredients.saccosystem.com\/es\/wp-json\/wp\/v2\/pages\/9789\/revisions\/11356"}],"up":[{"embeddable":true,"href":"https:\/\/ingredients.saccosystem.com\/es\/wp-json\/wp\/v2\/pages\/9792"}],"wp:attachment":[{"href":"https:\/\/ingredients.saccosystem.com\/es\/wp-json\/wp\/v2\/media?parent=9789"}],"curies":[{"name":"wp","href":"https:\/\/api.w.org\/{rel}","templated":true}]}}