{"id":9796,"date":"2023-09-15T12:17:24","date_gmt":"2023-09-15T10:17:24","guid":{"rendered":"https:\/\/ingredients.saccosystem.com\/en-viaje\/republica-checa\/"},"modified":"2023-12-07T12:57:05","modified_gmt":"2023-12-07T11:57:05","slug":"republica-checa","status":"publish","type":"page","link":"https:\/\/ingredients.saccosystem.com\/es\/en-viaje\/republica-checa\/","title":{"rendered":"Rep\u00fablica Checa"},"content":{"rendered":"\t\t<div data-elementor-type=\"wp-page\" data-elementor-id=\"9796\" class=\"elementor elementor-9796 elementor-7103\" data-elementor-post-type=\"page\">\n\t\t\t\t\t\t<section class=\"elementor-section elementor-top-section elementor-element elementor-element-c335f2c elementor-section-content-top section-first-paese elementor-section-boxed elementor-section-height-default elementor-section-height-default\" data-id=\"c335f2c\" data-element_type=\"section\">\n\t\t\t\t\t\t<div class=\"elementor-container elementor-column-gap-default\">\n\t\t\t\t\t<div class=\"elementor-column elementor-col-50 elementor-top-column elementor-element elementor-element-be97846\" data-id=\"be97846\" data-element_type=\"column\">\n\t\t\t<div class=\"elementor-widget-wrap elementor-element-populated\">\n\t\t\t\t\t\t<div class=\"elementor-element elementor-element-5290157 elementor-widget elementor-widget-heading\" data-id=\"5290157\" data-element_type=\"widget\" data-widget_type=\"heading.default\">\n\t\t\t\t<div class=\"elementor-widget-container\">\n\t\t\t\t\t<h1 class=\"elementor-heading-title elementor-size-default\">Rep\u00fablica Checa<\/h1>\t\t\t\t<\/div>\n\t\t\t\t<\/div>\n\t\t\t\t<div class=\"elementor-element elementor-element-ccacf59 elementor-hidden-desktop elementor-widget elementor-widget-image\" data-id=\"ccacf59\" data-element_type=\"widget\" data-widget_type=\"image.default\">\n\t\t\t\t<div class=\"elementor-widget-container\">\n\t\t\t\t\t\t\t\t\t\t\t\t\t\t\t<img fetchpriority=\"high\" decoding=\"async\" width=\"1024\" height=\"1024\" src=\"https:\/\/ingredients.saccosystem.com\/wp-content\/uploads\/2023\/09\/RepubblicaCeca-Page.jpg\" class=\"attachment-full size-full wp-image-9581\" alt=\"\" srcset=\"https:\/\/ingredients.saccosystem.com\/wp-content\/uploads\/2023\/09\/RepubblicaCeca-Page.jpg 1024w, https:\/\/ingredients.saccosystem.com\/wp-content\/uploads\/2023\/09\/RepubblicaCeca-Page-300x300.jpg 300w, https:\/\/ingredients.saccosystem.com\/wp-content\/uploads\/2023\/09\/RepubblicaCeca-Page-150x150.jpg 150w, https:\/\/ingredients.saccosystem.com\/wp-content\/uploads\/2023\/09\/RepubblicaCeca-Page-768x768.jpg 768w, https:\/\/ingredients.saccosystem.com\/wp-content\/uploads\/2023\/09\/RepubblicaCeca-Page-600x600.jpg 600w, https:\/\/ingredients.saccosystem.com\/wp-content\/uploads\/2023\/09\/RepubblicaCeca-Page-100x100.jpg 100w\" sizes=\"(max-width: 1024px) 100vw, 1024px\" title=\"\">\t\t\t\t\t\t\t\t\t\t\t\t\t\t\t<\/div>\n\t\t\t\t<\/div>\n\t\t\t\t<div class=\"elementor-element elementor-element-eeff986 elementor-widget elementor-widget-text-editor\" data-id=\"eeff986\" data-element_type=\"widget\" data-widget_type=\"text-editor.default\">\n\t\t\t\t<div class=\"elementor-widget-container\">\n\t\t\t\t\t\t\t\t\t<p><span style=\"font-weight: 400;\">La Rep\u00fablica Checa es el pa\u00eds de las ciudades principescas, caracterizadas por imponentes castillos y opulentos palacios llenos de encanto. A pesar de su peque\u00f1o tama\u00f1o de s\u00f3lo 80.000 kil\u00f3metros cuadrados, cuenta con un inmenso patrimonio natural, hist\u00f3rico y art\u00edstico, con doce monumentos protegidos por la UNESCO y cientos de atracciones incre\u00edbles.  <\/span><span style=\"font-weight: 400;\"><br \/><\/span><span style=\"font-weight: 400;\">Decida donde decida detenerse, quedar\u00e1 impresionado por su acogedora hospitalidad y su sabrosa gastronom\u00eda. Le sorprender\u00e1 especialmente la cocina regional de Bohemia, en gran medida influida por el microclima de la regi\u00f3n: al estar rodeada de monta\u00f1as, la  <\/span><span style=\"font-weight: 400;\">Bohemia<\/span><span style=\"font-weight: 400;\"> produce una enorme variedad de <\/span><span style=\"font-weight: 400;\">fruta<\/span><span style=\"font-weight: 400;\">, <\/span><span style=\"font-weight: 400;\">verdur<\/span><span style=\"font-weight: 400;\">a, <\/span><span style=\"font-weight: 400;\">setas<\/span><span style=\"font-weight: 400;\">y <\/span><span style=\"font-weight: 400;\">cereales<\/span><span style=\"font-weight: 400;\"> que, combinados con la presencia de nuestros INgredientes, crean un men\u00fa culinario sabroso y variado. <\/span> <\/p>\n<p><b>Descubra los mejores productos de la gastronom\u00eda checa bajo la marca IN y disfrute de un viaje de bondad y bienestar.  <\/b><\/p>\n\t\t\t\t\t\t\t\t<\/div>\n\t\t\t\t<\/div>\n\t\t\t\t\t<\/div>\n\t\t<\/div>\n\t\t\t\t<div class=\"elementor-column elementor-col-50 elementor-top-column elementor-element elementor-element-d16d6d8\" data-id=\"d16d6d8\" data-element_type=\"column\">\n\t\t\t<div class=\"elementor-widget-wrap elementor-element-populated\">\n\t\t\t\t\t\t<div class=\"elementor-element elementor-element-41d0c69 elementor-hidden-tablet elementor-hidden-mobile elementor-widget elementor-widget-image\" data-id=\"41d0c69\" data-element_type=\"widget\" data-widget_type=\"image.default\">\n\t\t\t\t<div class=\"elementor-widget-container\">\n\t\t\t\t\t\t\t\t\t\t\t\t\t\t\t<img fetchpriority=\"high\" decoding=\"async\" width=\"1024\" height=\"1024\" src=\"https:\/\/ingredients.saccosystem.com\/wp-content\/uploads\/2023\/09\/RepubblicaCeca-Page.jpg\" class=\"attachment-full size-full wp-image-9581\" alt=\"\" srcset=\"https:\/\/ingredients.saccosystem.com\/wp-content\/uploads\/2023\/09\/RepubblicaCeca-Page.jpg 1024w, https:\/\/ingredients.saccosystem.com\/wp-content\/uploads\/2023\/09\/RepubblicaCeca-Page-300x300.jpg 300w, https:\/\/ingredients.saccosystem.com\/wp-content\/uploads\/2023\/09\/RepubblicaCeca-Page-150x150.jpg 150w, https:\/\/ingredients.saccosystem.com\/wp-content\/uploads\/2023\/09\/RepubblicaCeca-Page-768x768.jpg 768w, https:\/\/ingredients.saccosystem.com\/wp-content\/uploads\/2023\/09\/RepubblicaCeca-Page-600x600.jpg 600w, https:\/\/ingredients.saccosystem.com\/wp-content\/uploads\/2023\/09\/RepubblicaCeca-Page-100x100.jpg 100w\" sizes=\"(max-width: 1024px) 100vw, 1024px\" title=\"\">\t\t\t\t\t\t\t\t\t\t\t\t\t\t\t<\/div>\n\t\t\t\t<\/div>\n\t\t\t\t\t<\/div>\n\t\t<\/div>\n\t\t\t\t\t<\/div>\n\t\t<\/section>\n\t\t\t\t<section class=\"elementor-section elementor-top-section elementor-element elementor-element-ad8fb88 elementor-section-full_width section-nazione-single elementor-section-height-default elementor-section-height-default\" data-id=\"ad8fb88\" data-element_type=\"section\" data-settings=\"{&quot;background_background&quot;:&quot;classic&quot;}\">\n\t\t\t\t\t\t<div class=\"elementor-container elementor-column-gap-default\">\n\t\t\t\t\t<div class=\"elementor-column elementor-col-100 elementor-top-column elementor-element elementor-element-4627f87\" data-id=\"4627f87\" data-element_type=\"column\">\n\t\t\t<div class=\"elementor-widget-wrap elementor-element-populated\">\n\t\t\t\t\t\t<section class=\"elementor-section elementor-inner-section elementor-element elementor-element-33a8eb2 elementor-section-full_width elementor-section-content-space-evenly elementor-section-height-default elementor-section-height-default\" data-id=\"33a8eb2\" data-element_type=\"section\">\n\t\t\t\t\t\t<div class=\"elementor-container elementor-column-gap-custom\">\n\t\t\t\t\t<div class=\"elementor-column elementor-col-33 elementor-inner-column elementor-element elementor-element-02b1175\" data-id=\"02b1175\" data-element_type=\"column\">\n\t\t\t<div class=\"elementor-widget-wrap elementor-element-populated\">\n\t\t\t\t\t\t<div class=\"elementor-element elementor-element-7642a1b elementor-widget elementor-widget-image\" data-id=\"7642a1b\" data-element_type=\"widget\" data-widget_type=\"image.default\">\n\t\t\t\t<div class=\"elementor-widget-container\">\n\t\t\t\t\t\t\t\t\t\t\t\t\t\t\t<img decoding=\"async\" width=\"699\" height=\"664\" src=\"https:\/\/ingredients.saccosystem.com\/wp-content\/uploads\/2023\/11\/Repubblica-Ceca.png\" class=\"attachment-large size-large wp-image-9679\" alt=\"\" srcset=\"https:\/\/ingredients.saccosystem.com\/wp-content\/uploads\/2023\/11\/Repubblica-Ceca.png 699w, https:\/\/ingredients.saccosystem.com\/wp-content\/uploads\/2023\/11\/Repubblica-Ceca-300x285.png 300w, https:\/\/ingredients.saccosystem.com\/wp-content\/uploads\/2023\/11\/Repubblica-Ceca-600x570.png 600w\" sizes=\"(max-width: 699px) 100vw, 699px\" title=\"\">\t\t\t\t\t\t\t\t\t\t\t\t\t\t\t<\/div>\n\t\t\t\t<\/div>\n\t\t\t\t\t<\/div>\n\t\t<\/div>\n\t\t\t\t<div class=\"elementor-column elementor-col-66 elementor-inner-column elementor-element elementor-element-973a19f\" data-id=\"973a19f\" data-element_type=\"column\">\n\t\t\t<div class=\"elementor-widget-wrap elementor-element-populated\">\n\t\t\t\t\t\t<div class=\"woocommerce elementor-element elementor-element-cfbf5d7 carousel-prodotti carousel-paese carousel-paese-custom-a elementor-pagination-type-bullets elementor-pagination-position-outside elementor-widget elementor-widget-loop-carousel\" data-id=\"cfbf5d7\" data-element_type=\"widget\" data-settings=\"{&quot;template_id&quot;:10285,&quot;_skin&quot;:&quot;product&quot;,&quot;slides_to_show&quot;:&quot;2&quot;,&quot;slides_to_show_tablet&quot;:&quot;2&quot;,&quot;slides_to_show_mobile&quot;:&quot;1&quot;,&quot;slides_to_scroll&quot;:&quot;1&quot;,&quot;edit_handle_selector&quot;:&quot;.elementor-loop-container&quot;,&quot;autoplay&quot;:&quot;yes&quot;,&quot;autoplay_speed&quot;:5000,&quot;pause_on_hover&quot;:&quot;yes&quot;,&quot;pause_on_interaction&quot;:&quot;yes&quot;,&quot;infinite&quot;:&quot;yes&quot;,&quot;speed&quot;:500,&quot;offset_sides&quot;:&quot;none&quot;,&quot;pagination&quot;:&quot;bullets&quot;,&quot;image_spacing_custom&quot;:{&quot;unit&quot;:&quot;px&quot;,&quot;size&quot;:10,&quot;sizes&quot;:[]},&quot;image_spacing_custom_tablet&quot;:{&quot;unit&quot;:&quot;px&quot;,&quot;size&quot;:&quot;&quot;,&quot;sizes&quot;:[]},&quot;image_spacing_custom_mobile&quot;:{&quot;unit&quot;:&quot;px&quot;,&quot;size&quot;:&quot;&quot;,&quot;sizes&quot;:[]}}\" data-widget_type=\"loop-carousel.product\">\n\t\t\t\t<div class=\"elementor-widget-container\">\n\t\t\t\t\t\t\t<div class=\"e-loop-nothing-found-message\">\n\t\t<\/div>\n\t\t\t\t\t\t<\/div>\n\t\t\t\t<\/div>\n\t\t\t\t\t<\/div>\n\t\t<\/div>\n\t\t\t\t\t<\/div>\n\t\t<\/section>\n\t\t\t\t\t<\/div>\n\t\t<\/div>\n\t\t\t\t\t<\/div>\n\t\t<\/section>\n\t\t\t\t<section class=\"elementor-section elementor-top-section elementor-element elementor-element-bc9346e elementor-section-boxed elementor-section-height-default elementor-section-height-default\" data-id=\"bc9346e\" data-element_type=\"section\" data-settings=\"{&quot;background_background&quot;:&quot;classic&quot;}\">\n\t\t\t\t\t\t<div class=\"elementor-container elementor-column-gap-default\">\n\t\t\t\t\t<div class=\"elementor-column elementor-col-100 elementor-top-column elementor-element elementor-element-3ed1103\" data-id=\"3ed1103\" data-element_type=\"column\">\n\t\t\t<div class=\"elementor-widget-wrap elementor-element-populated\">\n\t\t\t\t\t\t<div class=\"elementor-element elementor-element-399ad97 elementor-widget elementor-widget-heading\" data-id=\"399ad97\" data-element_type=\"widget\" data-widget_type=\"heading.default\">\n\t\t\t\t<div class=\"elementor-widget-container\">\n\t\t\t\t\t<h2 class=\"elementor-heading-title elementor-size-default\">INgredientes en la Rep\u00fablica Checa...<\/h2>\t\t\t\t<\/div>\n\t\t\t\t<\/div>\n\t\t\t\t<div class=\"elementor-element elementor-element-170dd34 elementor-tabs-alignment-center tab-nazionalita elementor-tabs-view-horizontal elementor-widget elementor-widget-tabs\" data-id=\"170dd34\" data-element_type=\"widget\" data-widget_type=\"tabs.default\">\n\t\t\t\t<div class=\"elementor-widget-container\">\n\t\t\t\t\t\t\t<div class=\"elementor-tabs\">\n\t\t\t<div class=\"elementor-tabs-wrapper\" role=\"tablist\" >\n\t\t\t\t\t\t\t\t\t<div id=\"elementor-tab-title-2411\" class=\"elementor-tab-title elementor-tab-desktop-title\" aria-selected=\"true\" data-tab=\"1\" role=\"tab\" tabindex=\"0\" aria-controls=\"elementor-tab-content-2411\" aria-expanded=\"false\">Productos<\/div>\n\t\t\t\t\t\t\t<\/div>\n\t\t\t<div class=\"elementor-tabs-content-wrapper\" role=\"tablist\" aria-orientation=\"vertical\">\n\t\t\t\t\t\t\t\t\t<div class=\"elementor-tab-title elementor-tab-mobile-title\" aria-selected=\"true\" data-tab=\"1\" role=\"tab\" tabindex=\"0\" aria-controls=\"elementor-tab-content-2411\" aria-expanded=\"false\">Productos<\/div>\n\t\t\t\t\t<div id=\"elementor-tab-content-2411\" class=\"elementor-tab-content elementor-clearfix\" data-tab=\"1\" role=\"tabpanel\" aria-labelledby=\"elementor-tab-title-2411\" tabindex=\"0\" hidden=\"false\"><div class=\"block-product-custom-a\"><ul><\/div><\/ul><p><\/p>\n<\/div>\n\t\t\t\t\t\t\t<\/div>\n\t\t<\/div>\n\t\t\t\t\t\t<\/div>\n\t\t\t\t<\/div>\n\t\t\t\t\t<\/div>\n\t\t<\/div>\n\t\t\t\t\t<\/div>\n\t\t<\/section>\n\t\t\t\t<section class=\"elementor-section elementor-top-section elementor-element elementor-element-59eb3a0 elementor-hidden-desktop elementor-hidden-tablet elementor-hidden-mobile elementor-section-boxed elementor-section-height-default elementor-section-height-default\" data-id=\"59eb3a0\" data-element_type=\"section\">\n\t\t\t\t\t\t<div class=\"elementor-container elementor-column-gap-default\">\n\t\t\t\t\t<div class=\"elementor-column elementor-col-100 elementor-top-column elementor-element elementor-element-7b40905\" data-id=\"7b40905\" data-element_type=\"column\">\n\t\t\t<div class=\"elementor-widget-wrap elementor-element-populated\">\n\t\t\t\t\t\t<div class=\"elementor-element elementor-element-752fdaa elementor-widget elementor-widget-text-editor\" data-id=\"752fdaa\" data-element_type=\"widget\" data-widget_type=\"text-editor.default\">\n\t\t\t\t<div class=\"elementor-widget-container\">\n\t\t\t\t\t\t\t\t\t<p>Descubra tambi\u00e9n&#8230;<\/p>\n\t\t\t\t\t\t\t\t<\/div>\n\t\t\t\t<\/div>\n\t\t\t\t\t<\/div>\n\t\t<\/div>\n\t\t\t\t\t<\/div>\n\t\t<\/section>\n\t\t\t\t<section class=\"elementor-section elementor-top-section elementor-element elementor-element-f9458e1 elementor-hidden-desktop elementor-hidden-tablet elementor-hidden-mobile elementor-section-boxed elementor-section-height-default elementor-section-height-default\" data-id=\"f9458e1\" data-element_type=\"section\">\n\t\t\t\t\t\t<div class=\"elementor-container elementor-column-gap-default\">\n\t\t\t\t\t<div class=\"elementor-column elementor-col-25 elementor-top-column elementor-element elementor-element-e45716a\" data-id=\"e45716a\" data-element_type=\"column\">\n\t\t\t<div class=\"elementor-widget-wrap elementor-element-populated\">\n\t\t\t\t\t\t<section class=\"elementor-section elementor-inner-section elementor-element elementor-element-d071b65 elementor-section-boxed elementor-section-height-default elementor-section-height-default\" data-id=\"d071b65\" data-element_type=\"section\">\n\t\t\t\t\t\t<div class=\"elementor-container elementor-column-gap-default\">\n\t\t\t\t\t<div class=\"elementor-column elementor-col-100 elementor-inner-column elementor-element elementor-element-442366e block-nazione\" data-id=\"442366e\" data-element_type=\"column\">\n\t\t\t<div class=\"elementor-widget-wrap elementor-element-populated\">\n\t\t\t\t\t\t<div class=\"elementor-element elementor-element-320a674 elementor-widget elementor-widget-image\" data-id=\"320a674\" data-element_type=\"widget\" data-widget_type=\"image.default\">\n\t\t\t\t<div class=\"elementor-widget-container\">\n\t\t\t\t\t\t\t\t\t\t\t\t\t\t\t<img decoding=\"async\" width=\"316\" height=\"301\" src=\"https:\/\/ingredients.saccosystem.com\/wp-content\/uploads\/2023\/07\/InViaggio_USA.jpg\" class=\"attachment-full size-full wp-image-8841\" alt=\"\" srcset=\"https:\/\/ingredients.saccosystem.com\/wp-content\/uploads\/2023\/07\/InViaggio_USA.jpg 316w, https:\/\/ingredients.saccosystem.com\/wp-content\/uploads\/2023\/07\/InViaggio_USA-300x286.jpg 300w\" sizes=\"(max-width: 316px) 100vw, 316px\" title=\"\">\t\t\t\t\t\t\t\t\t\t\t\t\t\t\t<\/div>\n\t\t\t\t<\/div>\n\t\t\t\t<div class=\"elementor-element elementor-element-37997a8 elementor-widget elementor-widget-text-editor\" data-id=\"37997a8\" data-element_type=\"widget\" data-widget_type=\"text-editor.default\">\n\t\t\t\t<div class=\"elementor-widget-container\">\n\t\t\t\t\t\t\t\t\t<p>Am\u00e9rica<\/p>\n\t\t\t\t\t\t\t\t<\/div>\n\t\t\t\t<\/div>\n\t\t\t\t<div class=\"elementor-element elementor-element-a0ca0f4 elementor-widget elementor-widget-text-editor\" data-id=\"a0ca0f4\" data-element_type=\"widget\" data-widget_type=\"text-editor.default\">\n\t\t\t\t<div class=\"elementor-widget-container\">\n\t\t\t\t\t\t\t\t\t<p>EE.UU.<\/p>\n\t\t\t\t\t\t\t\t<\/div>\n\t\t\t\t<\/div>\n\t\t\t\t<div class=\"elementor-element elementor-element-7340bdc elementor-widget elementor-widget-text-editor\" data-id=\"7340bdc\" data-element_type=\"widget\" data-widget_type=\"text-editor.default\">\n\t\t\t\t<div class=\"elementor-widget-container\">\n\t\t\t\t\t\t\t\t\t<p><a style=\"color: #1f1e9e;\" href=\"https:\/\/ingredients.saccosystem.com\/usa\/\">Explore<\/a><\/p>\n\t\t\t\t\t\t\t\t<\/div>\n\t\t\t\t<\/div>\n\t\t\t\t\t<\/div>\n\t\t<\/div>\n\t\t\t\t\t<\/div>\n\t\t<\/section>\n\t\t\t\t\t<\/div>\n\t\t<\/div>\n\t\t\t\t<div class=\"elementor-column elementor-col-25 elementor-top-column elementor-element elementor-element-272109e\" data-id=\"272109e\" data-element_type=\"column\">\n\t\t\t<div class=\"elementor-widget-wrap elementor-element-populated\">\n\t\t\t\t\t\t<section class=\"elementor-section elementor-inner-section elementor-element elementor-element-5121280 elementor-section-boxed elementor-section-height-default elementor-section-height-default\" data-id=\"5121280\" data-element_type=\"section\">\n\t\t\t\t\t\t<div class=\"elementor-container elementor-column-gap-default\">\n\t\t\t\t\t<div class=\"elementor-column elementor-col-100 elementor-inner-column elementor-element elementor-element-2f5a26b block-nazione\" data-id=\"2f5a26b\" data-element_type=\"column\">\n\t\t\t<div class=\"elementor-widget-wrap elementor-element-populated\">\n\t\t\t\t\t\t<div class=\"elementor-element elementor-element-36ee1c9 elementor-widget elementor-widget-image\" data-id=\"36ee1c9\" data-element_type=\"widget\" data-widget_type=\"image.default\">\n\t\t\t\t<div class=\"elementor-widget-container\">\n\t\t\t\t\t\t\t\t\t\t\t\t\t\t\t<img loading=\"lazy\" decoding=\"async\" width=\"316\" height=\"301\" src=\"https:\/\/ingredients.saccosystem.com\/wp-content\/uploads\/2023\/07\/InViaggio_Messico.jpg\" class=\"attachment-full size-full wp-image-8837\" alt=\"\" srcset=\"https:\/\/ingredients.saccosystem.com\/wp-content\/uploads\/2023\/07\/InViaggio_Messico.jpg 316w, https:\/\/ingredients.saccosystem.com\/wp-content\/uploads\/2023\/07\/InViaggio_Messico-300x286.jpg 300w\" sizes=\"(max-width: 316px) 100vw, 316px\" title=\"\">\t\t\t\t\t\t\t\t\t\t\t\t\t\t\t<\/div>\n\t\t\t\t<\/div>\n\t\t\t\t<div class=\"elementor-element elementor-element-8059593 elementor-widget elementor-widget-text-editor\" data-id=\"8059593\" data-element_type=\"widget\" data-widget_type=\"text-editor.default\">\n\t\t\t\t<div class=\"elementor-widget-container\">\n\t\t\t\t\t\t\t\t\t<p>Am\u00e9rica<\/p>\n\t\t\t\t\t\t\t\t<\/div>\n\t\t\t\t<\/div>\n\t\t\t\t<div class=\"elementor-element elementor-element-0853017 elementor-widget elementor-widget-text-editor\" data-id=\"0853017\" data-element_type=\"widget\" data-widget_type=\"text-editor.default\">\n\t\t\t\t<div class=\"elementor-widget-container\">\n\t\t\t\t\t\t\t\t\t<p>M\u00e9xico<\/p>\n\t\t\t\t\t\t\t\t<\/div>\n\t\t\t\t<\/div>\n\t\t\t\t<div class=\"elementor-element elementor-element-abf0de4 elementor-widget elementor-widget-text-editor\" data-id=\"abf0de4\" data-element_type=\"widget\" data-widget_type=\"text-editor.default\">\n\t\t\t\t<div class=\"elementor-widget-container\">\n\t\t\t\t\t\t\t\t\t<p><a style=\"color: #1f1e9e;\" href=\"https:\/\/ingredients.saccosystem.com\/messico\/\">Explore<\/a><\/p>\n\t\t\t\t\t\t\t\t<\/div>\n\t\t\t\t<\/div>\n\t\t\t\t\t<\/div>\n\t\t<\/div>\n\t\t\t\t\t<\/div>\n\t\t<\/section>\n\t\t\t\t\t<\/div>\n\t\t<\/div>\n\t\t\t\t<div class=\"elementor-column elementor-col-25 elementor-top-column elementor-element elementor-element-035ea3e\" data-id=\"035ea3e\" data-element_type=\"column\">\n\t\t\t<div class=\"elementor-widget-wrap\">\n\t\t\t\t\t\t\t<\/div>\n\t\t<\/div>\n\t\t\t\t<div class=\"elementor-column elementor-col-25 elementor-top-column elementor-element elementor-element-73a4d8f\" data-id=\"73a4d8f\" data-element_type=\"column\">\n\t\t\t<div class=\"elementor-widget-wrap\">\n\t\t\t\t\t\t\t<\/div>\n\t\t<\/div>\n\t\t\t\t\t<\/div>\n\t\t<\/section>\n\t\t\t\t<\/div>\n\t\t","protected":false},"excerpt":{"rendered":"<p>Rep\u00fablica Checa La Rep\u00fablica Checa es el pa\u00eds de las ciudades principescas, caracterizadas por imponentes castillos y opulentos palacios llenos de encanto. A pesar de su peque\u00f1o tama\u00f1o de s\u00f3lo 80.000 kil\u00f3metros cuadrados, cuenta con un inmenso patrimonio natural, hist\u00f3rico y art\u00edstico, con doce monumentos protegidos por la UNESCO y cientos de atracciones incre\u00edbles. Decida [&hellip;]<\/p>\n","protected":false},"author":1,"featured_media":0,"parent":9792,"menu_order":0,"comment_status":"closed","ping_status":"closed","template":"","meta":{"_acf_changed":false,"inline_featured_image":false,"footnotes":""},"class_list":["post-9796","page","type-page","status-publish","hentry"],"acf":[],"_links":{"self":[{"href":"https:\/\/ingredients.saccosystem.com\/es\/wp-json\/wp\/v2\/pages\/9796","targetHints":{"allow":["GET"]}}],"collection":[{"href":"https:\/\/ingredients.saccosystem.com\/es\/wp-json\/wp\/v2\/pages"}],"about":[{"href":"https:\/\/ingredients.saccosystem.com\/es\/wp-json\/wp\/v2\/types\/page"}],"author":[{"embeddable":true,"href":"https:\/\/ingredients.saccosystem.com\/es\/wp-json\/wp\/v2\/users\/1"}],"replies":[{"embeddable":true,"href":"https:\/\/ingredients.saccosystem.com\/es\/wp-json\/wp\/v2\/comments?post=9796"}],"version-history":[{"count":3,"href":"https:\/\/ingredients.saccosystem.com\/es\/wp-json\/wp\/v2\/pages\/9796\/revisions"}],"predecessor-version":[{"id":9849,"href":"https:\/\/ingredients.saccosystem.com\/es\/wp-json\/wp\/v2\/pages\/9796\/revisions\/9849"}],"up":[{"embeddable":true,"href":"https:\/\/ingredients.saccosystem.com\/es\/wp-json\/wp\/v2\/pages\/9792"}],"wp:attachment":[{"href":"https:\/\/ingredients.saccosystem.com\/es\/wp-json\/wp\/v2\/media?parent=9796"}],"curies":[{"name":"wp","href":"https:\/\/api.w.org\/{rel}","templated":true}]}}