{"id":9861,"date":"2023-09-15T12:17:46","date_gmt":"2023-09-15T10:17:46","guid":{"rendered":"https:\/\/ingredients.saccosystem.com\/en-viaje\/venezuela\/"},"modified":"2023-12-07T12:57:17","modified_gmt":"2023-12-07T11:57:17","slug":"venezuela","status":"publish","type":"page","link":"https:\/\/ingredients.saccosystem.com\/es\/en-viaje\/venezuela\/","title":{"rendered":"Venezuela"},"content":{"rendered":"\t\t<div data-elementor-type=\"wp-page\" data-elementor-id=\"9861\" class=\"elementor elementor-9861 elementor-7105\" data-elementor-post-type=\"page\">\n\t\t\t\t\t\t<section class=\"elementor-section elementor-top-section elementor-element elementor-element-c335f2c elementor-section-content-top section-first-paese elementor-section-boxed elementor-section-height-default elementor-section-height-default\" data-id=\"c335f2c\" data-element_type=\"section\">\n\t\t\t\t\t\t<div class=\"elementor-container elementor-column-gap-default\">\n\t\t\t\t\t<div class=\"elementor-column elementor-col-50 elementor-top-column elementor-element elementor-element-be97846\" data-id=\"be97846\" data-element_type=\"column\">\n\t\t\t<div class=\"elementor-widget-wrap elementor-element-populated\">\n\t\t\t\t\t\t<div class=\"elementor-element elementor-element-5290157 elementor-widget elementor-widget-heading\" data-id=\"5290157\" data-element_type=\"widget\" data-widget_type=\"heading.default\">\n\t\t\t\t<div class=\"elementor-widget-container\">\n\t\t\t\t\t<h1 class=\"elementor-heading-title elementor-size-default\">Venezuela<\/h1>\t\t\t\t<\/div>\n\t\t\t\t<\/div>\n\t\t\t\t<div class=\"elementor-element elementor-element-ccacf59 elementor-hidden-desktop elementor-widget elementor-widget-image\" data-id=\"ccacf59\" data-element_type=\"widget\" data-widget_type=\"image.default\">\n\t\t\t\t<div class=\"elementor-widget-container\">\n\t\t\t\t\t\t\t\t\t\t\t\t\t\t\t<img fetchpriority=\"high\" decoding=\"async\" width=\"1024\" height=\"1024\" src=\"https:\/\/ingredients.saccosystem.com\/wp-content\/uploads\/2023\/09\/Venezuela-Page.jpg\" class=\"attachment-full size-full wp-image-9583\" alt=\"\" srcset=\"https:\/\/ingredients.saccosystem.com\/wp-content\/uploads\/2023\/09\/Venezuela-Page.jpg 1024w, https:\/\/ingredients.saccosystem.com\/wp-content\/uploads\/2023\/09\/Venezuela-Page-300x300.jpg 300w, https:\/\/ingredients.saccosystem.com\/wp-content\/uploads\/2023\/09\/Venezuela-Page-150x150.jpg 150w, https:\/\/ingredients.saccosystem.com\/wp-content\/uploads\/2023\/09\/Venezuela-Page-768x768.jpg 768w, https:\/\/ingredients.saccosystem.com\/wp-content\/uploads\/2023\/09\/Venezuela-Page-600x600.jpg 600w, https:\/\/ingredients.saccosystem.com\/wp-content\/uploads\/2023\/09\/Venezuela-Page-100x100.jpg 100w\" sizes=\"(max-width: 1024px) 100vw, 1024px\" title=\"\">\t\t\t\t\t\t\t\t\t\t\t\t\t\t\t<\/div>\n\t\t\t\t<\/div>\n\t\t\t\t<div class=\"elementor-element elementor-element-eeff986 elementor-widget elementor-widget-text-editor\" data-id=\"eeff986\" data-element_type=\"widget\" data-widget_type=\"text-editor.default\">\n\t\t\t\t<div class=\"elementor-widget-container\">\n\t\t\t\t\t\t\t\t\t<p><span style=\"font-weight: 400;\">Situada en la costa norte de Sudam\u00e9rica, Venezuela es una tierra de mil contrastes fascinantes: aqu\u00ed, inmensas playas caribe\u00f1as bordeadas de palmeras conviven con cumbres andinas nevadas y h\u00famedas selvas amaz\u00f3nicas, recreando paisajes sobrecogedores.  <\/span><\/p>\n<p><span style=\"font-weight: 400;\">La gastronom\u00eda de Venezuela tambi\u00e9n es muy variada, dependiendo del lugar al que se vaya. Cada rinc\u00f3n tiene sus propios ingredientes, fragancias y platos, que combinan antiguas recetas ind\u00edgenas -que se remontan a antes de la conquista de Am\u00e9rica- con claras influencias europeas y africanas.<\/span><\/p>\n<p><b>Vuela a Venezuela con nosotros y descubre los productos m\u00e1s sabrosos de esta tierra, enriquecidos por la calidad de nuestros INgredientes.  <\/b><\/p>\n\t\t\t\t\t\t\t\t<\/div>\n\t\t\t\t<\/div>\n\t\t\t\t\t<\/div>\n\t\t<\/div>\n\t\t\t\t<div class=\"elementor-column elementor-col-50 elementor-top-column elementor-element elementor-element-d16d6d8\" data-id=\"d16d6d8\" data-element_type=\"column\">\n\t\t\t<div class=\"elementor-widget-wrap elementor-element-populated\">\n\t\t\t\t\t\t<div class=\"elementor-element elementor-element-41d0c69 elementor-hidden-tablet elementor-hidden-mobile elementor-widget elementor-widget-image\" data-id=\"41d0c69\" data-element_type=\"widget\" data-widget_type=\"image.default\">\n\t\t\t\t<div class=\"elementor-widget-container\">\n\t\t\t\t\t\t\t\t\t\t\t\t\t\t\t<img fetchpriority=\"high\" decoding=\"async\" width=\"1024\" height=\"1024\" src=\"https:\/\/ingredients.saccosystem.com\/wp-content\/uploads\/2023\/09\/Venezuela-Page.jpg\" class=\"attachment-full size-full wp-image-9583\" alt=\"\" srcset=\"https:\/\/ingredients.saccosystem.com\/wp-content\/uploads\/2023\/09\/Venezuela-Page.jpg 1024w, https:\/\/ingredients.saccosystem.com\/wp-content\/uploads\/2023\/09\/Venezuela-Page-300x300.jpg 300w, https:\/\/ingredients.saccosystem.com\/wp-content\/uploads\/2023\/09\/Venezuela-Page-150x150.jpg 150w, https:\/\/ingredients.saccosystem.com\/wp-content\/uploads\/2023\/09\/Venezuela-Page-768x768.jpg 768w, https:\/\/ingredients.saccosystem.com\/wp-content\/uploads\/2023\/09\/Venezuela-Page-600x600.jpg 600w, https:\/\/ingredients.saccosystem.com\/wp-content\/uploads\/2023\/09\/Venezuela-Page-100x100.jpg 100w\" sizes=\"(max-width: 1024px) 100vw, 1024px\" title=\"\">\t\t\t\t\t\t\t\t\t\t\t\t\t\t\t<\/div>\n\t\t\t\t<\/div>\n\t\t\t\t\t<\/div>\n\t\t<\/div>\n\t\t\t\t\t<\/div>\n\t\t<\/section>\n\t\t\t\t<section class=\"elementor-section elementor-top-section elementor-element elementor-element-ad8fb88 elementor-section-full_width section-nazione-single elementor-section-height-default elementor-section-height-default\" data-id=\"ad8fb88\" data-element_type=\"section\" data-settings=\"{&quot;background_background&quot;:&quot;classic&quot;}\">\n\t\t\t\t\t\t<div class=\"elementor-container elementor-column-gap-default\">\n\t\t\t\t\t<div class=\"elementor-column elementor-col-100 elementor-top-column elementor-element elementor-element-4627f87\" data-id=\"4627f87\" data-element_type=\"column\">\n\t\t\t<div class=\"elementor-widget-wrap elementor-element-populated\">\n\t\t\t\t\t\t<section class=\"elementor-section elementor-inner-section elementor-element elementor-element-33a8eb2 elementor-section-full_width elementor-section-content-space-evenly elementor-section-height-default elementor-section-height-default\" data-id=\"33a8eb2\" data-element_type=\"section\">\n\t\t\t\t\t\t<div class=\"elementor-container elementor-column-gap-custom\">\n\t\t\t\t\t<div class=\"elementor-column elementor-col-33 elementor-inner-column elementor-element elementor-element-02b1175\" data-id=\"02b1175\" data-element_type=\"column\">\n\t\t\t<div class=\"elementor-widget-wrap elementor-element-populated\">\n\t\t\t\t\t\t<div class=\"elementor-element elementor-element-7642a1b elementor-widget elementor-widget-image\" data-id=\"7642a1b\" data-element_type=\"widget\" data-widget_type=\"image.default\">\n\t\t\t\t<div class=\"elementor-widget-container\">\n\t\t\t\t\t\t\t\t\t\t\t\t\t\t\t<img decoding=\"async\" width=\"699\" height=\"664\" src=\"https:\/\/ingredients.saccosystem.com\/wp-content\/uploads\/2023\/11\/Venezuela.png\" class=\"attachment-large size-large wp-image-9677\" alt=\"\" srcset=\"https:\/\/ingredients.saccosystem.com\/wp-content\/uploads\/2023\/11\/Venezuela.png 699w, https:\/\/ingredients.saccosystem.com\/wp-content\/uploads\/2023\/11\/Venezuela-300x285.png 300w, https:\/\/ingredients.saccosystem.com\/wp-content\/uploads\/2023\/11\/Venezuela-600x570.png 600w\" sizes=\"(max-width: 699px) 100vw, 699px\" title=\"\">\t\t\t\t\t\t\t\t\t\t\t\t\t\t\t<\/div>\n\t\t\t\t<\/div>\n\t\t\t\t\t<\/div>\n\t\t<\/div>\n\t\t\t\t<div class=\"elementor-column elementor-col-66 elementor-inner-column elementor-element elementor-element-973a19f\" data-id=\"973a19f\" data-element_type=\"column\">\n\t\t\t<div class=\"elementor-widget-wrap elementor-element-populated\">\n\t\t\t\t\t\t<div class=\"woocommerce elementor-element elementor-element-cfbf5d7 carousel-prodotti carousel-paese carousel-paese-custom-a elementor-pagination-type-bullets elementor-pagination-position-outside elementor-widget elementor-widget-loop-carousel\" data-id=\"cfbf5d7\" data-element_type=\"widget\" data-settings=\"{&quot;template_id&quot;:10285,&quot;_skin&quot;:&quot;product&quot;,&quot;slides_to_show&quot;:&quot;2&quot;,&quot;slides_to_show_tablet&quot;:&quot;2&quot;,&quot;slides_to_show_mobile&quot;:&quot;1&quot;,&quot;slides_to_scroll&quot;:&quot;1&quot;,&quot;edit_handle_selector&quot;:&quot;.elementor-loop-container&quot;,&quot;autoplay&quot;:&quot;yes&quot;,&quot;autoplay_speed&quot;:5000,&quot;pause_on_hover&quot;:&quot;yes&quot;,&quot;pause_on_interaction&quot;:&quot;yes&quot;,&quot;infinite&quot;:&quot;yes&quot;,&quot;speed&quot;:500,&quot;offset_sides&quot;:&quot;none&quot;,&quot;pagination&quot;:&quot;bullets&quot;,&quot;image_spacing_custom&quot;:{&quot;unit&quot;:&quot;px&quot;,&quot;size&quot;:10,&quot;sizes&quot;:[]},&quot;image_spacing_custom_tablet&quot;:{&quot;unit&quot;:&quot;px&quot;,&quot;size&quot;:&quot;&quot;,&quot;sizes&quot;:[]},&quot;image_spacing_custom_mobile&quot;:{&quot;unit&quot;:&quot;px&quot;,&quot;size&quot;:&quot;&quot;,&quot;sizes&quot;:[]}}\" data-widget_type=\"loop-carousel.product\">\n\t\t\t\t<div class=\"elementor-widget-container\">\n\t\t\t\t\t\t\t<div class=\"e-loop-nothing-found-message\">\n\t\t<\/div>\n\t\t\t\t\t\t<\/div>\n\t\t\t\t<\/div>\n\t\t\t\t\t<\/div>\n\t\t<\/div>\n\t\t\t\t\t<\/div>\n\t\t<\/section>\n\t\t\t\t\t<\/div>\n\t\t<\/div>\n\t\t\t\t\t<\/div>\n\t\t<\/section>\n\t\t\t\t<section class=\"elementor-section elementor-top-section elementor-element elementor-element-bc9346e elementor-section-boxed elementor-section-height-default elementor-section-height-default\" data-id=\"bc9346e\" data-element_type=\"section\" data-settings=\"{&quot;background_background&quot;:&quot;classic&quot;}\">\n\t\t\t\t\t\t<div class=\"elementor-container elementor-column-gap-default\">\n\t\t\t\t\t<div class=\"elementor-column elementor-col-100 elementor-top-column elementor-element elementor-element-3ed1103\" data-id=\"3ed1103\" data-element_type=\"column\">\n\t\t\t<div class=\"elementor-widget-wrap elementor-element-populated\">\n\t\t\t\t\t\t<div class=\"elementor-element elementor-element-399ad97 elementor-widget elementor-widget-heading\" data-id=\"399ad97\" data-element_type=\"widget\" data-widget_type=\"heading.default\">\n\t\t\t\t<div class=\"elementor-widget-container\">\n\t\t\t\t\t<h2 class=\"elementor-heading-title elementor-size-default\">Ingredientes en Venezuela...<\/h2>\t\t\t\t<\/div>\n\t\t\t\t<\/div>\n\t\t\t\t<div class=\"elementor-element elementor-element-170dd34 elementor-tabs-alignment-center tab-nazionalita elementor-tabs-view-horizontal elementor-widget elementor-widget-tabs\" data-id=\"170dd34\" data-element_type=\"widget\" data-widget_type=\"tabs.default\">\n\t\t\t\t<div class=\"elementor-widget-container\">\n\t\t\t\t\t\t\t<div class=\"elementor-tabs\">\n\t\t\t<div class=\"elementor-tabs-wrapper\" role=\"tablist\" >\n\t\t\t\t\t\t\t\t\t<div id=\"elementor-tab-title-2411\" class=\"elementor-tab-title elementor-tab-desktop-title\" aria-selected=\"true\" data-tab=\"1\" role=\"tab\" tabindex=\"0\" aria-controls=\"elementor-tab-content-2411\" aria-expanded=\"false\">Productos<\/div>\n\t\t\t\t\t\t\t\t\t<div id=\"elementor-tab-title-2412\" class=\"elementor-tab-title elementor-tab-desktop-title\" aria-selected=\"false\" data-tab=\"2\" role=\"tab\" tabindex=\"-1\" aria-controls=\"elementor-tab-content-2412\" aria-expanded=\"false\">Empresas<\/div>\n\t\t\t\t\t\t\t<\/div>\n\t\t\t<div class=\"elementor-tabs-content-wrapper\" role=\"tablist\" aria-orientation=\"vertical\">\n\t\t\t\t\t\t\t\t\t<div class=\"elementor-tab-title elementor-tab-mobile-title\" aria-selected=\"true\" data-tab=\"1\" role=\"tab\" tabindex=\"0\" aria-controls=\"elementor-tab-content-2411\" aria-expanded=\"false\">Productos<\/div>\n\t\t\t\t\t<div id=\"elementor-tab-content-2411\" class=\"elementor-tab-content elementor-clearfix\" data-tab=\"1\" role=\"tabpanel\" aria-labelledby=\"elementor-tab-title-2411\" tabindex=\"0\" hidden=\"false\"><div class=\"block-product-custom-a\"><ul><li>\n\t\t\t\t<div class=\"wrap-product-custom-a\">\n\t\t\t\t\t<div class=\"wrap-image-product-custom-a\">\n\t\t\t\t\t\t<a href=\"https:\/\/ingredients.saccosystem.com\/es\/prodotto\/burrata-bufalinda\/\"><img decoding=\"async\" src=\"https:\/\/ingredients.saccosystem.com\/wp-content\/uploads\/2023\/09\/Burrata.jpg\" title=\"image Burrata Bufalinda\" alt=\"Burrata Bufalinda\"\/><\/a>\n\t\t\t\t\t<\/div>\n\t\t\t\t\t<div class=\"content-product-custom-a\">\n\t\t\t\t\t\t<a href=\"https:\/\/ingredients.saccosystem.com\/es\/prodotto\/burrata-bufalinda\/\"><h3 class=\"title-product-custom-a\">Burrata Bufalinda<\/h3><\/a>\n\t\t\t\t\t\t<p class=\"brand-product-custom-a\">Bufalinda<\/p>\n\t\t\t\t\t\t<p class=\"tipologia-product-custom-a\">Queso fresco<\/p>\n\t\t\t\t\t<\/div>\n\t\t\t\t<\/div>\n\t\t\t<\/li><li>\n\t\t\t\t<div class=\"wrap-product-custom-a\">\n\t\t\t\t\t<div class=\"wrap-image-product-custom-a\">\n\t\t\t\t\t\t<a href=\"https:\/\/ingredients.saccosystem.com\/es\/prodotto\/feta-bufalinda\/\"><img decoding=\"async\" src=\"https:\/\/ingredients.saccosystem.com\/wp-content\/uploads\/2023\/09\/feta-e1694079996574.jpg\" title=\"image Feta Bufalinda\" alt=\"Feta Bufalinda\"\/><\/a>\n\t\t\t\t\t<\/div>\n\t\t\t\t\t<div class=\"content-product-custom-a\">\n\t\t\t\t\t\t<a href=\"https:\/\/ingredients.saccosystem.com\/es\/prodotto\/feta-bufalinda\/\"><h3 class=\"title-product-custom-a\">Feta Bufalinda<\/h3><\/a>\n\t\t\t\t\t\t<p class=\"brand-product-custom-a\">Bufalinda<\/p>\n\t\t\t\t\t\t<p class=\"tipologia-product-custom-a\">Queso fresco<\/p>\n\t\t\t\t\t<\/div>\n\t\t\t\t<\/div>\n\t\t\t<\/li><li>\n\t\t\t\t<div class=\"wrap-product-custom-a\">\n\t\t\t\t\t<div class=\"wrap-image-product-custom-a\">\n\t\t\t\t\t\t<a href=\"https:\/\/ingredients.saccosystem.com\/es\/prodotto\/yogur-natural-el-griego-bufalinda\/\"><img decoding=\"async\" src=\"https:\/\/ingredients.saccosystem.com\/wp-content\/uploads\/2023\/09\/Yogurt-e1694078927422.jpg\" title=\"image Yogur Natural El Griego Bufalinda\" alt=\"Yogur Natural El Griego Bufalinda\"\/><\/a>\n\t\t\t\t\t<\/div>\n\t\t\t\t\t<div class=\"content-product-custom-a\">\n\t\t\t\t\t\t<a href=\"https:\/\/ingredients.saccosystem.com\/es\/prodotto\/yogur-natural-el-griego-bufalinda\/\"><h3 class=\"title-product-custom-a\">Yogur Natural El Griego Bufalinda<\/h3><\/a>\n\t\t\t\t\t\t<p class=\"brand-product-custom-a\">Bufalinda<\/p>\n\t\t\t\t\t\t<p class=\"tipologia-product-custom-a\">Yogur colado<\/p>\n\t\t\t\t\t<\/div>\n\t\t\t\t<\/div>\n\t\t\t<\/li><\/div><\/ul><p><\/p>\n<\/div>\n\t\t\t\t\t\t\t\t\t<div class=\"elementor-tab-title elementor-tab-mobile-title\" aria-selected=\"false\" data-tab=\"2\" role=\"tab\" tabindex=\"-1\" aria-controls=\"elementor-tab-content-2412\" aria-expanded=\"false\">Empresas<\/div>\n\t\t\t\t\t<div id=\"elementor-tab-content-2412\" class=\"elementor-tab-content elementor-clearfix\" data-tab=\"2\" role=\"tabpanel\" aria-labelledby=\"elementor-tab-title-2412\" tabindex=\"0\" hidden=\"hidden\"><\/div>\n\t\t\t\t\t\t\t<\/div>\n\t\t<\/div>\n\t\t\t\t\t\t<\/div>\n\t\t\t\t<\/div>\n\t\t\t\t\t<\/div>\n\t\t<\/div>\n\t\t\t\t\t<\/div>\n\t\t<\/section>\n\t\t\t\t<section class=\"elementor-section elementor-top-section elementor-element elementor-element-59eb3a0 elementor-hidden-desktop elementor-hidden-tablet elementor-hidden-mobile elementor-section-boxed elementor-section-height-default elementor-section-height-default\" data-id=\"59eb3a0\" data-element_type=\"section\">\n\t\t\t\t\t\t<div class=\"elementor-container elementor-column-gap-default\">\n\t\t\t\t\t<div class=\"elementor-column elementor-col-100 elementor-top-column elementor-element elementor-element-7b40905\" data-id=\"7b40905\" data-element_type=\"column\">\n\t\t\t<div class=\"elementor-widget-wrap elementor-element-populated\">\n\t\t\t\t\t\t<div class=\"elementor-element elementor-element-752fdaa elementor-widget elementor-widget-text-editor\" data-id=\"752fdaa\" data-element_type=\"widget\" data-widget_type=\"text-editor.default\">\n\t\t\t\t<div class=\"elementor-widget-container\">\n\t\t\t\t\t\t\t\t\t<p>Descubra tambi\u00e9n&#8230;<\/p>\n\t\t\t\t\t\t\t\t<\/div>\n\t\t\t\t<\/div>\n\t\t\t\t\t<\/div>\n\t\t<\/div>\n\t\t\t\t\t<\/div>\n\t\t<\/section>\n\t\t\t\t<section class=\"elementor-section elementor-top-section elementor-element elementor-element-f9458e1 elementor-hidden-desktop elementor-hidden-tablet elementor-hidden-mobile elementor-section-boxed elementor-section-height-default elementor-section-height-default\" data-id=\"f9458e1\" data-element_type=\"section\">\n\t\t\t\t\t\t<div class=\"elementor-container elementor-column-gap-default\">\n\t\t\t\t\t<div class=\"elementor-column elementor-col-25 elementor-top-column elementor-element elementor-element-e45716a\" data-id=\"e45716a\" data-element_type=\"column\">\n\t\t\t<div class=\"elementor-widget-wrap elementor-element-populated\">\n\t\t\t\t\t\t<section class=\"elementor-section elementor-inner-section elementor-element elementor-element-d071b65 elementor-section-boxed elementor-section-height-default elementor-section-height-default\" data-id=\"d071b65\" data-element_type=\"section\">\n\t\t\t\t\t\t<div class=\"elementor-container elementor-column-gap-default\">\n\t\t\t\t\t<div class=\"elementor-column elementor-col-100 elementor-inner-column elementor-element elementor-element-442366e block-nazione\" data-id=\"442366e\" data-element_type=\"column\">\n\t\t\t<div class=\"elementor-widget-wrap elementor-element-populated\">\n\t\t\t\t\t\t<div class=\"elementor-element elementor-element-320a674 elementor-widget elementor-widget-image\" data-id=\"320a674\" data-element_type=\"widget\" data-widget_type=\"image.default\">\n\t\t\t\t<div class=\"elementor-widget-container\">\n\t\t\t\t\t\t\t\t\t\t\t\t\t\t\t<img decoding=\"async\" width=\"316\" height=\"301\" src=\"https:\/\/ingredients.saccosystem.com\/wp-content\/uploads\/2023\/07\/InViaggio_USA.jpg\" class=\"attachment-full size-full wp-image-8841\" alt=\"\" srcset=\"https:\/\/ingredients.saccosystem.com\/wp-content\/uploads\/2023\/07\/InViaggio_USA.jpg 316w, https:\/\/ingredients.saccosystem.com\/wp-content\/uploads\/2023\/07\/InViaggio_USA-300x286.jpg 300w\" sizes=\"(max-width: 316px) 100vw, 316px\" title=\"\">\t\t\t\t\t\t\t\t\t\t\t\t\t\t\t<\/div>\n\t\t\t\t<\/div>\n\t\t\t\t<div class=\"elementor-element elementor-element-37997a8 elementor-widget elementor-widget-text-editor\" data-id=\"37997a8\" data-element_type=\"widget\" data-widget_type=\"text-editor.default\">\n\t\t\t\t<div class=\"elementor-widget-container\">\n\t\t\t\t\t\t\t\t\t<p>Am\u00e9rica<\/p>\n\t\t\t\t\t\t\t\t<\/div>\n\t\t\t\t<\/div>\n\t\t\t\t<div class=\"elementor-element elementor-element-a0ca0f4 elementor-widget elementor-widget-text-editor\" data-id=\"a0ca0f4\" data-element_type=\"widget\" data-widget_type=\"text-editor.default\">\n\t\t\t\t<div class=\"elementor-widget-container\">\n\t\t\t\t\t\t\t\t\t<p>EE.UU.<\/p>\n\t\t\t\t\t\t\t\t<\/div>\n\t\t\t\t<\/div>\n\t\t\t\t<div class=\"elementor-element elementor-element-7340bdc elementor-widget elementor-widget-text-editor\" data-id=\"7340bdc\" data-element_type=\"widget\" data-widget_type=\"text-editor.default\">\n\t\t\t\t<div class=\"elementor-widget-container\">\n\t\t\t\t\t\t\t\t\t<p><a style=\"color: #1f1e9e;\" href=\"https:\/\/ingredients.saccosystem.com\/usa\/\">Explore<\/a><\/p>\n\t\t\t\t\t\t\t\t<\/div>\n\t\t\t\t<\/div>\n\t\t\t\t\t<\/div>\n\t\t<\/div>\n\t\t\t\t\t<\/div>\n\t\t<\/section>\n\t\t\t\t\t<\/div>\n\t\t<\/div>\n\t\t\t\t<div class=\"elementor-column elementor-col-25 elementor-top-column elementor-element elementor-element-272109e\" data-id=\"272109e\" data-element_type=\"column\">\n\t\t\t<div class=\"elementor-widget-wrap elementor-element-populated\">\n\t\t\t\t\t\t<section class=\"elementor-section elementor-inner-section elementor-element elementor-element-5121280 elementor-section-boxed elementor-section-height-default elementor-section-height-default\" data-id=\"5121280\" data-element_type=\"section\">\n\t\t\t\t\t\t<div class=\"elementor-container elementor-column-gap-default\">\n\t\t\t\t\t<div class=\"elementor-column elementor-col-100 elementor-inner-column elementor-element elementor-element-2f5a26b block-nazione\" data-id=\"2f5a26b\" data-element_type=\"column\">\n\t\t\t<div class=\"elementor-widget-wrap elementor-element-populated\">\n\t\t\t\t\t\t<div class=\"elementor-element elementor-element-36ee1c9 elementor-widget elementor-widget-image\" data-id=\"36ee1c9\" data-element_type=\"widget\" data-widget_type=\"image.default\">\n\t\t\t\t<div class=\"elementor-widget-container\">\n\t\t\t\t\t\t\t\t\t\t\t\t\t\t\t<img loading=\"lazy\" decoding=\"async\" width=\"316\" height=\"301\" src=\"https:\/\/ingredients.saccosystem.com\/wp-content\/uploads\/2023\/07\/InViaggio_Messico.jpg\" class=\"attachment-full size-full wp-image-8837\" alt=\"\" srcset=\"https:\/\/ingredients.saccosystem.com\/wp-content\/uploads\/2023\/07\/InViaggio_Messico.jpg 316w, https:\/\/ingredients.saccosystem.com\/wp-content\/uploads\/2023\/07\/InViaggio_Messico-300x286.jpg 300w\" sizes=\"(max-width: 316px) 100vw, 316px\" title=\"\">\t\t\t\t\t\t\t\t\t\t\t\t\t\t\t<\/div>\n\t\t\t\t<\/div>\n\t\t\t\t<div class=\"elementor-element elementor-element-8059593 elementor-widget elementor-widget-text-editor\" data-id=\"8059593\" data-element_type=\"widget\" data-widget_type=\"text-editor.default\">\n\t\t\t\t<div class=\"elementor-widget-container\">\n\t\t\t\t\t\t\t\t\t<p>Am\u00e9rica<\/p>\n\t\t\t\t\t\t\t\t<\/div>\n\t\t\t\t<\/div>\n\t\t\t\t<div class=\"elementor-element elementor-element-0853017 elementor-widget elementor-widget-text-editor\" data-id=\"0853017\" data-element_type=\"widget\" data-widget_type=\"text-editor.default\">\n\t\t\t\t<div class=\"elementor-widget-container\">\n\t\t\t\t\t\t\t\t\t<p>M\u00e9xico<\/p>\n\t\t\t\t\t\t\t\t<\/div>\n\t\t\t\t<\/div>\n\t\t\t\t<div class=\"elementor-element elementor-element-abf0de4 elementor-widget elementor-widget-text-editor\" data-id=\"abf0de4\" data-element_type=\"widget\" data-widget_type=\"text-editor.default\">\n\t\t\t\t<div class=\"elementor-widget-container\">\n\t\t\t\t\t\t\t\t\t<p><a style=\"color: #1f1e9e;\" href=\"https:\/\/ingredients.saccosystem.com\/?page_id=8433\">Explore<\/a><\/p>\n\t\t\t\t\t\t\t\t<\/div>\n\t\t\t\t<\/div>\n\t\t\t\t\t<\/div>\n\t\t<\/div>\n\t\t\t\t\t<\/div>\n\t\t<\/section>\n\t\t\t\t\t<\/div>\n\t\t<\/div>\n\t\t\t\t<div class=\"elementor-column elementor-col-25 elementor-top-column elementor-element elementor-element-035ea3e\" data-id=\"035ea3e\" data-element_type=\"column\">\n\t\t\t<div class=\"elementor-widget-wrap\">\n\t\t\t\t\t\t\t<\/div>\n\t\t<\/div>\n\t\t\t\t<div class=\"elementor-column elementor-col-25 elementor-top-column elementor-element elementor-element-73a4d8f\" data-id=\"73a4d8f\" data-element_type=\"column\">\n\t\t\t<div class=\"elementor-widget-wrap\">\n\t\t\t\t\t\t\t<\/div>\n\t\t<\/div>\n\t\t\t\t\t<\/div>\n\t\t<\/section>\n\t\t\t\t<\/div>\n\t\t","protected":false},"excerpt":{"rendered":"<p>Venezuela Situada en la costa norte de Sudam\u00e9rica, Venezuela es una tierra de mil contrastes fascinantes: aqu\u00ed, inmensas playas caribe\u00f1as bordeadas de palmeras conviven con cumbres andinas nevadas y h\u00famedas selvas amaz\u00f3nicas, recreando paisajes sobrecogedores. La gastronom\u00eda de Venezuela tambi\u00e9n es muy variada, dependiendo del lugar al que se vaya. Cada rinc\u00f3n tiene sus propios [&hellip;]<\/p>\n","protected":false},"author":1,"featured_media":0,"parent":9792,"menu_order":0,"comment_status":"closed","ping_status":"closed","template":"","meta":{"_acf_changed":false,"inline_featured_image":false,"footnotes":""},"class_list":["post-9861","page","type-page","status-publish","hentry"],"acf":[],"_links":{"self":[{"href":"https:\/\/ingredients.saccosystem.com\/es\/wp-json\/wp\/v2\/pages\/9861","targetHints":{"allow":["GET"]}}],"collection":[{"href":"https:\/\/ingredients.saccosystem.com\/es\/wp-json\/wp\/v2\/pages"}],"about":[{"href":"https:\/\/ingredients.saccosystem.com\/es\/wp-json\/wp\/v2\/types\/page"}],"author":[{"embeddable":true,"href":"https:\/\/ingredients.saccosystem.com\/es\/wp-json\/wp\/v2\/users\/1"}],"replies":[{"embeddable":true,"href":"https:\/\/ingredients.saccosystem.com\/es\/wp-json\/wp\/v2\/comments?post=9861"}],"version-history":[{"count":3,"href":"https:\/\/ingredients.saccosystem.com\/es\/wp-json\/wp\/v2\/pages\/9861\/revisions"}],"predecessor-version":[{"id":9898,"href":"https:\/\/ingredients.saccosystem.com\/es\/wp-json\/wp\/v2\/pages\/9861\/revisions\/9898"}],"up":[{"embeddable":true,"href":"https:\/\/ingredients.saccosystem.com\/es\/wp-json\/wp\/v2\/pages\/9792"}],"wp:attachment":[{"href":"https:\/\/ingredients.saccosystem.com\/es\/wp-json\/wp\/v2\/media?parent=9861"}],"curies":[{"name":"wp","href":"https:\/\/api.w.org\/{rel}","templated":true}]}}