{"id":10411,"date":"2023-08-07T09:10:49","date_gmt":"2023-08-07T07:10:49","guid":{"rendered":"https:\/\/ingredients.saccosystem.com\/prodotto\/robiolina-3b-leche\/"},"modified":"2024-01-17T17:15:01","modified_gmt":"2024-01-17T16:15:01","slug":"robiolina-3b-leche","status":"publish","type":"product","link":"https:\/\/ingredients.saccosystem.com\/es\/prodotto\/robiolina-3b-leche\/","title":{"rendered":"Robiolina 3B Leche"},"content":{"rendered":"","protected":false},"excerpt":{"rendered":"<p>Queso untable t\u00edpico de la tradici\u00f3n lombarda, obtenido mediante una larga fermentaci\u00f3n a partir de leche en la que las enzimas l\u00e1cteas tienen tiempo de liberar sus aromas, de sabor rico, cremoso y arom\u00e1tico.<\/p>\n","protected":false},"featured_media":9121,"comment_status":"closed","ping_status":"closed","template":"","meta":{"_acf_changed":false,"inline_featured_image":false},"product_brand":[],"product_cat":[371,372,373,599],"product_tag":[],"class_list":{"0":"post-10411","1":"product","2":"type-product","3":"status-publish","4":"has-post-thumbnail","6":"product_cat-delicias-de-temporada","7":"product_cat-imprescindible","8":"product_cat-pagina-de-inicio-destacada","9":"product_cat-quesos","10":"pa_brand-3b-latte-es","11":"pa_nazionalita-italia-es","12":"pa_tipologia-queso-fresco","14":"first","15":"instock","16":"shipping-taxable","17":"product-type-simple"},"acf":[],"_links":{"self":[{"href":"https:\/\/ingredients.saccosystem.com\/es\/wp-json\/wp\/v2\/product\/10411","targetHints":{"allow":["GET"]}}],"collection":[{"href":"https:\/\/ingredients.saccosystem.com\/es\/wp-json\/wp\/v2\/product"}],"about":[{"href":"https:\/\/ingredients.saccosystem.com\/es\/wp-json\/wp\/v2\/types\/product"}],"replies":[{"embeddable":true,"href":"https:\/\/ingredients.saccosystem.com\/es\/wp-json\/wp\/v2\/comments?post=10411"}],"wp:featuredmedia":[{"embeddable":true,"href":"https:\/\/ingredients.saccosystem.com\/es\/wp-json\/wp\/v2\/media\/9121"}],"wp:attachment":[{"href":"https:\/\/ingredients.saccosystem.com\/es\/wp-json\/wp\/v2\/media?parent=10411"}],"wp:term":[{"taxonomy":"product_brand","embeddable":true,"href":"https:\/\/ingredients.saccosystem.com\/es\/wp-json\/wp\/v2\/product_brand?post=10411"},{"taxonomy":"product_cat","embeddable":true,"href":"https:\/\/ingredients.saccosystem.com\/es\/wp-json\/wp\/v2\/product_cat?post=10411"},{"taxonomy":"product_tag","embeddable":true,"href":"https:\/\/ingredients.saccosystem.com\/es\/wp-json\/wp\/v2\/product_tag?post=10411"}],"curies":[{"name":"wp","href":"https:\/\/api.w.org\/{rel}","templated":true}]}}