{"id":10415,"date":"2023-08-07T12:10:17","date_gmt":"2023-08-07T10:10:17","guid":{"rendered":"https:\/\/ingredients.saccosystem.com\/prodotto\/leche-de-bufala-camembert-bio-3b\/"},"modified":"2024-07-17T15:11:29","modified_gmt":"2024-07-17T13:11:29","slug":"leche-de-bufala-camembert-bio-3b","status":"publish","type":"product","link":"https:\/\/ingredients.saccosystem.com\/es\/prodotto\/leche-de-bufala-camembert-bio-3b\/","title":{"rendered":"Leche de b\u00fafala Camembert BIO 3B"},"content":{"rendered":"","protected":false},"excerpt":{"rendered":"<p>Queso de corteza floreada elaborado con leche de b\u00fafala de cr\u00eda ecol\u00f3gica<\/p>\n","protected":false},"featured_media":9409,"comment_status":"closed","ping_status":"closed","template":"","meta":{"_acf_changed":false,"inline_featured_image":false},"product_brand":[],"product_cat":[371,382,372,599],"product_tag":[],"class_list":{"0":"post-10415","1":"product","2":"type-product","3":"status-publish","4":"has-post-thumbnail","6":"product_cat-delicias-de-temporada","7":"product_cat-destacados","8":"product_cat-imprescindible","9":"product_cat-quesos","10":"pa_brand-3b-latte-es","11":"pa_nazionalita-italia-es","12":"pa_tipologia-queso-bio","13":"pa_tipologia-queso-fresco","15":"first","16":"instock","17":"shipping-taxable","18":"product-type-simple"},"acf":[],"_links":{"self":[{"href":"https:\/\/ingredients.saccosystem.com\/es\/wp-json\/wp\/v2\/product\/10415","targetHints":{"allow":["GET"]}}],"collection":[{"href":"https:\/\/ingredients.saccosystem.com\/es\/wp-json\/wp\/v2\/product"}],"about":[{"href":"https:\/\/ingredients.saccosystem.com\/es\/wp-json\/wp\/v2\/types\/product"}],"replies":[{"embeddable":true,"href":"https:\/\/ingredients.saccosystem.com\/es\/wp-json\/wp\/v2\/comments?post=10415"}],"wp:featuredmedia":[{"embeddable":true,"href":"https:\/\/ingredients.saccosystem.com\/es\/wp-json\/wp\/v2\/media\/9409"}],"wp:attachment":[{"href":"https:\/\/ingredients.saccosystem.com\/es\/wp-json\/wp\/v2\/media?parent=10415"}],"wp:term":[{"taxonomy":"product_brand","embeddable":true,"href":"https:\/\/ingredients.saccosystem.com\/es\/wp-json\/wp\/v2\/product_brand?post=10415"},{"taxonomy":"product_cat","embeddable":true,"href":"https:\/\/ingredients.saccosystem.com\/es\/wp-json\/wp\/v2\/product_cat?post=10415"},{"taxonomy":"product_tag","embeddable":true,"href":"https:\/\/ingredients.saccosystem.com\/es\/wp-json\/wp\/v2\/product_tag?post=10415"}],"curies":[{"name":"wp","href":"https:\/\/api.w.org\/{rel}","templated":true}]}}