{"id":10417,"date":"2023-08-07T14:46:31","date_gmt":"2023-08-07T12:46:31","guid":{"rendered":"https:\/\/ingredients.saccosystem.com\/prodotto\/crudo-bajo-manteca\/"},"modified":"2024-07-17T15:09:49","modified_gmt":"2024-07-17T13:09:49","slug":"crudo-bajo-manteca","status":"publish","type":"product","link":"https:\/\/ingredients.saccosystem.com\/es\/prodotto\/crudo-bajo-manteca\/","title":{"rendered":"Crudo bajo manteca"},"content":{"rendered":"","protected":false},"excerpt":{"rendered":"<p>Cuando se habla de salami crudo, surge la pregunta de si puede conservarse durante mucho tiempo. Con este m\u00e9todo ancestral, es decir, con manteca de cerdo pura, nuestro salchich\u00f3n crudo, tras una cuidadosa preparaci\u00f3n, puede conservarse durante muchos meses, para lo que es imprescindible mantenerlo a baja temperatura y totalmente cubierto de esta grasa, un excelente conservante natural.<\/p>\n","protected":false},"featured_media":8921,"comment_status":"closed","ping_status":"closed","template":"","meta":{"_acf_changed":false,"inline_featured_image":false},"product_brand":[],"product_cat":[686],"product_tag":[],"class_list":{"0":"post-10417","1":"product","2":"type-product","3":"status-publish","4":"has-post-thumbnail","6":"product_cat-salumi-es","7":"pa_brand-barberis-salumi-es","8":"pa_nazionalita-italia-es","9":"pa_tipologia-salami-es","11":"first","12":"instock","13":"shipping-taxable","14":"product-type-simple"},"acf":[],"_links":{"self":[{"href":"https:\/\/ingredients.saccosystem.com\/es\/wp-json\/wp\/v2\/product\/10417","targetHints":{"allow":["GET"]}}],"collection":[{"href":"https:\/\/ingredients.saccosystem.com\/es\/wp-json\/wp\/v2\/product"}],"about":[{"href":"https:\/\/ingredients.saccosystem.com\/es\/wp-json\/wp\/v2\/types\/product"}],"replies":[{"embeddable":true,"href":"https:\/\/ingredients.saccosystem.com\/es\/wp-json\/wp\/v2\/comments?post=10417"}],"wp:featuredmedia":[{"embeddable":true,"href":"https:\/\/ingredients.saccosystem.com\/es\/wp-json\/wp\/v2\/media\/8921"}],"wp:attachment":[{"href":"https:\/\/ingredients.saccosystem.com\/es\/wp-json\/wp\/v2\/media?parent=10417"}],"wp:term":[{"taxonomy":"product_brand","embeddable":true,"href":"https:\/\/ingredients.saccosystem.com\/es\/wp-json\/wp\/v2\/product_brand?post=10417"},{"taxonomy":"product_cat","embeddable":true,"href":"https:\/\/ingredients.saccosystem.com\/es\/wp-json\/wp\/v2\/product_cat?post=10417"},{"taxonomy":"product_tag","embeddable":true,"href":"https:\/\/ingredients.saccosystem.com\/es\/wp-json\/wp\/v2\/product_tag?post=10417"}],"curies":[{"name":"wp","href":"https:\/\/api.w.org\/{rel}","templated":true}]}}