{"id":10419,"date":"2023-07-24T10:51:15","date_gmt":"2023-07-24T08:51:15","guid":{"rendered":"https:\/\/ingredients.saccosystem.com\/prodotto\/beber-yogur-platano\/"},"modified":"2024-07-17T15:11:40","modified_gmt":"2024-07-17T13:11:40","slug":"beber-yogur-platano","status":"publish","type":"product","link":"https:\/\/ingredients.saccosystem.com\/es\/prodotto\/beber-yogur-platano\/","title":{"rendered":"Beber Yogur Pl\u00e1tano"},"content":{"rendered":"","protected":false},"excerpt":{"rendered":"<p>La amplia gama de yogures bebibles MILA se elabora con leche 100% del Tirol del Sur y el sistema Fermenti Sacco. La selecci\u00f3n de los ingredientes y su h\u00e1bil elaboraci\u00f3n confieren a nuestros yogures bebibles una cremosidad especial y un sabor con cuerpo.<\/p>\n","protected":false},"featured_media":9095,"comment_status":"closed","ping_status":"closed","template":"","meta":{"_acf_changed":false,"inline_featured_image":false},"product_brand":[],"product_cat":[483],"product_tag":[],"class_list":{"0":"post-10419","1":"product","2":"type-product","3":"status-publish","4":"has-post-thumbnail","6":"product_cat-yogur","7":"pa_brand-mila-es","8":"pa_nazionalita-italia-es","9":"pa_tipologia-beber-yogur","11":"first","12":"instock","13":"shipping-taxable","14":"product-type-simple"},"acf":[],"_links":{"self":[{"href":"https:\/\/ingredients.saccosystem.com\/es\/wp-json\/wp\/v2\/product\/10419","targetHints":{"allow":["GET"]}}],"collection":[{"href":"https:\/\/ingredients.saccosystem.com\/es\/wp-json\/wp\/v2\/product"}],"about":[{"href":"https:\/\/ingredients.saccosystem.com\/es\/wp-json\/wp\/v2\/types\/product"}],"replies":[{"embeddable":true,"href":"https:\/\/ingredients.saccosystem.com\/es\/wp-json\/wp\/v2\/comments?post=10419"}],"wp:featuredmedia":[{"embeddable":true,"href":"https:\/\/ingredients.saccosystem.com\/es\/wp-json\/wp\/v2\/media\/9095"}],"wp:attachment":[{"href":"https:\/\/ingredients.saccosystem.com\/es\/wp-json\/wp\/v2\/media?parent=10419"}],"wp:term":[{"taxonomy":"product_brand","embeddable":true,"href":"https:\/\/ingredients.saccosystem.com\/es\/wp-json\/wp\/v2\/product_brand?post=10419"},{"taxonomy":"product_cat","embeddable":true,"href":"https:\/\/ingredients.saccosystem.com\/es\/wp-json\/wp\/v2\/product_cat?post=10419"},{"taxonomy":"product_tag","embeddable":true,"href":"https:\/\/ingredients.saccosystem.com\/es\/wp-json\/wp\/v2\/product_tag?post=10419"}],"curies":[{"name":"wp","href":"https:\/\/api.w.org\/{rel}","templated":true}]}}