{"id":10422,"date":"2023-08-07T15:18:06","date_gmt":"2023-08-07T13:18:06","guid":{"rendered":"https:\/\/ingredients.saccosystem.com\/prodotto\/gran-saboya\/"},"modified":"2024-07-17T15:09:03","modified_gmt":"2024-07-17T13:09:03","slug":"gran-saboya","status":"publish","type":"product","link":"https:\/\/ingredients.saccosystem.com\/es\/prodotto\/gran-saboya\/","title":{"rendered":"Gran Saboya"},"content":{"rendered":"","protected":false},"excerpt":{"rendered":"<p>El Gran Sabaudo se procesa del mismo modo que los dem\u00e1s salamis crudos. La principal diferencia es que se embute en una tripa natural mucho m\u00e1s fina, es de menor tama\u00f1o y, por tanto, est\u00e1 listo para el consumo al cabo de 7 d\u00edas.<\/p>\n<p><strong>FILA DE NO.4 SALAMI CON PESOS INDIVIDUALES QUE VAR\u00cdAN DE 120 GR. A 150 GR.<\/strong><\/p>\n<p>Tambi\u00e9n disponible en versi\u00f3n m\u00e1s peque\u00f1a: <strong>Mignon Sabaudo<\/strong> es el salami crudo m\u00e1s peque\u00f1o de Barberis. Su peque\u00f1o tama\u00f1o lo hace ideal para un tentempi\u00e9 r\u00e1pido. Al igual que su hermano mayor Gran Sabaudo, est\u00e1 listo para ser consumido ya despu\u00e9s de 7 d\u00edas.<\/p>\n<p><strong>FILA N\u00ba 7 SALAMI CON PESOS INDIVIDUALES QUE VAR\u00cdAN DE 70 GR. A 90 GR.<\/strong><\/p>\n","protected":false},"featured_media":8929,"comment_status":"closed","ping_status":"closed","template":"","meta":{"_acf_changed":false,"inline_featured_image":false},"product_brand":[],"product_cat":[686],"product_tag":[],"class_list":{"0":"post-10422","1":"product","2":"type-product","3":"status-publish","4":"has-post-thumbnail","6":"product_cat-salumi-es","7":"pa_brand-barberis-salumi-es","8":"pa_nazionalita-italia-es","9":"pa_tipologia-salami-es","11":"first","12":"instock","13":"shipping-taxable","14":"product-type-simple"},"acf":[],"_links":{"self":[{"href":"https:\/\/ingredients.saccosystem.com\/es\/wp-json\/wp\/v2\/product\/10422","targetHints":{"allow":["GET"]}}],"collection":[{"href":"https:\/\/ingredients.saccosystem.com\/es\/wp-json\/wp\/v2\/product"}],"about":[{"href":"https:\/\/ingredients.saccosystem.com\/es\/wp-json\/wp\/v2\/types\/product"}],"replies":[{"embeddable":true,"href":"https:\/\/ingredients.saccosystem.com\/es\/wp-json\/wp\/v2\/comments?post=10422"}],"wp:featuredmedia":[{"embeddable":true,"href":"https:\/\/ingredients.saccosystem.com\/es\/wp-json\/wp\/v2\/media\/8929"}],"wp:attachment":[{"href":"https:\/\/ingredients.saccosystem.com\/es\/wp-json\/wp\/v2\/media?parent=10422"}],"wp:term":[{"taxonomy":"product_brand","embeddable":true,"href":"https:\/\/ingredients.saccosystem.com\/es\/wp-json\/wp\/v2\/product_brand?post=10422"},{"taxonomy":"product_cat","embeddable":true,"href":"https:\/\/ingredients.saccosystem.com\/es\/wp-json\/wp\/v2\/product_cat?post=10422"},{"taxonomy":"product_tag","embeddable":true,"href":"https:\/\/ingredients.saccosystem.com\/es\/wp-json\/wp\/v2\/product_tag?post=10422"}],"curies":[{"name":"wp","href":"https:\/\/api.w.org\/{rel}","templated":true}]}}