{"id":10424,"date":"2023-08-07T15:20:41","date_gmt":"2023-08-07T13:20:41","guid":{"rendered":"https:\/\/ingredients.saccosystem.com\/prodotto\/llanura-padana\/"},"modified":"2024-07-17T15:08:48","modified_gmt":"2024-07-17T13:08:48","slug":"llanura-padana","status":"publish","type":"product","link":"https:\/\/ingredients.saccosystem.com\/es\/prodotto\/llanura-padana\/","title":{"rendered":"Llanura Padana"},"content":{"rendered":"","protected":false},"excerpt":{"rendered":"<p>La belleza de la cultura est\u00e1 tambi\u00e9n y sobre todo en las tradiciones alimentarias. Esta es la filosof\u00eda en la que se basa la decisi\u00f3n de Barberis Salumi de tomar una mezcla de salami crudo t\u00edpica del valle del Po y darle un toque de luz con una mezcla especial de especias mediterr\u00e1neas tradicionales. As\u00ed naci\u00f3 este salami crudo, as\u00ed naci\u00f3 la \u00abPiana Padana\u00bb.<\/p>\n<p><strong>SE VENDE POR UNIDAD CON PESO VARIABLE A PARTIR DE 250 G. A 350 GR.<\/strong><\/p>\n","protected":false},"featured_media":8931,"comment_status":"closed","ping_status":"closed","template":"","meta":{"_acf_changed":false,"inline_featured_image":false},"product_brand":[],"product_cat":[686],"product_tag":[],"class_list":{"0":"post-10424","1":"product","2":"type-product","3":"status-publish","4":"has-post-thumbnail","6":"product_cat-salumi-es","7":"pa_brand-barberis-salumi-es","8":"pa_nazionalita-italia-es","9":"pa_tipologia-salami-es","11":"first","12":"instock","13":"shipping-taxable","14":"product-type-simple"},"acf":[],"_links":{"self":[{"href":"https:\/\/ingredients.saccosystem.com\/es\/wp-json\/wp\/v2\/product\/10424","targetHints":{"allow":["GET"]}}],"collection":[{"href":"https:\/\/ingredients.saccosystem.com\/es\/wp-json\/wp\/v2\/product"}],"about":[{"href":"https:\/\/ingredients.saccosystem.com\/es\/wp-json\/wp\/v2\/types\/product"}],"replies":[{"embeddable":true,"href":"https:\/\/ingredients.saccosystem.com\/es\/wp-json\/wp\/v2\/comments?post=10424"}],"wp:featuredmedia":[{"embeddable":true,"href":"https:\/\/ingredients.saccosystem.com\/es\/wp-json\/wp\/v2\/media\/8931"}],"wp:attachment":[{"href":"https:\/\/ingredients.saccosystem.com\/es\/wp-json\/wp\/v2\/media?parent=10424"}],"wp:term":[{"taxonomy":"product_brand","embeddable":true,"href":"https:\/\/ingredients.saccosystem.com\/es\/wp-json\/wp\/v2\/product_brand?post=10424"},{"taxonomy":"product_cat","embeddable":true,"href":"https:\/\/ingredients.saccosystem.com\/es\/wp-json\/wp\/v2\/product_cat?post=10424"},{"taxonomy":"product_tag","embeddable":true,"href":"https:\/\/ingredients.saccosystem.com\/es\/wp-json\/wp\/v2\/product_tag?post=10424"}],"curies":[{"name":"wp","href":"https:\/\/api.w.org\/{rel}","templated":true}]}}