{"id":10427,"date":"2023-08-07T15:36:12","date_gmt":"2023-08-07T13:36:12","guid":{"rendered":"https:\/\/ingredients.saccosystem.com\/prodotto\/la-salatoma\/"},"modified":"2024-06-25T17:54:12","modified_gmt":"2024-06-25T15:54:12","slug":"la-salatoma","status":"publish","type":"product","link":"https:\/\/ingredients.saccosystem.com\/es\/prodotto\/la-salatoma\/","title":{"rendered":"La Salatoma"},"content":{"rendered":"","protected":false},"excerpt":{"rendered":"<p>El salatoma es una mezcla de salami crudo (TOMA EN LA FORMA, SALAME EN EL SABOR), recubierto de c\u00e1scaras de pimiento, que se someten a un determinado tipo de procesamiento y le confieren una nota crujiente especial. Las especias y los ingredientes se mezclan, dejando reposar la salatoma durante varios d\u00edas antes de trabajarla constantemente con las c\u00e1scaras de pimiento, para pasar despu\u00e9s a las distintas fases de secado, condimentaci\u00f3n y envasado.<\/p>\n<p><strong>EL SALATOMA PESA UNOS 350 G. Y SE VENDE EN PIEZAS INDIVIDUALES ENVASADAS AL VAC\u00cdO.<\/strong><\/p>\n","protected":false},"featured_media":8935,"comment_status":"closed","ping_status":"closed","template":"","meta":{"_acf_changed":false,"inline_featured_image":false},"product_brand":[],"product_cat":[373,686],"product_tag":[],"class_list":{"0":"post-10427","1":"product","2":"type-product","3":"status-publish","4":"has-post-thumbnail","6":"product_cat-pagina-de-inicio-destacada","7":"product_cat-salumi-es","8":"pa_brand-barberis-salumi-es","9":"pa_nazionalita-italia-es","10":"pa_tipologia-salami-es","12":"first","13":"instock","14":"shipping-taxable","15":"product-type-simple"},"acf":[],"_links":{"self":[{"href":"https:\/\/ingredients.saccosystem.com\/es\/wp-json\/wp\/v2\/product\/10427","targetHints":{"allow":["GET"]}}],"collection":[{"href":"https:\/\/ingredients.saccosystem.com\/es\/wp-json\/wp\/v2\/product"}],"about":[{"href":"https:\/\/ingredients.saccosystem.com\/es\/wp-json\/wp\/v2\/types\/product"}],"replies":[{"embeddable":true,"href":"https:\/\/ingredients.saccosystem.com\/es\/wp-json\/wp\/v2\/comments?post=10427"}],"wp:featuredmedia":[{"embeddable":true,"href":"https:\/\/ingredients.saccosystem.com\/es\/wp-json\/wp\/v2\/media\/8935"}],"wp:attachment":[{"href":"https:\/\/ingredients.saccosystem.com\/es\/wp-json\/wp\/v2\/media?parent=10427"}],"wp:term":[{"taxonomy":"product_brand","embeddable":true,"href":"https:\/\/ingredients.saccosystem.com\/es\/wp-json\/wp\/v2\/product_brand?post=10427"},{"taxonomy":"product_cat","embeddable":true,"href":"https:\/\/ingredients.saccosystem.com\/es\/wp-json\/wp\/v2\/product_cat?post=10427"},{"taxonomy":"product_tag","embeddable":true,"href":"https:\/\/ingredients.saccosystem.com\/es\/wp-json\/wp\/v2\/product_tag?post=10427"}],"curies":[{"name":"wp","href":"https:\/\/api.w.org\/{rel}","templated":true}]}}