{"id":10429,"date":"2023-08-07T15:33:15","date_gmt":"2023-08-07T13:33:15","guid":{"rendered":"https:\/\/ingredients.saccosystem.com\/prodotto\/rosa-cortese\/"},"modified":"2024-07-17T15:08:33","modified_gmt":"2024-07-17T13:08:33","slug":"rosa-cortese","status":"publish","type":"product","link":"https:\/\/ingredients.saccosystem.com\/es\/prodotto\/rosa-cortese\/","title":{"rendered":"Rosa Cortese"},"content":{"rendered":"","protected":false},"excerpt":{"rendered":"<p>El Rosa Cortese atado a mano tiene un periodo de maduraci\u00f3n de 30 a 70 d\u00edas, seg\u00fan el deseo del cliente. Embolsado en tripa natural, alcanza la plenitud de sabor al cabo de unos 30 d\u00edas.<\/p>\n<p><strong>SE VENDEN INDIVIDUALMENTE EN PESOS QUE OSCILAN ENTRE 800 G. AT 1.30 KG. EL PRODUCTO TAMBI\u00c9N SE ENVASA AL VAC\u00cdO SI SE SOLICITA.<\/strong><\/p>\n<p>Disponible en varios formatos: <strong>La Rosalunga<\/strong> es sin duda la hermana mayor de la Rosa Cortese; s\u00f3lo se diferencia en su longitud, que mide aproximadamente 1 metro y se presenta sobre una tabla de corte de madera, por lo que tambi\u00e9n resulta agradable a la vista.<\/p>\n<p><strong>SE VENDEN POR UNIDAD CON UN PESO QUE OSCILA ENTRE LOS 1.800 KG. AT 2.500 KG.<\/strong><\/p>\n<p><strong>Bella Rosina<\/strong> se cre\u00f3 para dar al consumidor final la oportunidad de disfrutar de un salami madurado pero m\u00e1s ligero que el tradicional Rosa Cortese. As\u00ed que aqu\u00ed est\u00e1 esta rosa, peque\u00f1a en tama\u00f1o pero grande en su bondad.<\/p>\n<p><strong>SE VENDEN ENVASADOS AL VAC\u00cdO INDIVIDUALMENTE EN PESOS QUE OSCILAN ENTRE 300 G. A 650 GR.<\/strong><\/p>\n","protected":false},"featured_media":8933,"comment_status":"closed","ping_status":"closed","template":"","meta":{"_acf_changed":false,"inline_featured_image":false},"product_brand":[],"product_cat":[686],"product_tag":[],"class_list":{"0":"post-10429","1":"product","2":"type-product","3":"status-publish","4":"has-post-thumbnail","6":"product_cat-salumi-es","7":"pa_brand-barberis-salumi-es","8":"pa_nazionalita-italia-es","9":"pa_tipologia-salami-es","11":"first","12":"instock","13":"shipping-taxable","14":"product-type-simple"},"acf":[],"_links":{"self":[{"href":"https:\/\/ingredients.saccosystem.com\/es\/wp-json\/wp\/v2\/product\/10429","targetHints":{"allow":["GET"]}}],"collection":[{"href":"https:\/\/ingredients.saccosystem.com\/es\/wp-json\/wp\/v2\/product"}],"about":[{"href":"https:\/\/ingredients.saccosystem.com\/es\/wp-json\/wp\/v2\/types\/product"}],"replies":[{"embeddable":true,"href":"https:\/\/ingredients.saccosystem.com\/es\/wp-json\/wp\/v2\/comments?post=10429"}],"wp:featuredmedia":[{"embeddable":true,"href":"https:\/\/ingredients.saccosystem.com\/es\/wp-json\/wp\/v2\/media\/8933"}],"wp:attachment":[{"href":"https:\/\/ingredients.saccosystem.com\/es\/wp-json\/wp\/v2\/media?parent=10429"}],"wp:term":[{"taxonomy":"product_brand","embeddable":true,"href":"https:\/\/ingredients.saccosystem.com\/es\/wp-json\/wp\/v2\/product_brand?post=10429"},{"taxonomy":"product_cat","embeddable":true,"href":"https:\/\/ingredients.saccosystem.com\/es\/wp-json\/wp\/v2\/product_cat?post=10429"},{"taxonomy":"product_tag","embeddable":true,"href":"https:\/\/ingredients.saccosystem.com\/es\/wp-json\/wp\/v2\/product_tag?post=10429"}],"curies":[{"name":"wp","href":"https:\/\/api.w.org\/{rel}","templated":true}]}}