{"id":10431,"date":"2023-08-07T16:27:27","date_gmt":"2023-08-07T14:27:27","guid":{"rendered":"https:\/\/ingredients.saccosystem.com\/prodotto\/elit-gorgonzola-piccante-dop\/"},"modified":"2024-07-17T15:08:03","modified_gmt":"2024-07-17T13:08:03","slug":"elit-gorgonzola-piccante-dop","status":"publish","type":"product","link":"https:\/\/ingredients.saccosystem.com\/es\/prodotto\/elit-gorgonzola-piccante-dop\/","title":{"rendered":"Elit Gorgonzola Piccante DOP"},"content":{"rendered":"","protected":false},"excerpt":{"rendered":"<p>El aroma intenso y el sabor fuerte hacen del Gorgonzola picante DOP un producto inconfundible. Pasta compacta y vetas azules m\u00e1s densas completan el perfil y el bouquet de este gorgonzola de larga maduraci\u00f3n.<\/p>\n<p>Para dar a\u00fan m\u00e1s protagonismo a este gorgonzola, recomendamos maridarlo con un vino tinto a\u00f1ejo, c\u00e1lido y bien estructurado.<\/p>\n<p>.<\/p>\n","protected":false},"featured_media":8941,"comment_status":"closed","ping_status":"closed","template":"","meta":{"_acf_changed":false,"inline_featured_image":false},"product_brand":[],"product_cat":[599],"product_tag":[],"class_list":{"0":"post-10431","1":"product","2":"type-product","3":"status-publish","4":"has-post-thumbnail","6":"product_cat-quesos","7":"pa_brand-bassi-es","8":"pa_nazionalita-italia-es","9":"pa_tipologia-queso-curado","10":"pa_tipologia-queso-gorgonzola-picante","12":"first","13":"instock","14":"shipping-taxable","15":"product-type-simple"},"acf":[],"_links":{"self":[{"href":"https:\/\/ingredients.saccosystem.com\/es\/wp-json\/wp\/v2\/product\/10431","targetHints":{"allow":["GET"]}}],"collection":[{"href":"https:\/\/ingredients.saccosystem.com\/es\/wp-json\/wp\/v2\/product"}],"about":[{"href":"https:\/\/ingredients.saccosystem.com\/es\/wp-json\/wp\/v2\/types\/product"}],"replies":[{"embeddable":true,"href":"https:\/\/ingredients.saccosystem.com\/es\/wp-json\/wp\/v2\/comments?post=10431"}],"wp:featuredmedia":[{"embeddable":true,"href":"https:\/\/ingredients.saccosystem.com\/es\/wp-json\/wp\/v2\/media\/8941"}],"wp:attachment":[{"href":"https:\/\/ingredients.saccosystem.com\/es\/wp-json\/wp\/v2\/media?parent=10431"}],"wp:term":[{"taxonomy":"product_brand","embeddable":true,"href":"https:\/\/ingredients.saccosystem.com\/es\/wp-json\/wp\/v2\/product_brand?post=10431"},{"taxonomy":"product_cat","embeddable":true,"href":"https:\/\/ingredients.saccosystem.com\/es\/wp-json\/wp\/v2\/product_cat?post=10431"},{"taxonomy":"product_tag","embeddable":true,"href":"https:\/\/ingredients.saccosystem.com\/es\/wp-json\/wp\/v2\/product_tag?post=10431"}],"curies":[{"name":"wp","href":"https:\/\/api.w.org\/{rel}","templated":true}]}}