{"id":10440,"date":"2023-08-08T08:37:58","date_gmt":"2023-08-08T06:37:58","guid":{"rendered":"https:\/\/ingredients.saccosystem.com\/prodotto\/manteca-de-cerdo-de-la-villa\/"},"modified":"2024-07-17T15:05:11","modified_gmt":"2024-07-17T13:05:11","slug":"manteca-de-cerdo-de-la-villa","status":"publish","type":"product","link":"https:\/\/ingredients.saccosystem.com\/es\/prodotto\/manteca-de-cerdo-de-la-villa\/","title":{"rendered":"Manteca de cerdo de la Villa"},"content":{"rendered":"","protected":false},"excerpt":{"rendered":"<p>El \u00abLardo della Villa\u00bb, producido en una sola capa (doble capa bajo pedido), es, al igual que la Pancetta Contadina, condimentado y procesado en salmuera. Con esta receta de Elisabetta, la mujer de Franco, se potencian los sabores y aromas. Lo que Elisabeth quer\u00eda hacer, sin olvidar sus or\u00edgenes, era crear un manjar t\u00edpicamente campesino, sencillo y natural.<\/p>\n<p><strong>SE VENDEN EN ENVASES AL VAC\u00cdO UNITARIOS DE 2 KG DE PESO. AT 3.5 KG.<\/strong><\/p>\n<p>Tambi\u00e9n disponible en tama\u00f1o reducido: Nuestro <strong>Lardino<\/strong> tiene los mismos procedimientos que el Lardo della Villa pero, obviamente, en tama\u00f1o reducido.<\/p>\n<p><strong>SE VENDE COMO UNA SOLA UNIDAD ENVASADA AL VAC\u00cdO CON UN PESO QUE OSCILA ENTRE 200 G. A 350 GR.<\/strong><\/p>\n","protected":false},"featured_media":8951,"comment_status":"closed","ping_status":"closed","template":"","meta":{"_acf_changed":false,"inline_featured_image":false},"product_brand":[],"product_cat":[686],"product_tag":[],"class_list":{"0":"post-10440","1":"product","2":"type-product","3":"status-publish","4":"has-post-thumbnail","6":"product_cat-salumi-es","7":"pa_brand-barberis-salumi-es","8":"pa_nazionalita-italia-es","9":"pa_tipologia-en-rodajas","11":"first","12":"instock","13":"shipping-taxable","14":"product-type-simple"},"acf":[],"_links":{"self":[{"href":"https:\/\/ingredients.saccosystem.com\/es\/wp-json\/wp\/v2\/product\/10440","targetHints":{"allow":["GET"]}}],"collection":[{"href":"https:\/\/ingredients.saccosystem.com\/es\/wp-json\/wp\/v2\/product"}],"about":[{"href":"https:\/\/ingredients.saccosystem.com\/es\/wp-json\/wp\/v2\/types\/product"}],"replies":[{"embeddable":true,"href":"https:\/\/ingredients.saccosystem.com\/es\/wp-json\/wp\/v2\/comments?post=10440"}],"wp:featuredmedia":[{"embeddable":true,"href":"https:\/\/ingredients.saccosystem.com\/es\/wp-json\/wp\/v2\/media\/8951"}],"wp:attachment":[{"href":"https:\/\/ingredients.saccosystem.com\/es\/wp-json\/wp\/v2\/media?parent=10440"}],"wp:term":[{"taxonomy":"product_brand","embeddable":true,"href":"https:\/\/ingredients.saccosystem.com\/es\/wp-json\/wp\/v2\/product_brand?post=10440"},{"taxonomy":"product_cat","embeddable":true,"href":"https:\/\/ingredients.saccosystem.com\/es\/wp-json\/wp\/v2\/product_cat?post=10440"},{"taxonomy":"product_tag","embeddable":true,"href":"https:\/\/ingredients.saccosystem.com\/es\/wp-json\/wp\/v2\/product_tag?post=10440"}],"curies":[{"name":"wp","href":"https:\/\/api.w.org\/{rel}","templated":true}]}}