{"id":10442,"date":"2023-08-08T09:05:45","date_gmt":"2023-08-08T07:05:45","guid":{"rendered":"https:\/\/ingredients.saccosystem.com\/prodotto\/salchicha-soberana-envasada-al-vacio-p-s\/"},"modified":"2024-07-17T15:04:16","modified_gmt":"2024-07-17T13:04:16","slug":"salchicha-soberana-envasada-al-vacio-p-s","status":"publish","type":"product","link":"https:\/\/ingredients.saccosystem.com\/es\/prodotto\/salchicha-soberana-envasada-al-vacio-p-s\/","title":{"rendered":"Salchicha soberana envasada al vac\u00edo p.s."},"content":{"rendered":"","protected":false},"excerpt":{"rendered":"<p>La salchicha soberana, embutida en tripa natural, siempre ha caracterizado nuestra producci\u00f3n. Se utiliza carne magra de primera calidad y no contiene grasa a\u00f1adida, cualidad que se notar\u00e1 cuando se cocine el propio embutido. La mezcla de especias es una antigua receta de Gino Barberis, modificada a lo largo de los a\u00f1os por su hijo Francesco teniendo en cuenta los cambios que ha sufrido la carne de cerdo a lo largo de las d\u00e9cadas.<\/p>\n<p><strong>PRODUCTO VENDIDO A GRANEL O EN BANDEJAS DE \u00bd KG. HASTA 3 KG.<\/strong><\/p>\n<p>LA SALCHICHA TAMBI\u00c9N PUEDE ENVASARSE AL VAC\u00cdO, Y LAS MASAS, POR ENCARGO.<\/p>\n<p>NING\u00daN PRODUCTO DE BARBERIS CONTIENE FUENTES DE GLUTEN.<\/p>\n<p>NING\u00daN PRODUCTO DE BARBERIS CONTIENE DERIVADOS L\u00c1CTEOS.<\/p>\n<p>Tambi\u00e9n disponible en tama\u00f1o reducido: Nuestro <strong>Lardino<\/strong> tiene los mismos procedimientos que el Lardo della Villa pero, obviamente, en tama\u00f1o reducido.<\/p>\n<p><strong>SE VENDE COMO UNA SOLA UNIDAD ENVASADA AL VAC\u00cdO CON UN PESO QUE OSCILA ENTRE 200 G. A 350 GR.<\/strong><\/p>\n","protected":false},"featured_media":8955,"comment_status":"closed","ping_status":"closed","template":"","meta":{"_acf_changed":false,"inline_featured_image":false},"product_brand":[],"product_cat":[686],"product_tag":[],"class_list":{"0":"post-10442","1":"product","2":"type-product","3":"status-publish","4":"has-post-thumbnail","6":"product_cat-salumi-es","7":"pa_brand-barberis-salumi-es","8":"pa_nazionalita-italia-es","9":"pa_tipologia-en-rodajas","10":"pa_tipologia-salchichas-cocidas","12":"first","13":"instock","14":"shipping-taxable","15":"product-type-simple"},"acf":[],"_links":{"self":[{"href":"https:\/\/ingredients.saccosystem.com\/es\/wp-json\/wp\/v2\/product\/10442","targetHints":{"allow":["GET"]}}],"collection":[{"href":"https:\/\/ingredients.saccosystem.com\/es\/wp-json\/wp\/v2\/product"}],"about":[{"href":"https:\/\/ingredients.saccosystem.com\/es\/wp-json\/wp\/v2\/types\/product"}],"replies":[{"embeddable":true,"href":"https:\/\/ingredients.saccosystem.com\/es\/wp-json\/wp\/v2\/comments?post=10442"}],"wp:featuredmedia":[{"embeddable":true,"href":"https:\/\/ingredients.saccosystem.com\/es\/wp-json\/wp\/v2\/media\/8955"}],"wp:attachment":[{"href":"https:\/\/ingredients.saccosystem.com\/es\/wp-json\/wp\/v2\/media?parent=10442"}],"wp:term":[{"taxonomy":"product_brand","embeddable":true,"href":"https:\/\/ingredients.saccosystem.com\/es\/wp-json\/wp\/v2\/product_brand?post=10442"},{"taxonomy":"product_cat","embeddable":true,"href":"https:\/\/ingredients.saccosystem.com\/es\/wp-json\/wp\/v2\/product_cat?post=10442"},{"taxonomy":"product_tag","embeddable":true,"href":"https:\/\/ingredients.saccosystem.com\/es\/wp-json\/wp\/v2\/product_tag?post=10442"}],"curies":[{"name":"wp","href":"https:\/\/api.w.org\/{rel}","templated":true}]}}