{"id":10443,"date":"2023-08-07T16:36:34","date_gmt":"2023-08-07T14:36:34","guid":{"rendered":"https:\/\/ingredients.saccosystem.com\/prodotto\/the-misses-pasteles-de-gorgonzola-y-mascarpone\/"},"modified":"2024-07-17T15:06:25","modified_gmt":"2024-07-17T13:06:25","slug":"the-misses-pasteles-de-gorgonzola-y-mascarpone","status":"publish","type":"product","link":"https:\/\/ingredients.saccosystem.com\/es\/prodotto\/the-misses-pasteles-de-gorgonzola-y-mascarpone\/","title":{"rendered":"The Misses, pasteles de gorgonzola y mascarpone"},"content":{"rendered":"","protected":false},"excerpt":{"rendered":"<p>Las Se\u00f1oritas: una versi\u00f3n original y completamente nueva de la cl\u00e1sica combinaci\u00f3n de Gorgonzola DOP y Mascarpone.<\/p>\n<p>Pasteles redondos en capas que combinan la frescura y la alta calidad de los ingredientes con la tentadora glotoner\u00eda de las decoraciones, fruto de la creatividad del pastelero y del h\u00e1bil uso del <em>sac \u00e0 poche<\/em>.<\/p>\n<p>Las Misses se envasan frescas y se decoran a mano, una a una, en diversas variantes, desde la tradicional con nueces hasta la m\u00e1s elegante con pistachos, en constante evoluci\u00f3n para adaptarse a las exigencias del mercado y al gusto de los consumidores.<\/p>\n<p>Las Mini Misses se envasan frescas y se decoran a mano, una a una, en diversas variantes, desde la tradicional con nueces hasta la m\u00e1s elegante con pistachos, en constante evoluci\u00f3n para adaptarse a las exigencias del mercado y al gusto de los consumidores.<\/p>\n<p>.<\/p>\n","protected":false},"featured_media":8947,"comment_status":"closed","ping_status":"closed","template":"","meta":{"_acf_changed":false,"inline_featured_image":false},"product_brand":[],"product_cat":[599],"product_tag":[],"class_list":{"0":"post-10443","1":"product","2":"type-product","3":"status-publish","4":"has-post-thumbnail","6":"product_cat-quesos","7":"pa_brand-bassi-es","8":"pa_nazionalita-italia-es","9":"pa_tipologia-queso-curado","10":"pa_tipologia-queso-gorgonzola-dulce","12":"first","13":"instock","14":"shipping-taxable","15":"product-type-simple"},"acf":[],"_links":{"self":[{"href":"https:\/\/ingredients.saccosystem.com\/es\/wp-json\/wp\/v2\/product\/10443","targetHints":{"allow":["GET"]}}],"collection":[{"href":"https:\/\/ingredients.saccosystem.com\/es\/wp-json\/wp\/v2\/product"}],"about":[{"href":"https:\/\/ingredients.saccosystem.com\/es\/wp-json\/wp\/v2\/types\/product"}],"replies":[{"embeddable":true,"href":"https:\/\/ingredients.saccosystem.com\/es\/wp-json\/wp\/v2\/comments?post=10443"}],"wp:featuredmedia":[{"embeddable":true,"href":"https:\/\/ingredients.saccosystem.com\/es\/wp-json\/wp\/v2\/media\/8947"}],"wp:attachment":[{"href":"https:\/\/ingredients.saccosystem.com\/es\/wp-json\/wp\/v2\/media?parent=10443"}],"wp:term":[{"taxonomy":"product_brand","embeddable":true,"href":"https:\/\/ingredients.saccosystem.com\/es\/wp-json\/wp\/v2\/product_brand?post=10443"},{"taxonomy":"product_cat","embeddable":true,"href":"https:\/\/ingredients.saccosystem.com\/es\/wp-json\/wp\/v2\/product_cat?post=10443"},{"taxonomy":"product_tag","embeddable":true,"href":"https:\/\/ingredients.saccosystem.com\/es\/wp-json\/wp\/v2\/product_tag?post=10443"}],"curies":[{"name":"wp","href":"https:\/\/api.w.org\/{rel}","templated":true}]}}