{"id":10449,"date":"2023-08-08T09:32:20","date_gmt":"2023-08-08T07:32:20","guid":{"rendered":"https:\/\/ingredients.saccosystem.com\/prodotto\/camembert-de-bufala-3b-leche\/"},"modified":"2024-06-25T17:35:39","modified_gmt":"2024-06-25T15:35:39","slug":"camembert-de-bufala-3b-latte","status":"publish","type":"product","link":"https:\/\/ingredients.saccosystem.com\/es\/prodotto\/camembert-de-bufala-3b-latte\/","title":{"rendered":"Camembert de B\u00fafala 3B Leche"},"content":{"rendered":"","protected":false},"excerpt":{"rendered":"<p>Las caracter\u00edsticas del camembert se ven realzadas por el aroma y la cremosidad de la leche de b\u00fafala, una extraordinaria sinfon\u00eda de aromas y sabores.<\/p>\n","protected":false},"featured_media":9123,"comment_status":"closed","ping_status":"closed","template":"","meta":{"_acf_changed":false,"inline_featured_image":false},"product_brand":[],"product_cat":[371,372,373,599],"product_tag":[],"class_list":{"0":"post-10449","1":"product","2":"type-product","3":"status-publish","4":"has-post-thumbnail","6":"product_cat-delicias-de-temporada","7":"product_cat-imprescindible","8":"product_cat-pagina-de-inicio-destacada","9":"product_cat-quesos","10":"pa_brand-3b-latte-es","11":"pa_nazionalita-italia-es","12":"pa_tipologia-queso-fresco","14":"first","15":"instock","16":"shipping-taxable","17":"product-type-simple"},"acf":[],"_links":{"self":[{"href":"https:\/\/ingredients.saccosystem.com\/es\/wp-json\/wp\/v2\/product\/10449","targetHints":{"allow":["GET"]}}],"collection":[{"href":"https:\/\/ingredients.saccosystem.com\/es\/wp-json\/wp\/v2\/product"}],"about":[{"href":"https:\/\/ingredients.saccosystem.com\/es\/wp-json\/wp\/v2\/types\/product"}],"replies":[{"embeddable":true,"href":"https:\/\/ingredients.saccosystem.com\/es\/wp-json\/wp\/v2\/comments?post=10449"}],"wp:featuredmedia":[{"embeddable":true,"href":"https:\/\/ingredients.saccosystem.com\/es\/wp-json\/wp\/v2\/media\/9123"}],"wp:attachment":[{"href":"https:\/\/ingredients.saccosystem.com\/es\/wp-json\/wp\/v2\/media?parent=10449"}],"wp:term":[{"taxonomy":"product_brand","embeddable":true,"href":"https:\/\/ingredients.saccosystem.com\/es\/wp-json\/wp\/v2\/product_brand?post=10449"},{"taxonomy":"product_cat","embeddable":true,"href":"https:\/\/ingredients.saccosystem.com\/es\/wp-json\/wp\/v2\/product_cat?post=10449"},{"taxonomy":"product_tag","embeddable":true,"href":"https:\/\/ingredients.saccosystem.com\/es\/wp-json\/wp\/v2\/product_tag?post=10449"}],"curies":[{"name":"wp","href":"https:\/\/api.w.org\/{rel}","templated":true}]}}