{"id":10452,"date":"2023-08-08T09:28:31","date_gmt":"2023-08-08T07:28:31","guid":{"rendered":"https:\/\/ingredients.saccosystem.com\/prodotto\/elit-gorgonzola-dop-cuchara-dolce\/"},"modified":"2024-07-17T15:03:23","modified_gmt":"2024-07-17T13:03:23","slug":"elit-gorgonzola-dop-cuchara-dolce","status":"publish","type":"product","link":"https:\/\/ingredients.saccosystem.com\/es\/prodotto\/elit-gorgonzola-dop-cuchara-dolce\/","title":{"rendered":"Elit Gorgonzola DOP Cuchara Dolce"},"content":{"rendered":"","protected":false},"excerpt":{"rendered":"<p>Suave y untable: as\u00ed es el queso Gorgonzola dulce Elit a cucharadas. Gracias a una cuidadosa maduraci\u00f3n y a una t\u00e9cnica de producci\u00f3n especial, el cl\u00e1sico Gorgonzola dulce se vuelve a\u00fan m\u00e1s cremoso, ideal para recetas creativas &#8211; mantecature y finger food &#8211; y para un uso informal y poco convencional.<\/p>\n","protected":false},"featured_media":8957,"comment_status":"closed","ping_status":"closed","template":"","meta":{"_acf_changed":false,"inline_featured_image":false},"product_brand":[],"product_cat":[271],"product_tag":[],"class_list":{"0":"post-10452","1":"product","2":"type-product","3":"status-publish","4":"has-post-thumbnail","6":"product_cat-sin-categorizar","7":"pa_brand-bassi-es","8":"pa_nazionalita-italia-es","9":"pa_tipologia-queso-curado","10":"pa_tipologia-queso-gorgonzola-a-cucharadas","11":"pa_tipologia-queso-gorgonzola-dulce","13":"first","14":"instock","15":"shipping-taxable","16":"product-type-simple"},"acf":[],"_links":{"self":[{"href":"https:\/\/ingredients.saccosystem.com\/es\/wp-json\/wp\/v2\/product\/10452","targetHints":{"allow":["GET"]}}],"collection":[{"href":"https:\/\/ingredients.saccosystem.com\/es\/wp-json\/wp\/v2\/product"}],"about":[{"href":"https:\/\/ingredients.saccosystem.com\/es\/wp-json\/wp\/v2\/types\/product"}],"replies":[{"embeddable":true,"href":"https:\/\/ingredients.saccosystem.com\/es\/wp-json\/wp\/v2\/comments?post=10452"}],"wp:featuredmedia":[{"embeddable":true,"href":"https:\/\/ingredients.saccosystem.com\/es\/wp-json\/wp\/v2\/media\/8957"}],"wp:attachment":[{"href":"https:\/\/ingredients.saccosystem.com\/es\/wp-json\/wp\/v2\/media?parent=10452"}],"wp:term":[{"taxonomy":"product_brand","embeddable":true,"href":"https:\/\/ingredients.saccosystem.com\/es\/wp-json\/wp\/v2\/product_brand?post=10452"},{"taxonomy":"product_cat","embeddable":true,"href":"https:\/\/ingredients.saccosystem.com\/es\/wp-json\/wp\/v2\/product_cat?post=10452"},{"taxonomy":"product_tag","embeddable":true,"href":"https:\/\/ingredients.saccosystem.com\/es\/wp-json\/wp\/v2\/product_tag?post=10452"}],"curies":[{"name":"wp","href":"https:\/\/api.w.org\/{rel}","templated":true}]}}