{"id":10459,"date":"2023-08-08T09:43:56","date_gmt":"2023-08-08T07:43:56","guid":{"rendered":"https:\/\/ingredients.saccosystem.com\/prodotto\/pecorino-romano-dop\/"},"modified":"2024-07-17T15:02:49","modified_gmt":"2024-07-17T13:02:49","slug":"pecorino-romano-dop","status":"publish","type":"product","link":"https:\/\/ingredients.saccosystem.com\/es\/prodotto\/pecorino-romano-dop\/","title":{"rendered":"Pecorino Romano DOP"},"content":{"rendered":"","protected":false},"excerpt":{"rendered":"<p>Queso de mesa y de rallar, de corteza blanca o tapa negra, de pasta semicocida, de color blanco compacto o con diminutos agujeros. Queso pecorino duro de sabor fuerte, intenso y arom\u00e1tico, que tiende al picante al madurar. La inscripci\u00f3n PECORINO ROMANO, el logotipo institucional, el n\u00famero de peaje, el mes y el a\u00f1o de producci\u00f3n est\u00e1n grabados en todo el tal\u00f3n.<\/p>\n","protected":false},"featured_media":8961,"comment_status":"closed","ping_status":"closed","template":"","meta":{"_acf_changed":false,"inline_featured_image":false},"product_brand":[],"product_cat":[599],"product_tag":[],"class_list":{"0":"post-10459","1":"product","2":"type-product","3":"status-publish","4":"has-post-thumbnail","6":"product_cat-quesos","7":"pa_brand-cooperativa-allevatori-ovini-es","8":"pa_nazionalita-italia-es","9":"pa_tipologia-producto-d-o-p","10":"pa_tipologia-queso-con-leche-de-oveja","11":"pa_tipologia-queso-curado","12":"pa_tipologia-queso-pecorino","14":"first","15":"instock","16":"shipping-taxable","17":"product-type-simple"},"acf":[],"_links":{"self":[{"href":"https:\/\/ingredients.saccosystem.com\/es\/wp-json\/wp\/v2\/product\/10459","targetHints":{"allow":["GET"]}}],"collection":[{"href":"https:\/\/ingredients.saccosystem.com\/es\/wp-json\/wp\/v2\/product"}],"about":[{"href":"https:\/\/ingredients.saccosystem.com\/es\/wp-json\/wp\/v2\/types\/product"}],"replies":[{"embeddable":true,"href":"https:\/\/ingredients.saccosystem.com\/es\/wp-json\/wp\/v2\/comments?post=10459"}],"wp:featuredmedia":[{"embeddable":true,"href":"https:\/\/ingredients.saccosystem.com\/es\/wp-json\/wp\/v2\/media\/8961"}],"wp:attachment":[{"href":"https:\/\/ingredients.saccosystem.com\/es\/wp-json\/wp\/v2\/media?parent=10459"}],"wp:term":[{"taxonomy":"product_brand","embeddable":true,"href":"https:\/\/ingredients.saccosystem.com\/es\/wp-json\/wp\/v2\/product_brand?post=10459"},{"taxonomy":"product_cat","embeddable":true,"href":"https:\/\/ingredients.saccosystem.com\/es\/wp-json\/wp\/v2\/product_cat?post=10459"},{"taxonomy":"product_tag","embeddable":true,"href":"https:\/\/ingredients.saccosystem.com\/es\/wp-json\/wp\/v2\/product_tag?post=10459"}],"curies":[{"name":"wp","href":"https:\/\/api.w.org\/{rel}","templated":true}]}}