{"id":10461,"date":"2023-08-08T08:23:20","date_gmt":"2023-08-08T06:23:20","guid":{"rendered":"https:\/\/ingredients.saccosystem.com\/prodotto\/el-lonzine\/"},"modified":"2024-07-17T15:05:25","modified_gmt":"2024-07-17T13:05:25","slug":"el-lonzine","status":"publish","type":"product","link":"https:\/\/ingredients.saccosystem.com\/es\/prodotto\/el-lonzine\/","title":{"rendered":"El lonzine"},"content":{"rendered":"","protected":false},"excerpt":{"rendered":"<p>El lonzine debe considerarse un excelente entrante. Su elaboraci\u00f3n, seguida de un secado lento y una maduraci\u00f3n de hasta 60 d\u00edas, permite potenciar el aroma y la suavidad una vez cortada.<\/p>\n<p><strong>VENDIDO POR UNIDAD CON PESO INFERIOR VARIABLE DE 1,5 Kg A 2,4 Kg.<\/strong><\/p>\n","protected":false},"featured_media":8949,"comment_status":"closed","ping_status":"closed","template":"","meta":{"_acf_changed":false,"inline_featured_image":false},"product_brand":[],"product_cat":[686],"product_tag":[],"class_list":{"0":"post-10461","1":"product","2":"type-product","3":"status-publish","4":"has-post-thumbnail","6":"product_cat-salumi-es","7":"pa_brand-barberis-salumi-es","8":"pa_nazionalita-italia-es","9":"pa_tipologia-en-rodajas","11":"first","12":"instock","13":"shipping-taxable","14":"product-type-simple"},"acf":[],"_links":{"self":[{"href":"https:\/\/ingredients.saccosystem.com\/es\/wp-json\/wp\/v2\/product\/10461","targetHints":{"allow":["GET"]}}],"collection":[{"href":"https:\/\/ingredients.saccosystem.com\/es\/wp-json\/wp\/v2\/product"}],"about":[{"href":"https:\/\/ingredients.saccosystem.com\/es\/wp-json\/wp\/v2\/types\/product"}],"replies":[{"embeddable":true,"href":"https:\/\/ingredients.saccosystem.com\/es\/wp-json\/wp\/v2\/comments?post=10461"}],"wp:featuredmedia":[{"embeddable":true,"href":"https:\/\/ingredients.saccosystem.com\/es\/wp-json\/wp\/v2\/media\/8949"}],"wp:attachment":[{"href":"https:\/\/ingredients.saccosystem.com\/es\/wp-json\/wp\/v2\/media?parent=10461"}],"wp:term":[{"taxonomy":"product_brand","embeddable":true,"href":"https:\/\/ingredients.saccosystem.com\/es\/wp-json\/wp\/v2\/product_brand?post=10461"},{"taxonomy":"product_cat","embeddable":true,"href":"https:\/\/ingredients.saccosystem.com\/es\/wp-json\/wp\/v2\/product_cat?post=10461"},{"taxonomy":"product_tag","embeddable":true,"href":"https:\/\/ingredients.saccosystem.com\/es\/wp-json\/wp\/v2\/product_tag?post=10461"}],"curies":[{"name":"wp","href":"https:\/\/api.w.org\/{rel}","templated":true}]}}