{"id":10462,"date":"2023-08-08T10:57:52","date_gmt":"2023-08-08T08:57:52","guid":{"rendered":"https:\/\/ingredients.saccosystem.com\/prodotto\/mozzarella-de-seriate-caseificio-preziosa\/"},"modified":"2024-07-17T14:59:52","modified_gmt":"2024-07-17T12:59:52","slug":"mozzarella-de-seriate-caseificio-preziosa","status":"publish","type":"product","link":"https:\/\/ingredients.saccosystem.com\/es\/prodotto\/mozzarella-de-seriate-caseificio-preziosa\/","title":{"rendered":"Mozzarella de Seriate Caseificio Preziosa"},"content":{"rendered":"","protected":false},"excerpt":{"rendered":"<p>Producto de mesa esf\u00e9rico de pasta hilada con piel lisa. Interior hojaldrado, consistencia el\u00e1stica, color blanco, aroma l\u00e1cteo caracter\u00edstico, sabor sabroso obtenido a partir de una selecci\u00f3n de LECHE DE COLECCI\u00d3N LOCAL.<\/p>\n","protected":false},"featured_media":8971,"comment_status":"closed","ping_status":"closed","template":"","meta":{"_acf_changed":false,"inline_featured_image":false},"product_brand":[],"product_cat":[371,599],"product_tag":[],"class_list":{"0":"post-10462","1":"product","2":"type-product","3":"status-publish","4":"has-post-thumbnail","6":"product_cat-delicias-de-temporada","7":"product_cat-quesos","8":"pa_brand-caseificio-preziosa-es","9":"pa_nazionalita-italia-es","10":"pa_tipologia-pasta-filata-queso","11":"pa_tipologia-queso-fresco","13":"first","14":"instock","15":"shipping-taxable","16":"product-type-simple"},"acf":[],"_links":{"self":[{"href":"https:\/\/ingredients.saccosystem.com\/es\/wp-json\/wp\/v2\/product\/10462","targetHints":{"allow":["GET"]}}],"collection":[{"href":"https:\/\/ingredients.saccosystem.com\/es\/wp-json\/wp\/v2\/product"}],"about":[{"href":"https:\/\/ingredients.saccosystem.com\/es\/wp-json\/wp\/v2\/types\/product"}],"replies":[{"embeddable":true,"href":"https:\/\/ingredients.saccosystem.com\/es\/wp-json\/wp\/v2\/comments?post=10462"}],"wp:featuredmedia":[{"embeddable":true,"href":"https:\/\/ingredients.saccosystem.com\/es\/wp-json\/wp\/v2\/media\/8971"}],"wp:attachment":[{"href":"https:\/\/ingredients.saccosystem.com\/es\/wp-json\/wp\/v2\/media?parent=10462"}],"wp:term":[{"taxonomy":"product_brand","embeddable":true,"href":"https:\/\/ingredients.saccosystem.com\/es\/wp-json\/wp\/v2\/product_brand?post=10462"},{"taxonomy":"product_cat","embeddable":true,"href":"https:\/\/ingredients.saccosystem.com\/es\/wp-json\/wp\/v2\/product_cat?post=10462"},{"taxonomy":"product_tag","embeddable":true,"href":"https:\/\/ingredients.saccosystem.com\/es\/wp-json\/wp\/v2\/product_tag?post=10462"}],"curies":[{"name":"wp","href":"https:\/\/api.w.org\/{rel}","templated":true}]}}