{"id":10464,"date":"2023-08-08T11:30:28","date_gmt":"2023-08-08T09:30:28","guid":{"rendered":"https:\/\/ingredients.saccosystem.com\/prodotto\/pecorino-toscano-dop-fresco\/"},"modified":"2024-07-17T12:40:56","modified_gmt":"2024-07-17T10:40:56","slug":"pecorino-toscano-dop-fresco","status":"publish","type":"product","link":"https:\/\/ingredients.saccosystem.com\/es\/prodotto\/pecorino-toscano-dop-fresco\/","title":{"rendered":"Pecorino Toscano DOP Fresco"},"content":{"rendered":"","protected":false},"excerpt":{"rendered":"<p>El Pecorino Toscano fresco DOP es el cl\u00e1sico queso blando de oveja, elaborado con leche pasteurizada de oveja a la que se a\u00f1aden fermentos aut\u00f3ctonos seleccionados, cuajo y sal. El periodo m\u00ednimo de maduraci\u00f3n es de 20 d\u00edas, tal como establece el reglamento de producci\u00f3n para poder colocar la marca de la DOP con tinta. Generalmente se consume al cabo de 30-45 d\u00edas y su sabor dulce y delicado evoca el aroma de los pastos de la Maremma y la Toscana.<\/p>\n","protected":false},"featured_media":8973,"comment_status":"closed","ping_status":"closed","template":"","meta":{"_acf_changed":false,"inline_featured_image":false},"product_brand":[],"product_cat":[599],"product_tag":[],"class_list":{"0":"post-10464","1":"product","2":"type-product","3":"status-publish","4":"has-post-thumbnail","6":"product_cat-quesos","7":"pa_brand-caseificio-sociale-di-manciano-es","8":"pa_nazionalita-italia-es","9":"pa_tipologia-producto-d-o-p","10":"pa_tipologia-queso-con-leche-de-oveja","11":"pa_tipologia-queso-fresco","12":"pa_tipologia-queso-pecorino","14":"first","15":"instock","16":"shipping-taxable","17":"product-type-simple"},"acf":[],"_links":{"self":[{"href":"https:\/\/ingredients.saccosystem.com\/es\/wp-json\/wp\/v2\/product\/10464","targetHints":{"allow":["GET"]}}],"collection":[{"href":"https:\/\/ingredients.saccosystem.com\/es\/wp-json\/wp\/v2\/product"}],"about":[{"href":"https:\/\/ingredients.saccosystem.com\/es\/wp-json\/wp\/v2\/types\/product"}],"replies":[{"embeddable":true,"href":"https:\/\/ingredients.saccosystem.com\/es\/wp-json\/wp\/v2\/comments?post=10464"}],"wp:featuredmedia":[{"embeddable":true,"href":"https:\/\/ingredients.saccosystem.com\/es\/wp-json\/wp\/v2\/media\/8973"}],"wp:attachment":[{"href":"https:\/\/ingredients.saccosystem.com\/es\/wp-json\/wp\/v2\/media?parent=10464"}],"wp:term":[{"taxonomy":"product_brand","embeddable":true,"href":"https:\/\/ingredients.saccosystem.com\/es\/wp-json\/wp\/v2\/product_brand?post=10464"},{"taxonomy":"product_cat","embeddable":true,"href":"https:\/\/ingredients.saccosystem.com\/es\/wp-json\/wp\/v2\/product_cat?post=10464"},{"taxonomy":"product_tag","embeddable":true,"href":"https:\/\/ingredients.saccosystem.com\/es\/wp-json\/wp\/v2\/product_tag?post=10464"}],"curies":[{"name":"wp","href":"https:\/\/api.w.org\/{rel}","templated":true}]}}