{"id":10468,"date":"2023-08-08T11:54:15","date_gmt":"2023-08-08T09:54:15","guid":{"rendered":"https:\/\/ingredients.saccosystem.com\/prodotto\/pecorino-toscano-dop-madurado\/"},"modified":"2024-07-16T13:12:23","modified_gmt":"2024-07-16T11:12:23","slug":"pecorino-toscano-dop-madurado","status":"publish","type":"product","link":"https:\/\/ingredients.saccosystem.com\/es\/prodotto\/pecorino-toscano-dop-madurado\/","title":{"rendered":"Pecorino Toscano DOP Madurado"},"content":{"rendered":"","protected":false},"excerpt":{"rendered":"<p>El Pecorino Toscano DOP curado se reconoce por la marca DOP. Tiene un periodo de maduraci\u00f3n m\u00ednimo de 120 d\u00edas y su pasta es ligeramente pajiza, con ojos peque\u00f1os. El sabor es intenso y ligeramente picante. Es un queso apto tanto para el consumo en mesa como rallado o ingrediente sabroso para enriquecer los platos tradicionales toscanos e italianos.<\/p>\n","protected":false},"featured_media":8977,"comment_status":"closed","ping_status":"closed","template":"","meta":{"_acf_changed":false,"inline_featured_image":false},"product_brand":[],"product_cat":[599],"product_tag":[],"class_list":{"0":"post-10468","1":"product","2":"type-product","3":"status-publish","4":"has-post-thumbnail","6":"product_cat-quesos","7":"pa_brand-caseificio-sociale-di-manciano-es","8":"pa_nazionalita-italia-es","9":"pa_tipologia-producto-d-o-p","10":"pa_tipologia-queso-con-leche-de-oveja","11":"pa_tipologia-queso-curado","12":"pa_tipologia-queso-pecorino","14":"first","15":"instock","16":"shipping-taxable","17":"product-type-simple"},"acf":[],"_links":{"self":[{"href":"https:\/\/ingredients.saccosystem.com\/es\/wp-json\/wp\/v2\/product\/10468","targetHints":{"allow":["GET"]}}],"collection":[{"href":"https:\/\/ingredients.saccosystem.com\/es\/wp-json\/wp\/v2\/product"}],"about":[{"href":"https:\/\/ingredients.saccosystem.com\/es\/wp-json\/wp\/v2\/types\/product"}],"replies":[{"embeddable":true,"href":"https:\/\/ingredients.saccosystem.com\/es\/wp-json\/wp\/v2\/comments?post=10468"}],"wp:featuredmedia":[{"embeddable":true,"href":"https:\/\/ingredients.saccosystem.com\/es\/wp-json\/wp\/v2\/media\/8977"}],"wp:attachment":[{"href":"https:\/\/ingredients.saccosystem.com\/es\/wp-json\/wp\/v2\/media?parent=10468"}],"wp:term":[{"taxonomy":"product_brand","embeddable":true,"href":"https:\/\/ingredients.saccosystem.com\/es\/wp-json\/wp\/v2\/product_brand?post=10468"},{"taxonomy":"product_cat","embeddable":true,"href":"https:\/\/ingredients.saccosystem.com\/es\/wp-json\/wp\/v2\/product_cat?post=10468"},{"taxonomy":"product_tag","embeddable":true,"href":"https:\/\/ingredients.saccosystem.com\/es\/wp-json\/wp\/v2\/product_tag?post=10468"}],"curies":[{"name":"wp","href":"https:\/\/api.w.org\/{rel}","templated":true}]}}