{"id":10469,"date":"2023-08-08T11:57:48","date_gmt":"2023-08-08T09:57:48","guid":{"rendered":"https:\/\/ingredients.saccosystem.com\/prodotto\/pecorino-toscano-dop-madurado-12-meses\/"},"modified":"2024-07-16T13:11:32","modified_gmt":"2024-07-16T11:11:32","slug":"pecorino-toscano-dop-madurado-12-meses","status":"publish","type":"product","link":"https:\/\/ingredients.saccosystem.com\/es\/prodotto\/pecorino-toscano-dop-madurado-12-meses\/","title":{"rendered":"Pecorino Toscano DOP Madurado 12 meses"},"content":{"rendered":"","protected":false},"excerpt":{"rendered":"<div class=\"vc_row wpb_row vc_row-fluid\">\n<div class=\"wpb_column vc_column_container vc_col-sm-12\">\n<div class=\"vc_column-inner vc_custom_1484828983369\">\n<div class=\"wpb_wrapper\">\n<div class=\"wpb_text_column wpb_content_element\">\n<div class=\"wpb_wrapper\">\n<p class=\"p1\"><span class=\"s1\">El<strong> Pecorino Toscano DOP Stagionato<\/strong> puede definirse como tal tras al menos cuatro meses de maduraci\u00f3n.<\/span><\/p>\n<p class=\"p1\"><span class=\"s1\">Con la maduraci\u00f3n m\u00ednima garantizada de doce meses, sin embargo, hemos optado por dar una connotaci\u00f3n m\u00e1s precisa a un producto que, precisamente por el paso del tiempo, es capaz de expresar al m\u00e1ximo todas las fragancias y aromas t\u00edpicos de nuestro Pecorino Toscano DOP Stagionato Classico. Las condiciones especiales de maduraci\u00f3n, concebidas para maximizar las caracter\u00edsticas organol\u00e9pticas, no afectan, sin embargo, a su estructura, que sigue siendo la de un queso de mesa agradable.<\/span><\/p>\n<\/div>\n<\/div>\n<\/div>\n<\/div>\n<\/div>\n<\/div>\n<div class=\"vc_row wpb_row vc_row-fluid\">\n<div class=\"wpb_column vc_column_container vc_col-sm-6\">\n<div class=\"vc_column-inner vc_custom_1484828983369\">\n<div class=\"wpb_wrapper\">\n<div class=\"wpb_text_column wpb_content_element\">\n<div class=\"wpb_wrapper\">\n<p><strong>Maduraci\u00f3n:<\/strong> 12 meses como m\u00ednimo<br \/>\n<strong>Disponibilidad del producto:<\/strong> todo el a\u00f1o<br \/>\n<strong>Temperatura de almacenamiento:<\/strong> 6-8 \u00b0C<br \/>\n<strong>Peso del queso entero:<\/strong> aprox. 2,0 kg<br \/>\n<strong>Dimensiones de la forma completa (di\u00e1metro x altura):<\/strong> 19 x 9 cm<\/p>\n<\/div>\n<\/div>\n<\/div>\n<\/div>\n<\/div>\n<\/div>\n","protected":false},"featured_media":8979,"comment_status":"closed","ping_status":"closed","template":"","meta":{"_acf_changed":false,"inline_featured_image":false},"product_brand":[],"product_cat":[599],"product_tag":[],"class_list":{"0":"post-10469","1":"product","2":"type-product","3":"status-publish","4":"has-post-thumbnail","6":"product_cat-quesos","7":"pa_brand-caseificio-sociale-di-manciano-es","8":"pa_nazionalita-italia-es","9":"pa_tipologia-producto-d-o-p","10":"pa_tipologia-queso-con-leche-de-oveja","11":"pa_tipologia-queso-curado","12":"pa_tipologia-queso-pecorino","14":"first","15":"instock","16":"shipping-taxable","17":"product-type-simple"},"acf":[],"_links":{"self":[{"href":"https:\/\/ingredients.saccosystem.com\/es\/wp-json\/wp\/v2\/product\/10469","targetHints":{"allow":["GET"]}}],"collection":[{"href":"https:\/\/ingredients.saccosystem.com\/es\/wp-json\/wp\/v2\/product"}],"about":[{"href":"https:\/\/ingredients.saccosystem.com\/es\/wp-json\/wp\/v2\/types\/product"}],"replies":[{"embeddable":true,"href":"https:\/\/ingredients.saccosystem.com\/es\/wp-json\/wp\/v2\/comments?post=10469"}],"wp:featuredmedia":[{"embeddable":true,"href":"https:\/\/ingredients.saccosystem.com\/es\/wp-json\/wp\/v2\/media\/8979"}],"wp:attachment":[{"href":"https:\/\/ingredients.saccosystem.com\/es\/wp-json\/wp\/v2\/media?parent=10469"}],"wp:term":[{"taxonomy":"product_brand","embeddable":true,"href":"https:\/\/ingredients.saccosystem.com\/es\/wp-json\/wp\/v2\/product_brand?post=10469"},{"taxonomy":"product_cat","embeddable":true,"href":"https:\/\/ingredients.saccosystem.com\/es\/wp-json\/wp\/v2\/product_cat?post=10469"},{"taxonomy":"product_tag","embeddable":true,"href":"https:\/\/ingredients.saccosystem.com\/es\/wp-json\/wp\/v2\/product_tag?post=10469"}],"curies":[{"name":"wp","href":"https:\/\/api.w.org\/{rel}","templated":true}]}}