{"id":10475,"date":"2023-08-08T12:38:53","date_gmt":"2023-08-08T10:38:53","guid":{"rendered":"https:\/\/ingredients.saccosystem.com\/prodotto\/pecorino-toscano-dop-ecologico\/"},"modified":"2024-07-16T13:11:01","modified_gmt":"2024-07-16T11:11:01","slug":"pecorino-toscano-dop-ecologico","status":"publish","type":"product","link":"https:\/\/ingredients.saccosystem.com\/es\/prodotto\/pecorino-toscano-dop-ecologico\/","title":{"rendered":"Pecorino Toscano DOP Ecol\u00f3gico"},"content":{"rendered":"","protected":false},"excerpt":{"rendered":"<div class=\"vc_row wpb_row vc_row-fluid\">\n<div class=\"wpb_column vc_column_container vc_col-sm-12\">\n<div class=\"vc_column-inner vc_custom_1484828983369\">\n<div class=\"wpb_wrapper\">\n<div class=\"wpb_text_column wpb_content_element\">\n<div class=\"wpb_wrapper\">\n<p class=\"p1\">El Pecorino Toscano DOP ecol\u00f3gico se produce con leche de oveja de cr\u00eda ecol\u00f3gica. Sabor suave y delicado si es fresco o m\u00e1s intenso si es maduro. Es bueno tanto como queso de mesa como aperitivo, plato principal o ingrediente de primeros platos, segundos platos y postres.<\/p>\n<p><strong>Maduraci\u00f3n:<\/strong> 45 &#8211; 60 d\u00edas<br \/>\n<strong>Disponibilidad del producto:<\/strong> todo el a\u00f1o<br \/>\n<strong>Temperatura de almacenamiento:<\/strong> 6-8 \u00b0C<br \/>\n<strong>Peso del queso entero:<\/strong> 1,7 kg aprox.<br \/>\n<strong>Dimensiones de la forma completa (di\u00e1metro x altura):<\/strong> 17 x 8 cm<\/p>\n<\/div>\n<\/div>\n<\/div>\n<\/div>\n<\/div>\n<\/div>\n","protected":false},"featured_media":8989,"comment_status":"closed","ping_status":"closed","template":"","meta":{"_acf_changed":false,"inline_featured_image":false},"product_brand":[],"product_cat":[599],"product_tag":[],"class_list":{"0":"post-10475","1":"product","2":"type-product","3":"status-publish","4":"has-post-thumbnail","6":"product_cat-quesos","7":"pa_brand-caseificio-sociale-di-manciano-es","8":"pa_nazionalita-italia-es","9":"pa_tipologia-bio-es","10":"pa_tipologia-producto-d-o-p","11":"pa_tipologia-queso-bio","12":"pa_tipologia-queso-con-leche-de-oveja","13":"pa_tipologia-queso-curado","14":"pa_tipologia-queso-pecorino","16":"first","17":"instock","18":"shipping-taxable","19":"product-type-simple"},"acf":[],"_links":{"self":[{"href":"https:\/\/ingredients.saccosystem.com\/es\/wp-json\/wp\/v2\/product\/10475","targetHints":{"allow":["GET"]}}],"collection":[{"href":"https:\/\/ingredients.saccosystem.com\/es\/wp-json\/wp\/v2\/product"}],"about":[{"href":"https:\/\/ingredients.saccosystem.com\/es\/wp-json\/wp\/v2\/types\/product"}],"replies":[{"embeddable":true,"href":"https:\/\/ingredients.saccosystem.com\/es\/wp-json\/wp\/v2\/comments?post=10475"}],"wp:featuredmedia":[{"embeddable":true,"href":"https:\/\/ingredients.saccosystem.com\/es\/wp-json\/wp\/v2\/media\/8989"}],"wp:attachment":[{"href":"https:\/\/ingredients.saccosystem.com\/es\/wp-json\/wp\/v2\/media?parent=10475"}],"wp:term":[{"taxonomy":"product_brand","embeddable":true,"href":"https:\/\/ingredients.saccosystem.com\/es\/wp-json\/wp\/v2\/product_brand?post=10475"},{"taxonomy":"product_cat","embeddable":true,"href":"https:\/\/ingredients.saccosystem.com\/es\/wp-json\/wp\/v2\/product_cat?post=10475"},{"taxonomy":"product_tag","embeddable":true,"href":"https:\/\/ingredients.saccosystem.com\/es\/wp-json\/wp\/v2\/product_tag?post=10475"}],"curies":[{"name":"wp","href":"https:\/\/api.w.org\/{rel}","templated":true}]}}