{"id":10477,"date":"2023-08-08T13:08:41","date_gmt":"2023-08-08T11:08:41","guid":{"rendered":"https:\/\/ingredients.saccosystem.com\/prodotto\/yogur-blanco-colado\/"},"modified":"2024-07-16T13:08:53","modified_gmt":"2024-07-16T11:08:53","slug":"yogur-blanco-colado","status":"publish","type":"product","link":"https:\/\/ingredients.saccosystem.com\/es\/prodotto\/yogur-blanco-colado\/","title":{"rendered":"Yogur blanco colado"},"content":{"rendered":"","protected":false},"excerpt":{"rendered":"<p>Yogur naturalmente bueno.<\/p>\n<p>El cremoso queso blanco del Caseificio Val d&#8217;Aveto no necesita trucos: tiene unas caracter\u00edsticas nutricionales \u00fanicas, es un alimento completo, pero sobre todo encierra en una cucharadita toda la bondad de la leche y la naturaleza del valle del Val d&#8217;Aveto. El yogur se somete a un tratamiento espec\u00edfico de eliminaci\u00f3n del suero (proceso de colado) que lo hace espeso y cremoso. No contiene aditivos qu\u00edmicos ni espesantes, ni nata ni az\u00facar.<\/p>\n<p>El yogur blanco integral tiene unas caracter\u00edsticas nutricionales \u00fanicas: es un alimento completo, que contiene hidratos de carbono, prote\u00ednas y grasas en proporciones casi \u00f3ptimas. Las enzimas de la leche que contiene nos ayudan a asimilar el calcio y a restablecer nuestra flora bacteriana. Adem\u00e1s, el yogur tiene otra excelente propiedad: es m\u00e1s ligero y digerible que la leche, gracias a la fermentaci\u00f3n que favorece la asimilaci\u00f3n de todos los nutrientes de la leche, por lo que a menudo incluso los intolerantes a la leche toleran muy bien el yogur.<\/p>\n","protected":false},"featured_media":8993,"comment_status":"closed","ping_status":"closed","template":"","meta":{"_acf_changed":false,"inline_featured_image":false},"product_brand":[],"product_cat":[483],"product_tag":[],"class_list":{"0":"post-10477","1":"product","2":"type-product","3":"status-publish","4":"has-post-thumbnail","6":"product_cat-yogur","7":"pa_brand-caseificio-val-daveto-es","8":"pa_nazionalita-italia-es","9":"pa_tipologia-yogur-colado","11":"first","12":"instock","13":"shipping-taxable","14":"product-type-simple"},"acf":[],"_links":{"self":[{"href":"https:\/\/ingredients.saccosystem.com\/es\/wp-json\/wp\/v2\/product\/10477","targetHints":{"allow":["GET"]}}],"collection":[{"href":"https:\/\/ingredients.saccosystem.com\/es\/wp-json\/wp\/v2\/product"}],"about":[{"href":"https:\/\/ingredients.saccosystem.com\/es\/wp-json\/wp\/v2\/types\/product"}],"replies":[{"embeddable":true,"href":"https:\/\/ingredients.saccosystem.com\/es\/wp-json\/wp\/v2\/comments?post=10477"}],"wp:featuredmedia":[{"embeddable":true,"href":"https:\/\/ingredients.saccosystem.com\/es\/wp-json\/wp\/v2\/media\/8993"}],"wp:attachment":[{"href":"https:\/\/ingredients.saccosystem.com\/es\/wp-json\/wp\/v2\/media?parent=10477"}],"wp:term":[{"taxonomy":"product_brand","embeddable":true,"href":"https:\/\/ingredients.saccosystem.com\/es\/wp-json\/wp\/v2\/product_brand?post=10477"},{"taxonomy":"product_cat","embeddable":true,"href":"https:\/\/ingredients.saccosystem.com\/es\/wp-json\/wp\/v2\/product_cat?post=10477"},{"taxonomy":"product_tag","embeddable":true,"href":"https:\/\/ingredients.saccosystem.com\/es\/wp-json\/wp\/v2\/product_tag?post=10477"}],"curies":[{"name":"wp","href":"https:\/\/api.w.org\/{rel}","templated":true}]}}