{"id":10481,"date":"2023-08-08T14:16:25","date_gmt":"2023-08-08T12:16:25","guid":{"rendered":"https:\/\/ingredients.saccosystem.com\/prodotto\/yogur-colado-con-naranja-y-jengibre\/"},"modified":"2024-07-16T13:08:41","modified_gmt":"2024-07-16T11:08:41","slug":"yogur-colado-con-naranja-y-jengibre","status":"publish","type":"product","link":"https:\/\/ingredients.saccosystem.com\/es\/prodotto\/yogur-colado-con-naranja-y-jengibre\/","title":{"rendered":"Yogur colado con naranja y jengibre"},"content":{"rendered":"","protected":false},"excerpt":{"rendered":"<p>Proviene de la combinaci\u00f3n de jugosas naranjas rubias y una pizca de jengibre, un encuentro para calmar la sed con un toque ex\u00f3tico. Un toque de frescura, con un sabor que destaca: notas c\u00edtricas y ligeramente picantes, pero tambi\u00e9n genuinas y nutritivas. El yogur se somete a un tratamiento espec\u00edfico de eliminaci\u00f3n del suero (proceso de colado) que lo hace espeso y cremoso. No contiene aditivos qu\u00edmicos ni espesantes, ni nata ni az\u00facares; los az\u00facares a\u00f1adidos s\u00f3lo est\u00e1n presentes en el pur\u00e9 de fruta.<\/p>\n<p>Una novedosa combinaci\u00f3n que a\u00fana las propiedades antioxidantes y refrescantes de la naranja con las digestivas y antiinflamatorias del jengibre.<br \/>\nUna mezcla perfecta para un desayuno saludable, o un tentempi\u00e9 para romper el hambre, que se combina con una buena dosis de muesli crujiente o un poco de fruta fresca de temporada.<\/p>\n","protected":false},"featured_media":8995,"comment_status":"closed","ping_status":"closed","template":"","meta":{"_acf_changed":false,"inline_featured_image":false},"product_brand":[],"product_cat":[483],"product_tag":[],"class_list":{"0":"post-10481","1":"product","2":"type-product","3":"status-publish","4":"has-post-thumbnail","6":"product_cat-yogur","7":"pa_brand-caseificio-val-daveto-es","8":"pa_nazionalita-italia-es","9":"pa_tipologia-yogur-colado","11":"first","12":"instock","13":"shipping-taxable","14":"product-type-simple"},"acf":[],"_links":{"self":[{"href":"https:\/\/ingredients.saccosystem.com\/es\/wp-json\/wp\/v2\/product\/10481","targetHints":{"allow":["GET"]}}],"collection":[{"href":"https:\/\/ingredients.saccosystem.com\/es\/wp-json\/wp\/v2\/product"}],"about":[{"href":"https:\/\/ingredients.saccosystem.com\/es\/wp-json\/wp\/v2\/types\/product"}],"replies":[{"embeddable":true,"href":"https:\/\/ingredients.saccosystem.com\/es\/wp-json\/wp\/v2\/comments?post=10481"}],"wp:featuredmedia":[{"embeddable":true,"href":"https:\/\/ingredients.saccosystem.com\/es\/wp-json\/wp\/v2\/media\/8995"}],"wp:attachment":[{"href":"https:\/\/ingredients.saccosystem.com\/es\/wp-json\/wp\/v2\/media?parent=10481"}],"wp:term":[{"taxonomy":"product_brand","embeddable":true,"href":"https:\/\/ingredients.saccosystem.com\/es\/wp-json\/wp\/v2\/product_brand?post=10481"},{"taxonomy":"product_cat","embeddable":true,"href":"https:\/\/ingredients.saccosystem.com\/es\/wp-json\/wp\/v2\/product_cat?post=10481"},{"taxonomy":"product_tag","embeddable":true,"href":"https:\/\/ingredients.saccosystem.com\/es\/wp-json\/wp\/v2\/product_tag?post=10481"}],"curies":[{"name":"wp","href":"https:\/\/api.w.org\/{rel}","templated":true}]}}