{"id":10483,"date":"2023-08-08T14:31:56","date_gmt":"2023-08-08T12:31:56","guid":{"rendered":"https:\/\/ingredients.saccosystem.com\/prodotto\/yogur-colado-con-fresas-silvestres-y-bizcochos-de-soletilla\/"},"modified":"2024-07-16T13:07:59","modified_gmt":"2024-07-16T11:07:59","slug":"yogur-colado-con-fresas-silvestres-y-bizcochos-de-soletilla","status":"publish","type":"product","link":"https:\/\/ingredients.saccosystem.com\/es\/prodotto\/yogur-colado-con-fresas-silvestres-y-bizcochos-de-soletilla\/","title":{"rendered":"Yogur colado con fresas silvestres y bizcochos de soletilla"},"content":{"rendered":"","protected":false},"excerpt":{"rendered":"<p>Una nueva y original creaci\u00f3n para el yogur colado, que ve la fruta del bosque m\u00e1s apreciada por su intenso sabor y embriagadora fragancia envuelta en la dulzura y el desmenuzamiento de la galleta popular en todas las regiones de Italia, la saboyana. Una combinaci\u00f3n ins\u00f3lita para mimarse y disfrutar de la reposter\u00eda m\u00e1s dulce y del sabor de la naturaleza espont\u00e1nea y viva.<\/p>\n<p>El yogur se somete a un tratamiento espec\u00edfico de eliminaci\u00f3n del suero (proceso de colado) que lo hace espeso y cremoso.<\/p>\n<p>&nbsp;<\/p>\n","protected":false},"featured_media":8999,"comment_status":"closed","ping_status":"closed","template":"","meta":{"_acf_changed":false,"inline_featured_image":false},"product_brand":[],"product_cat":[483],"product_tag":[],"class_list":{"0":"post-10483","1":"product","2":"type-product","3":"status-publish","4":"has-post-thumbnail","6":"product_cat-yogur","7":"pa_brand-caseificio-val-daveto-es","8":"pa_nazionalita-italia-es","9":"pa_tipologia-yogur-colado","11":"first","12":"instock","13":"shipping-taxable","14":"product-type-simple"},"acf":[],"_links":{"self":[{"href":"https:\/\/ingredients.saccosystem.com\/es\/wp-json\/wp\/v2\/product\/10483","targetHints":{"allow":["GET"]}}],"collection":[{"href":"https:\/\/ingredients.saccosystem.com\/es\/wp-json\/wp\/v2\/product"}],"about":[{"href":"https:\/\/ingredients.saccosystem.com\/es\/wp-json\/wp\/v2\/types\/product"}],"replies":[{"embeddable":true,"href":"https:\/\/ingredients.saccosystem.com\/es\/wp-json\/wp\/v2\/comments?post=10483"}],"wp:featuredmedia":[{"embeddable":true,"href":"https:\/\/ingredients.saccosystem.com\/es\/wp-json\/wp\/v2\/media\/8999"}],"wp:attachment":[{"href":"https:\/\/ingredients.saccosystem.com\/es\/wp-json\/wp\/v2\/media?parent=10483"}],"wp:term":[{"taxonomy":"product_brand","embeddable":true,"href":"https:\/\/ingredients.saccosystem.com\/es\/wp-json\/wp\/v2\/product_brand?post=10483"},{"taxonomy":"product_cat","embeddable":true,"href":"https:\/\/ingredients.saccosystem.com\/es\/wp-json\/wp\/v2\/product_cat?post=10483"},{"taxonomy":"product_tag","embeddable":true,"href":"https:\/\/ingredients.saccosystem.com\/es\/wp-json\/wp\/v2\/product_tag?post=10483"}],"curies":[{"name":"wp","href":"https:\/\/api.w.org\/{rel}","templated":true}]}}