{"id":10490,"date":"2023-08-08T12:57:45","date_gmt":"2023-08-08T10:57:45","guid":{"rendered":"https:\/\/ingredients.saccosystem.com\/prodotto\/pecorino-toscano-dop-manciano-rojo\/"},"modified":"2024-07-16T13:10:02","modified_gmt":"2024-07-16T11:10:02","slug":"pecorino-toscano-dop-manciano-rojo","status":"publish","type":"product","link":"https:\/\/ingredients.saccosystem.com\/es\/prodotto\/pecorino-toscano-dop-manciano-rojo\/","title":{"rendered":"Pecorino Toscano DOP Manciano rojo"},"content":{"rendered":"","protected":false},"excerpt":{"rendered":"<div class=\"vc_row wpb_row vc_row-fluid\">\n<div class=\"wpb_column vc_column_container vc_col-sm-12\">\n<div class=\"vc_column-inner vc_custom_1484828983369\">\n<div class=\"wpb_wrapper\">\n<div class=\"wpb_text_column wpb_content_element\">\n<div class=\"wpb_wrapper\">\n<p class=\"p1\">El Pecorino Toscano DOP Rosso Manciano es un queso blando y compacto, con un per\u00edodo m\u00ednimo de maduraci\u00f3n de 20 d\u00edas, seg\u00fan lo previsto por el Reglamento de Producci\u00f3n del Pecorino Toscano DOP, pero que se consume mejor tras un per\u00edodo de maduraci\u00f3n de 40-60 d\u00edas. Tratado en corteza con pasta de tomate doble y aceite de oliva virgen extra IGP Toscana, este queso conserva el sabor de la leche fresca con notas de mantequilla y una ligera acidez, caracter\u00edstica de los pecorinos j\u00f3venes.<\/p>\n<p><strong>Maduraci\u00f3n:<\/strong> 40 &#8211; 60 d\u00edas<\/p>\n<p><strong>Disponibilidad del producto:<\/strong> todo el a\u00f1o<br \/>\n<strong>Temperatura de almacenamiento:<\/strong> 6-8 \u00b0C<br \/>\n<strong>Peso del queso entero:<\/strong> 2,2 kg aprox.<br \/>\n<strong>Dimensiones de la forma completa (di\u00e1metro x altura):<\/strong> 19 x 8 cm<\/p>\n<\/div>\n<\/div>\n<\/div>\n<\/div>\n<\/div>\n<\/div>\n","protected":false},"featured_media":8991,"comment_status":"closed","ping_status":"closed","template":"","meta":{"_acf_changed":false,"inline_featured_image":false},"product_brand":[],"product_cat":[599],"product_tag":[],"class_list":{"0":"post-10490","1":"product","2":"type-product","3":"status-publish","4":"has-post-thumbnail","6":"product_cat-quesos","7":"pa_brand-caseificio-sociale-di-manciano-es","8":"pa_nazionalita-italia-es","9":"pa_tipologia-producto-d-o-p","10":"pa_tipologia-queso-con-leche-de-oveja","11":"pa_tipologia-queso-curado","12":"pa_tipologia-queso-pecorino","14":"first","15":"instock","16":"shipping-taxable","17":"product-type-simple"},"acf":[],"_links":{"self":[{"href":"https:\/\/ingredients.saccosystem.com\/es\/wp-json\/wp\/v2\/product\/10490","targetHints":{"allow":["GET"]}}],"collection":[{"href":"https:\/\/ingredients.saccosystem.com\/es\/wp-json\/wp\/v2\/product"}],"about":[{"href":"https:\/\/ingredients.saccosystem.com\/es\/wp-json\/wp\/v2\/types\/product"}],"replies":[{"embeddable":true,"href":"https:\/\/ingredients.saccosystem.com\/es\/wp-json\/wp\/v2\/comments?post=10490"}],"wp:featuredmedia":[{"embeddable":true,"href":"https:\/\/ingredients.saccosystem.com\/es\/wp-json\/wp\/v2\/media\/8991"}],"wp:attachment":[{"href":"https:\/\/ingredients.saccosystem.com\/es\/wp-json\/wp\/v2\/media?parent=10490"}],"wp:term":[{"taxonomy":"product_brand","embeddable":true,"href":"https:\/\/ingredients.saccosystem.com\/es\/wp-json\/wp\/v2\/product_brand?post=10490"},{"taxonomy":"product_cat","embeddable":true,"href":"https:\/\/ingredients.saccosystem.com\/es\/wp-json\/wp\/v2\/product_cat?post=10490"},{"taxonomy":"product_tag","embeddable":true,"href":"https:\/\/ingredients.saccosystem.com\/es\/wp-json\/wp\/v2\/product_tag?post=10490"}],"curies":[{"name":"wp","href":"https:\/\/api.w.org\/{rel}","templated":true}]}}