{"id":10491,"date":"2023-08-08T15:33:09","date_gmt":"2023-08-08T13:33:09","guid":{"rendered":"https:\/\/ingredients.saccosystem.com\/prodotto\/grana-padano-riserva-zanetti\/"},"modified":"2024-07-16T13:05:39","modified_gmt":"2024-07-16T11:05:39","slug":"grana-padano-riserva-zanetti","status":"publish","type":"product","link":"https:\/\/ingredients.saccosystem.com\/es\/prodotto\/grana-padano-riserva-zanetti\/","title":{"rendered":"Grana Padano Riserva Zanetti"},"content":{"rendered":"","protected":false},"excerpt":{"rendered":"<div class=\"vc_row wpb_row vc_row-fluid\">\n<div class=\"wpb_column vc_column_container vc_col-sm-12\">\n<div class=\"vc_column-inner vc_custom_1484828983369\">\n<div class=\"wpb_wrapper\">\n<div class=\"wpb_text_column wpb_content_element\">\n<div class=\"wpb_wrapper\">\n<p class=\"p1\">La transformaci\u00f3n de la leche que se convertir\u00e1 en Grana Parado comienza en pocas horas, para preservar su frescura y sus propiedades organol\u00e9pticas. Los quesos j\u00f3venes llevan la marca del consorcio para garantizar la trazabilidad y el control de la cadena de suministro: s\u00f3lo los mejores quesos obtienen la prestigiosa marca Riserva.<\/p>\n<\/div>\n<\/div>\n<\/div>\n<\/div>\n<\/div>\n<\/div>\n","protected":false},"featured_media":9015,"comment_status":"closed","ping_status":"closed","template":"","meta":{"_acf_changed":false,"inline_featured_image":false},"product_brand":[],"product_cat":[599],"product_tag":[],"class_list":{"0":"post-10491","1":"product","2":"type-product","3":"status-publish","4":"has-post-thumbnail","6":"product_cat-quesos","7":"pa_brand-zanetti","8":"pa_nazionalita-italia-es","9":"pa_tipologia-grana-padano-es","10":"pa_tipologia-producto-d-o-p","11":"pa_tipologia-queso-curado","13":"first","14":"instock","15":"shipping-taxable","16":"product-type-simple"},"acf":[],"_links":{"self":[{"href":"https:\/\/ingredients.saccosystem.com\/es\/wp-json\/wp\/v2\/product\/10491","targetHints":{"allow":["GET"]}}],"collection":[{"href":"https:\/\/ingredients.saccosystem.com\/es\/wp-json\/wp\/v2\/product"}],"about":[{"href":"https:\/\/ingredients.saccosystem.com\/es\/wp-json\/wp\/v2\/types\/product"}],"replies":[{"embeddable":true,"href":"https:\/\/ingredients.saccosystem.com\/es\/wp-json\/wp\/v2\/comments?post=10491"}],"wp:featuredmedia":[{"embeddable":true,"href":"https:\/\/ingredients.saccosystem.com\/es\/wp-json\/wp\/v2\/media\/9015"}],"wp:attachment":[{"href":"https:\/\/ingredients.saccosystem.com\/es\/wp-json\/wp\/v2\/media?parent=10491"}],"wp:term":[{"taxonomy":"product_brand","embeddable":true,"href":"https:\/\/ingredients.saccosystem.com\/es\/wp-json\/wp\/v2\/product_brand?post=10491"},{"taxonomy":"product_cat","embeddable":true,"href":"https:\/\/ingredients.saccosystem.com\/es\/wp-json\/wp\/v2\/product_cat?post=10491"},{"taxonomy":"product_tag","embeddable":true,"href":"https:\/\/ingredients.saccosystem.com\/es\/wp-json\/wp\/v2\/product_tag?post=10491"}],"curies":[{"name":"wp","href":"https:\/\/api.w.org\/{rel}","templated":true}]}}