{"id":10501,"date":"2023-08-08T16:26:33","date_gmt":"2023-08-08T14:26:33","guid":{"rendered":"https:\/\/ingredients.saccosystem.com\/prodotto\/salami-suave\/"},"modified":"2024-07-16T13:01:27","modified_gmt":"2024-07-16T11:01:27","slug":"salami-suave","status":"publish","type":"product","link":"https:\/\/ingredients.saccosystem.com\/es\/prodotto\/salami-suave\/","title":{"rendered":"Salami suave"},"content":{"rendered":"","protected":false},"excerpt":{"rendered":"<p>Elaborado con carne de cerdos italianos pesados, nacidos, criados y sacrificados en Italia. La masa, de grano medio-grueso, se condimenta con sal, pimienta en grano y canela.<\/p>\n<p>Dada la producci\u00f3n artesanal, el peso indicado debe entenderse como el peso medio del producto. El producto est\u00e1 sujeto a una p\u00e9rdida de peso natural.<\/p>\n<p>Vencimiento m\u00ednimo garantizado: 105 d\u00edas<\/p>\n<p>&nbsp;<\/p>\n","protected":false},"featured_media":9031,"comment_status":"closed","ping_status":"closed","template":"","meta":{"_acf_changed":false,"inline_featured_image":false},"product_brand":[],"product_cat":[686],"product_tag":[],"class_list":{"0":"post-10501","1":"product","2":"type-product","3":"status-publish","4":"has-post-thumbnail","6":"product_cat-salumi-es","7":"pa_brand-fumagalli","8":"pa_nazionalita-italia-es","9":"pa_tipologia-salami-es","11":"first","12":"instock","13":"shipping-taxable","14":"product-type-simple"},"acf":[],"_links":{"self":[{"href":"https:\/\/ingredients.saccosystem.com\/es\/wp-json\/wp\/v2\/product\/10501","targetHints":{"allow":["GET"]}}],"collection":[{"href":"https:\/\/ingredients.saccosystem.com\/es\/wp-json\/wp\/v2\/product"}],"about":[{"href":"https:\/\/ingredients.saccosystem.com\/es\/wp-json\/wp\/v2\/types\/product"}],"replies":[{"embeddable":true,"href":"https:\/\/ingredients.saccosystem.com\/es\/wp-json\/wp\/v2\/comments?post=10501"}],"wp:featuredmedia":[{"embeddable":true,"href":"https:\/\/ingredients.saccosystem.com\/es\/wp-json\/wp\/v2\/media\/9031"}],"wp:attachment":[{"href":"https:\/\/ingredients.saccosystem.com\/es\/wp-json\/wp\/v2\/media?parent=10501"}],"wp:term":[{"taxonomy":"product_brand","embeddable":true,"href":"https:\/\/ingredients.saccosystem.com\/es\/wp-json\/wp\/v2\/product_brand?post=10501"},{"taxonomy":"product_cat","embeddable":true,"href":"https:\/\/ingredients.saccosystem.com\/es\/wp-json\/wp\/v2\/product_cat?post=10501"},{"taxonomy":"product_tag","embeddable":true,"href":"https:\/\/ingredients.saccosystem.com\/es\/wp-json\/wp\/v2\/product_tag?post=10501"}],"curies":[{"name":"wp","href":"https:\/\/api.w.org\/{rel}","templated":true}]}}