{"id":10506,"date":"2023-08-09T12:16:08","date_gmt":"2023-08-09T10:16:08","guid":{"rendered":"https:\/\/ingredients.saccosystem.com\/prodotto\/ajo-dulce\/"},"modified":"2024-07-16T12:49:59","modified_gmt":"2024-07-16T10:49:59","slug":"ajo-dulce","status":"publish","type":"product","link":"https:\/\/ingredients.saccosystem.com\/es\/prodotto\/ajo-dulce\/","title":{"rendered":"Ajo dulce"},"content":{"rendered":"","protected":false},"excerpt":{"rendered":"<p>Muchas lonchas gruesas en una pr\u00e1ctica caja de 100 g. Salchich\u00f3n elaborado s\u00f3lo con carne de cerdo italiana baja en grasas, aromatizado con ajo de Vessalico (Baluarte Slow Food) limpiado y mezclado y con vino de la Riviera Ligure di Ponente.<\/p>\n<p>&nbsp;<\/p>\n<p>&nbsp;<\/p>\n<p>Ingrediente Bolsa utilizada LYOCARNI VMB-19<\/p>\n<p>&nbsp;<\/p>\n","protected":false},"featured_media":9075,"comment_status":"closed","ping_status":"closed","template":"","meta":{"_acf_changed":false,"inline_featured_image":false},"product_brand":[],"product_cat":[686],"product_tag":[],"class_list":{"0":"post-10506","1":"product","2":"type-product","3":"status-publish","4":"has-post-thumbnail","6":"product_cat-salumi-es","7":"pa_brand-salumificio-chiesa-es","8":"pa_nazionalita-italia-es","9":"pa_tipologia-salami-es","11":"first","12":"instock","13":"shipping-taxable","14":"product-type-simple"},"acf":[],"_links":{"self":[{"href":"https:\/\/ingredients.saccosystem.com\/es\/wp-json\/wp\/v2\/product\/10506","targetHints":{"allow":["GET"]}}],"collection":[{"href":"https:\/\/ingredients.saccosystem.com\/es\/wp-json\/wp\/v2\/product"}],"about":[{"href":"https:\/\/ingredients.saccosystem.com\/es\/wp-json\/wp\/v2\/types\/product"}],"replies":[{"embeddable":true,"href":"https:\/\/ingredients.saccosystem.com\/es\/wp-json\/wp\/v2\/comments?post=10506"}],"wp:featuredmedia":[{"embeddable":true,"href":"https:\/\/ingredients.saccosystem.com\/es\/wp-json\/wp\/v2\/media\/9075"}],"wp:attachment":[{"href":"https:\/\/ingredients.saccosystem.com\/es\/wp-json\/wp\/v2\/media?parent=10506"}],"wp:term":[{"taxonomy":"product_brand","embeddable":true,"href":"https:\/\/ingredients.saccosystem.com\/es\/wp-json\/wp\/v2\/product_brand?post=10506"},{"taxonomy":"product_cat","embeddable":true,"href":"https:\/\/ingredients.saccosystem.com\/es\/wp-json\/wp\/v2\/product_cat?post=10506"},{"taxonomy":"product_tag","embeddable":true,"href":"https:\/\/ingredients.saccosystem.com\/es\/wp-json\/wp\/v2\/product_tag?post=10506"}],"curies":[{"name":"wp","href":"https:\/\/api.w.org\/{rel}","templated":true}]}}