{"id":10508,"date":"2023-08-09T09:02:41","date_gmt":"2023-08-09T07:02:41","guid":{"rendered":"https:\/\/ingredients.saccosystem.com\/prodotto\/salametto-brianza-dop\/"},"modified":"2024-07-16T13:01:30","modified_gmt":"2024-07-16T11:01:30","slug":"salametto-brianza-dop","status":"publish","type":"product","link":"https:\/\/ingredients.saccosystem.com\/es\/prodotto\/salametto-brianza-dop\/","title":{"rendered":"Salametto Brianza DOP"},"content":{"rendered":"","protected":false},"excerpt":{"rendered":"<p>Producto obtenido a partir de materias primas seleccionadas procedentes exclusivamente de cerdos pesados italianos nacidos, criados y sacrificados en las regiones de Lombard\u00eda, Piamonte y Emilia-Roma\u00f1a. La carne se pica \u00aba grano grueso\u00bb, se sala y se aromatiza de acuerdo con las \u00abNormas de producci\u00f3n del salame de Brianza DOP\u00bb. Dada la producci\u00f3n artesanal, el peso indicado debe entenderse como el peso medio del producto. El producto est\u00e1 sujeto a una p\u00e9rdida de peso natural. Vencimiento m\u00ednimo garantizado: 105 d\u00edas<\/p>\n<p>&nbsp;<\/p>\n","protected":false},"featured_media":9035,"comment_status":"closed","ping_status":"closed","template":"","meta":{"_acf_changed":false,"inline_featured_image":false},"product_brand":[],"product_cat":[686],"product_tag":[],"class_list":{"0":"post-10508","1":"product","2":"type-product","3":"status-publish","4":"has-post-thumbnail","6":"product_cat-salumi-es","7":"pa_brand-fumagalli","8":"pa_nazionalita-italia-es","9":"pa_tipologia-producto-d-o-p","10":"pa_tipologia-salami-es","12":"first","13":"instock","14":"shipping-taxable","15":"product-type-simple"},"acf":[],"_links":{"self":[{"href":"https:\/\/ingredients.saccosystem.com\/es\/wp-json\/wp\/v2\/product\/10508","targetHints":{"allow":["GET"]}}],"collection":[{"href":"https:\/\/ingredients.saccosystem.com\/es\/wp-json\/wp\/v2\/product"}],"about":[{"href":"https:\/\/ingredients.saccosystem.com\/es\/wp-json\/wp\/v2\/types\/product"}],"replies":[{"embeddable":true,"href":"https:\/\/ingredients.saccosystem.com\/es\/wp-json\/wp\/v2\/comments?post=10508"}],"wp:featuredmedia":[{"embeddable":true,"href":"https:\/\/ingredients.saccosystem.com\/es\/wp-json\/wp\/v2\/media\/9035"}],"wp:attachment":[{"href":"https:\/\/ingredients.saccosystem.com\/es\/wp-json\/wp\/v2\/media?parent=10508"}],"wp:term":[{"taxonomy":"product_brand","embeddable":true,"href":"https:\/\/ingredients.saccosystem.com\/es\/wp-json\/wp\/v2\/product_brand?post=10508"},{"taxonomy":"product_cat","embeddable":true,"href":"https:\/\/ingredients.saccosystem.com\/es\/wp-json\/wp\/v2\/product_cat?post=10508"},{"taxonomy":"product_tag","embeddable":true,"href":"https:\/\/ingredients.saccosystem.com\/es\/wp-json\/wp\/v2\/product_tag?post=10508"}],"curies":[{"name":"wp","href":"https:\/\/api.w.org\/{rel}","templated":true}]}}