{"id":10510,"date":"2023-08-09T12:24:28","date_gmt":"2023-08-09T10:24:28","guid":{"rendered":"https:\/\/ingredients.saccosystem.com\/prodotto\/mantequilla-antica-cremeria\/"},"modified":"2024-07-16T12:47:46","modified_gmt":"2024-07-16T10:47:46","slug":"mantequilla-antica-cremeria","status":"publish","type":"product","link":"https:\/\/ingredients.saccosystem.com\/es\/prodotto\/mantequilla-antica-cremeria\/","title":{"rendered":"Mantequilla Antica Cremeria"},"content":{"rendered":"","protected":false},"excerpt":{"rendered":"<p>La mantequilla con cualidades organol\u00e9pticas inigualables nos acompa\u00f1a desde el principio de nuestra historia, en los a\u00f1os cincuenta.<\/p>\n<p>Elaborado \u00fanicamente con nata fresca, cuidadosamente seleccionada y recogida a diario en las mejores lecher\u00edas de la zona de Parma y Reggio Emilia, que utilizan leche garantizada por un estricto pliego de condiciones de producci\u00f3n.<\/p>\n<p>El sabor es profundo y delicado, dulce, los aromas son intensos, caracter\u00edsticos de la leche cruda reci\u00e9n orde\u00f1ada.<\/p>\n","protected":false},"featured_media":9693,"comment_status":"closed","ping_status":"closed","template":"","meta":{"_acf_changed":false,"inline_featured_image":false},"product_brand":[],"product_cat":[455],"product_tag":[],"class_list":{"0":"post-10510","1":"product","2":"type-product","3":"status-publish","4":"has-post-thumbnail","6":"product_cat-mantequilla","7":"pa_brand-montanari-gruzza-es","8":"pa_nazionalita-italia-es","10":"first","11":"instock","12":"shipping-taxable","13":"product-type-simple"},"acf":[],"_links":{"self":[{"href":"https:\/\/ingredients.saccosystem.com\/es\/wp-json\/wp\/v2\/product\/10510","targetHints":{"allow":["GET"]}}],"collection":[{"href":"https:\/\/ingredients.saccosystem.com\/es\/wp-json\/wp\/v2\/product"}],"about":[{"href":"https:\/\/ingredients.saccosystem.com\/es\/wp-json\/wp\/v2\/types\/product"}],"replies":[{"embeddable":true,"href":"https:\/\/ingredients.saccosystem.com\/es\/wp-json\/wp\/v2\/comments?post=10510"}],"wp:featuredmedia":[{"embeddable":true,"href":"https:\/\/ingredients.saccosystem.com\/es\/wp-json\/wp\/v2\/media\/9693"}],"wp:attachment":[{"href":"https:\/\/ingredients.saccosystem.com\/es\/wp-json\/wp\/v2\/media?parent=10510"}],"wp:term":[{"taxonomy":"product_brand","embeddable":true,"href":"https:\/\/ingredients.saccosystem.com\/es\/wp-json\/wp\/v2\/product_brand?post=10510"},{"taxonomy":"product_cat","embeddable":true,"href":"https:\/\/ingredients.saccosystem.com\/es\/wp-json\/wp\/v2\/product_cat?post=10510"},{"taxonomy":"product_tag","embeddable":true,"href":"https:\/\/ingredients.saccosystem.com\/es\/wp-json\/wp\/v2\/product_tag?post=10510"}],"curies":[{"name":"wp","href":"https:\/\/api.w.org\/{rel}","templated":true}]}}