{"id":10513,"date":"2023-08-09T12:22:37","date_gmt":"2023-08-09T10:22:37","guid":{"rendered":"https:\/\/ingredients.saccosystem.com\/prodotto\/schiacciata-de-trufa\/"},"modified":"2024-07-16T12:49:47","modified_gmt":"2024-07-16T10:49:47","slug":"schiacciata-de-trufa","status":"publish","type":"product","link":"https:\/\/ingredients.saccosystem.com\/es\/prodotto\/schiacciata-de-trufa\/","title":{"rendered":"Schiacciata de trufa"},"content":{"rendered":"","protected":false},"excerpt":{"rendered":"<p>Al cortarla, la schiacciata de trufa madurada lentamente desprende el aroma de la trufa de verano almacenada en su interior. Para su elaboraci\u00f3n se utilizan carnes seleccionadas, en tres moliendas diferentes para obtener el car\u00e1cter t\u00edpico del embutido. La trufa picada da a la rebanada un sabor fuerte.<\/p>\n<p>&nbsp;<\/p>\n<p>Ingrediente Bolsa utilizada LYOCARNI VMB-19<\/p>\n","protected":false},"featured_media":9077,"comment_status":"closed","ping_status":"closed","template":"","meta":{"_acf_changed":false,"inline_featured_image":false},"product_brand":[],"product_cat":[686],"product_tag":[],"class_list":{"0":"post-10513","1":"product","2":"type-product","3":"status-publish","4":"has-post-thumbnail","6":"product_cat-salumi-es","7":"pa_brand-salumificio-chiesa-es","8":"pa_nazionalita-italia-es","9":"pa_tipologia-salami-es","11":"first","12":"instock","13":"shipping-taxable","14":"product-type-simple"},"acf":[],"_links":{"self":[{"href":"https:\/\/ingredients.saccosystem.com\/es\/wp-json\/wp\/v2\/product\/10513","targetHints":{"allow":["GET"]}}],"collection":[{"href":"https:\/\/ingredients.saccosystem.com\/es\/wp-json\/wp\/v2\/product"}],"about":[{"href":"https:\/\/ingredients.saccosystem.com\/es\/wp-json\/wp\/v2\/types\/product"}],"replies":[{"embeddable":true,"href":"https:\/\/ingredients.saccosystem.com\/es\/wp-json\/wp\/v2\/comments?post=10513"}],"wp:featuredmedia":[{"embeddable":true,"href":"https:\/\/ingredients.saccosystem.com\/es\/wp-json\/wp\/v2\/media\/9077"}],"wp:attachment":[{"href":"https:\/\/ingredients.saccosystem.com\/es\/wp-json\/wp\/v2\/media?parent=10513"}],"wp:term":[{"taxonomy":"product_brand","embeddable":true,"href":"https:\/\/ingredients.saccosystem.com\/es\/wp-json\/wp\/v2\/product_brand?post=10513"},{"taxonomy":"product_cat","embeddable":true,"href":"https:\/\/ingredients.saccosystem.com\/es\/wp-json\/wp\/v2\/product_cat?post=10513"},{"taxonomy":"product_tag","embeddable":true,"href":"https:\/\/ingredients.saccosystem.com\/es\/wp-json\/wp\/v2\/product_tag?post=10513"}],"curies":[{"name":"wp","href":"https:\/\/api.w.org\/{rel}","templated":true}]}}