{"id":10515,"date":"2023-08-09T12:12:03","date_gmt":"2023-08-09T10:12:03","guid":{"rendered":"https:\/\/ingredients.saccosystem.com\/prodotto\/mantequilla-noble\/"},"modified":"2024-01-17T17:15:42","modified_gmt":"2024-01-17T16:15:42","slug":"mantequilla-noble","status":"publish","type":"product","link":"https:\/\/ingredients.saccosystem.com\/es\/prodotto\/mantequilla-noble\/","title":{"rendered":"Mantequilla Noble"},"content":{"rendered":"","protected":false},"excerpt":{"rendered":"<div class=\"vc_row wpb_row vc_row-fluid\">\n<div class=\"wpb_column vc_column_container vc_col-sm-12\">\n<div class=\"vc_column-inner vc_custom_1484828983369\">\n<div class=\"wpb_wrapper\">\n<div class=\"wpb_text_column wpb_content_element\">\n<div class=\"wpb_wrapper\">\n<p>Un producto \u00fanico y extraordinario, resultado de una cadena de suministro que sit\u00faa el bienestar animal en el centro. El estudio fue realizado, en colaboraci\u00f3n con Lattemilia, por la Universidad de Bolonia.<\/p>\n<p>Las vacas se alimentan con una gran cantidad de forraje fresco de nuestros pastos y semillas de lino. Como es bien sabido, el CLA y el Omega 3 son una valiosa ayuda en la lucha contra el colesterol y la prevenci\u00f3n de enfermedades cardiovasculares. Esta mantequilla procede de nata local y no contiene lactosa.<\/p>\n<\/div>\n<\/div>\n<\/div>\n<\/div>\n<\/div>\n<\/div>\n","protected":false},"featured_media":9691,"comment_status":"closed","ping_status":"closed","template":"","meta":{"_acf_changed":false,"inline_featured_image":false},"product_brand":[],"product_cat":[470,455,373],"product_tag":[],"class_list":{"0":"post-10515","1":"product","2":"type-product","3":"status-publish","4":"has-post-thumbnail","6":"product_cat-los-favoritos-de-los-embajadores","7":"product_cat-mantequilla","8":"product_cat-pagina-de-inicio-destacada","9":"pa_brand-montanari-gruzza-es","10":"pa_nazionalita-italia-es","11":"pa_tipologia-mantequilla","13":"first","14":"instock","15":"shipping-taxable","16":"product-type-simple"},"acf":[],"_links":{"self":[{"href":"https:\/\/ingredients.saccosystem.com\/es\/wp-json\/wp\/v2\/product\/10515","targetHints":{"allow":["GET"]}}],"collection":[{"href":"https:\/\/ingredients.saccosystem.com\/es\/wp-json\/wp\/v2\/product"}],"about":[{"href":"https:\/\/ingredients.saccosystem.com\/es\/wp-json\/wp\/v2\/types\/product"}],"replies":[{"embeddable":true,"href":"https:\/\/ingredients.saccosystem.com\/es\/wp-json\/wp\/v2\/comments?post=10515"}],"wp:featuredmedia":[{"embeddable":true,"href":"https:\/\/ingredients.saccosystem.com\/es\/wp-json\/wp\/v2\/media\/9691"}],"wp:attachment":[{"href":"https:\/\/ingredients.saccosystem.com\/es\/wp-json\/wp\/v2\/media?parent=10515"}],"wp:term":[{"taxonomy":"product_brand","embeddable":true,"href":"https:\/\/ingredients.saccosystem.com\/es\/wp-json\/wp\/v2\/product_brand?post=10515"},{"taxonomy":"product_cat","embeddable":true,"href":"https:\/\/ingredients.saccosystem.com\/es\/wp-json\/wp\/v2\/product_cat?post=10515"},{"taxonomy":"product_tag","embeddable":true,"href":"https:\/\/ingredients.saccosystem.com\/es\/wp-json\/wp\/v2\/product_tag?post=10515"}],"curies":[{"name":"wp","href":"https:\/\/api.w.org\/{rel}","templated":true}]}}