{"id":10516,"date":"2023-08-09T13:39:29","date_gmt":"2023-08-09T11:39:29","guid":{"rendered":"https:\/\/ingredients.saccosystem.com\/prodotto\/gorgonzola-dolce-dop-bacchus\/"},"modified":"2024-07-16T12:34:33","modified_gmt":"2024-07-16T10:34:33","slug":"gorgonzola-dolce-dop-bacchus","status":"publish","type":"product","link":"https:\/\/ingredients.saccosystem.com\/es\/prodotto\/gorgonzola-dolce-dop-bacchus\/","title":{"rendered":"Gorgonzola dolce DOP Bacchus"},"content":{"rendered":"","protected":false},"excerpt":{"rendered":"<div class=\"vc_custom_heading_wrap \">\n<div class=\"heading-text el-text\">\n<p class=\"font-943104 h2 font-weight-600 text-color-xsdn-color\"><span style=\"font-size: 16px;\">Un queso crudo de pasta azul DOP de antigua tradici\u00f3n. La producci\u00f3n y la maduraci\u00f3n de este Gorgonzola tienen lugar exclusivamente en algunas provincias de Lombard\u00eda y Piamonte. Pasta blanda, de color blanco pajizo, cuyas vetas verdes se deben al proceso de marmoleado, es decir, a la formaci\u00f3n de moho.  <\/span><strong style=\"font-size: 16px;\">Presente en versiones dulce y picante.<\/strong><\/p>\n<\/div>\n<\/div>\n<div class=\"uncode_text_column\">\n<p>El Gorgonzola dulce DOP Bacco tiene un sabor delicado y envolvente que se ve realzado por su textura suave y cremosa, para una combinaci\u00f3n irresistiblemente agradable.<\/p>\n<\/div>\n","protected":false},"featured_media":9089,"comment_status":"closed","ping_status":"closed","template":"","meta":{"_acf_changed":false,"inline_featured_image":false},"product_brand":[],"product_cat":[599],"product_tag":[],"class_list":{"0":"post-10516","1":"product","2":"type-product","3":"status-publish","4":"has-post-thumbnail","6":"product_cat-quesos","7":"pa_brand-defendi-es","8":"pa_nazionalita-italia-es","9":"pa_tipologia-producto-d-o-p","10":"pa_tipologia-queso-curado","11":"pa_tipologia-queso-gorgonzola-dulce","13":"first","14":"instock","15":"shipping-taxable","16":"product-type-simple"},"acf":[],"_links":{"self":[{"href":"https:\/\/ingredients.saccosystem.com\/es\/wp-json\/wp\/v2\/product\/10516","targetHints":{"allow":["GET"]}}],"collection":[{"href":"https:\/\/ingredients.saccosystem.com\/es\/wp-json\/wp\/v2\/product"}],"about":[{"href":"https:\/\/ingredients.saccosystem.com\/es\/wp-json\/wp\/v2\/types\/product"}],"replies":[{"embeddable":true,"href":"https:\/\/ingredients.saccosystem.com\/es\/wp-json\/wp\/v2\/comments?post=10516"}],"wp:featuredmedia":[{"embeddable":true,"href":"https:\/\/ingredients.saccosystem.com\/es\/wp-json\/wp\/v2\/media\/9089"}],"wp:attachment":[{"href":"https:\/\/ingredients.saccosystem.com\/es\/wp-json\/wp\/v2\/media?parent=10516"}],"wp:term":[{"taxonomy":"product_brand","embeddable":true,"href":"https:\/\/ingredients.saccosystem.com\/es\/wp-json\/wp\/v2\/product_brand?post=10516"},{"taxonomy":"product_cat","embeddable":true,"href":"https:\/\/ingredients.saccosystem.com\/es\/wp-json\/wp\/v2\/product_cat?post=10516"},{"taxonomy":"product_tag","embeddable":true,"href":"https:\/\/ingredients.saccosystem.com\/es\/wp-json\/wp\/v2\/product_tag?post=10516"}],"curies":[{"name":"wp","href":"https:\/\/api.w.org\/{rel}","templated":true}]}}