{"id":10517,"date":"2023-08-09T13:26:42","date_gmt":"2023-08-09T11:26:42","guid":{"rendered":"https:\/\/ingredients.saccosystem.com\/prodotto\/taleggio-dop-el-caravaggio\/"},"modified":"2024-07-16T12:36:06","modified_gmt":"2024-07-16T10:36:06","slug":"taleggio-dop-el-caravaggio","status":"publish","type":"product","link":"https:\/\/ingredients.saccosystem.com\/es\/prodotto\/taleggio-dop-el-caravaggio\/","title":{"rendered":"Taleggio DOP El Caravaggio"},"content":{"rendered":"","protected":false},"excerpt":{"rendered":"<p>El Taleggio es un queso DOP de la tradici\u00f3n quesera bergamasca, con or\u00edgenes muy antiguos, posiblemente anteriores al siglo X. Madurado durante un m\u00ednimo de 35 d\u00edas. El producto se revisa semanalmente, se voltea y se cepilla con una soluci\u00f3n de sal y agua. Gracias a la maduraci\u00f3n centr\u00edpeta, su pasta es uniforme y compacta, m\u00e1s blanda bajo la corteza y m\u00e1s desmenuzable en el centro.<\/p>\n<div class=\"uncode_text_column\">\n<p>Un aroma intenso acompa\u00f1ado de una cremosidad envolvente. Su sabor delicado y dulce adquiere notas ligeramente ac\u00eddulas con el envejecimiento.  <strong>Excepcional emparejado con bayas.<\/strong><\/p>\n<\/div>\n<p>&nbsp;<\/p>\n","protected":false},"featured_media":9083,"comment_status":"closed","ping_status":"closed","template":"","meta":{"_acf_changed":false,"inline_featured_image":false},"product_brand":[],"product_cat":[599],"product_tag":[],"class_list":{"0":"post-10517","1":"product","2":"type-product","3":"status-publish","4":"has-post-thumbnail","6":"product_cat-quesos","7":"pa_brand-defendi-es","8":"pa_nazionalita-italia-es","9":"pa_tipologia-producto-d-o-p","10":"pa_tipologia-queso-curado","11":"pa_tipologia-queso-taleggio","13":"first","14":"instock","15":"shipping-taxable","16":"product-type-simple"},"acf":[],"_links":{"self":[{"href":"https:\/\/ingredients.saccosystem.com\/es\/wp-json\/wp\/v2\/product\/10517","targetHints":{"allow":["GET"]}}],"collection":[{"href":"https:\/\/ingredients.saccosystem.com\/es\/wp-json\/wp\/v2\/product"}],"about":[{"href":"https:\/\/ingredients.saccosystem.com\/es\/wp-json\/wp\/v2\/types\/product"}],"replies":[{"embeddable":true,"href":"https:\/\/ingredients.saccosystem.com\/es\/wp-json\/wp\/v2\/comments?post=10517"}],"wp:featuredmedia":[{"embeddable":true,"href":"https:\/\/ingredients.saccosystem.com\/es\/wp-json\/wp\/v2\/media\/9083"}],"wp:attachment":[{"href":"https:\/\/ingredients.saccosystem.com\/es\/wp-json\/wp\/v2\/media?parent=10517"}],"wp:term":[{"taxonomy":"product_brand","embeddable":true,"href":"https:\/\/ingredients.saccosystem.com\/es\/wp-json\/wp\/v2\/product_brand?post=10517"},{"taxonomy":"product_cat","embeddable":true,"href":"https:\/\/ingredients.saccosystem.com\/es\/wp-json\/wp\/v2\/product_cat?post=10517"},{"taxonomy":"product_tag","embeddable":true,"href":"https:\/\/ingredients.saccosystem.com\/es\/wp-json\/wp\/v2\/product_tag?post=10517"}],"curies":[{"name":"wp","href":"https:\/\/api.w.org\/{rel}","templated":true}]}}