{"id":10520,"date":"2023-08-09T09:16:31","date_gmt":"2023-08-09T07:16:31","guid":{"rendered":"https:\/\/ingredients.saccosystem.com\/prodotto\/salami-suave-cerdo-negro-de-lomellina\/"},"modified":"2024-07-16T13:01:29","modified_gmt":"2024-07-16T11:01:29","slug":"salami-suave-cerdo-negro-de-lomellina","status":"publish","type":"product","link":"https:\/\/ingredients.saccosystem.com\/es\/prodotto\/salami-suave-cerdo-negro-de-lomellina\/","title":{"rendered":"Salami suave Cerdo negro de Lomellina"},"content":{"rendered":"","protected":false},"excerpt":{"rendered":"<p>Un producto elaborado con carne de una antigua raza aut\u00f3ctona de cerdo negro: el Maiale Nero della Lomellina. La gen\u00e9tica de este cerdo se caracteriza por una lenta conversi\u00f3n de la nutrici\u00f3n y esto permite que los cerdos tengan una carne entreverada que se transforma para dar un sabor \u00fanico al paladar. La sal y los granos de pimienta enteros se a\u00f1aden a la mezcla de grano medio a grueso, que luego se sazona suavemente con canela. La mezcla se coloca en una tripa natural, se ata a mano y se cura en c\u00e1maras cuidadosamente ventiladas. El lento proceso de maduraci\u00f3n confiere al salami una consistencia suave, un color rojo rub\u00ed intenso y un sabor \u00fanico, ligeramente picante.<\/p>\n<p>&nbsp;<\/p>\n","protected":false},"featured_media":9039,"comment_status":"closed","ping_status":"closed","template":"","meta":{"_acf_changed":false,"inline_featured_image":false},"product_brand":[],"product_cat":[686],"product_tag":[],"class_list":{"0":"post-10520","1":"product","2":"type-product","3":"status-publish","4":"has-post-thumbnail","6":"product_cat-salumi-es","7":"pa_brand-fumagalli","8":"pa_nazionalita-italia-es","9":"pa_tipologia-salami-es","11":"first","12":"instock","13":"shipping-taxable","14":"product-type-simple"},"acf":[],"_links":{"self":[{"href":"https:\/\/ingredients.saccosystem.com\/es\/wp-json\/wp\/v2\/product\/10520","targetHints":{"allow":["GET"]}}],"collection":[{"href":"https:\/\/ingredients.saccosystem.com\/es\/wp-json\/wp\/v2\/product"}],"about":[{"href":"https:\/\/ingredients.saccosystem.com\/es\/wp-json\/wp\/v2\/types\/product"}],"replies":[{"embeddable":true,"href":"https:\/\/ingredients.saccosystem.com\/es\/wp-json\/wp\/v2\/comments?post=10520"}],"wp:featuredmedia":[{"embeddable":true,"href":"https:\/\/ingredients.saccosystem.com\/es\/wp-json\/wp\/v2\/media\/9039"}],"wp:attachment":[{"href":"https:\/\/ingredients.saccosystem.com\/es\/wp-json\/wp\/v2\/media?parent=10520"}],"wp:term":[{"taxonomy":"product_brand","embeddable":true,"href":"https:\/\/ingredients.saccosystem.com\/es\/wp-json\/wp\/v2\/product_brand?post=10520"},{"taxonomy":"product_cat","embeddable":true,"href":"https:\/\/ingredients.saccosystem.com\/es\/wp-json\/wp\/v2\/product_cat?post=10520"},{"taxonomy":"product_tag","embeddable":true,"href":"https:\/\/ingredients.saccosystem.com\/es\/wp-json\/wp\/v2\/product_tag?post=10520"}],"curies":[{"name":"wp","href":"https:\/\/api.w.org\/{rel}","templated":true}]}}