{"id":10523,"date":"2023-08-09T14:38:50","date_gmt":"2023-08-09T12:38:50","guid":{"rendered":"https:\/\/ingredients.saccosystem.com\/prodotto\/tomar-yogur-frutos-rojos-y-cereales\/"},"modified":"2024-07-16T12:32:48","modified_gmt":"2024-07-16T10:32:48","slug":"tomar-yogur-frutos-rojos-y-cereales","status":"publish","type":"product","link":"https:\/\/ingredients.saccosystem.com\/es\/prodotto\/tomar-yogur-frutos-rojos-y-cereales\/","title":{"rendered":"Tomar yogur Frutos rojos y cereales"},"content":{"rendered":"","protected":false},"excerpt":{"rendered":"<p>La amplia gama de yogures bebibles MILA se elabora con leche 100% del Tirol del Sur y el sistema Fermenti Sacco. La selecci\u00f3n de los ingredientes y su h\u00e1bil elaboraci\u00f3n confieren a nuestros yogures bebibles una cremosidad especial y un sabor con cuerpo.<\/p>\n","protected":false},"featured_media":9105,"comment_status":"closed","ping_status":"closed","template":"","meta":{"_acf_changed":false,"inline_featured_image":false},"product_brand":[],"product_cat":[483],"product_tag":[],"class_list":{"0":"post-10523","1":"product","2":"type-product","3":"status-publish","4":"has-post-thumbnail","6":"product_cat-yogur","7":"pa_brand-mila-es","8":"pa_nazionalita-italia-es","9":"pa_tipologia-beber-yogur","11":"first","12":"instock","13":"shipping-taxable","14":"product-type-simple"},"acf":[],"_links":{"self":[{"href":"https:\/\/ingredients.saccosystem.com\/es\/wp-json\/wp\/v2\/product\/10523","targetHints":{"allow":["GET"]}}],"collection":[{"href":"https:\/\/ingredients.saccosystem.com\/es\/wp-json\/wp\/v2\/product"}],"about":[{"href":"https:\/\/ingredients.saccosystem.com\/es\/wp-json\/wp\/v2\/types\/product"}],"replies":[{"embeddable":true,"href":"https:\/\/ingredients.saccosystem.com\/es\/wp-json\/wp\/v2\/comments?post=10523"}],"wp:featuredmedia":[{"embeddable":true,"href":"https:\/\/ingredients.saccosystem.com\/es\/wp-json\/wp\/v2\/media\/9105"}],"wp:attachment":[{"href":"https:\/\/ingredients.saccosystem.com\/es\/wp-json\/wp\/v2\/media?parent=10523"}],"wp:term":[{"taxonomy":"product_brand","embeddable":true,"href":"https:\/\/ingredients.saccosystem.com\/es\/wp-json\/wp\/v2\/product_brand?post=10523"},{"taxonomy":"product_cat","embeddable":true,"href":"https:\/\/ingredients.saccosystem.com\/es\/wp-json\/wp\/v2\/product_cat?post=10523"},{"taxonomy":"product_tag","embeddable":true,"href":"https:\/\/ingredients.saccosystem.com\/es\/wp-json\/wp\/v2\/product_tag?post=10523"}],"curies":[{"name":"wp","href":"https:\/\/api.w.org\/{rel}","templated":true}]}}