{"id":10527,"date":"2023-08-09T14:05:11","date_gmt":"2023-08-09T12:05:11","guid":{"rendered":"https:\/\/ingredients.saccosystem.com\/prodotto\/acto-florentero\/"},"modified":"2024-07-16T12:33:43","modified_gmt":"2024-07-16T10:33:43","slug":"acto-florentero","status":"publish","type":"product","link":"https:\/\/ingredients.saccosystem.com\/es\/prodotto\/acto-florentero\/","title":{"rendered":"Acto Florentero"},"content":{"rendered":"","protected":false},"excerpt":{"rendered":"<p>Estabilizaci\u00f3n de la digesti\u00f3n fisiol\u00f3gica.<\/p>\n<p>Florentero ACT puede utilizarse en caso de riesgo de trastornos digestivos, durante los periodos en que dichos trastornos est\u00e9n presentes o durante los periodos de convalecencia posteriores.<\/p>\n<p>Florentero ACT es un pienso diet\u00e9tico complementario destinado a fines nutricionales especiales para perros y gatos.<\/p>\n","protected":false},"featured_media":8667,"comment_status":"closed","ping_status":"closed","template":"","meta":{"_acf_changed":false,"inline_featured_image":false},"product_brand":[],"product_cat":[675],"product_tag":[],"class_list":{"0":"post-10527","1":"product","2":"type-product","3":"status-publish","4":"has-post-thumbnail","6":"product_cat-suplementos","7":"pa_brand-candioli-pharma-es","8":"pa_nazionalita-italia-es","9":"pa_tipologia-suplemento-para-perros-y-gatos","11":"first","12":"instock","13":"shipping-taxable","14":"product-type-simple"},"acf":[],"_links":{"self":[{"href":"https:\/\/ingredients.saccosystem.com\/es\/wp-json\/wp\/v2\/product\/10527","targetHints":{"allow":["GET"]}}],"collection":[{"href":"https:\/\/ingredients.saccosystem.com\/es\/wp-json\/wp\/v2\/product"}],"about":[{"href":"https:\/\/ingredients.saccosystem.com\/es\/wp-json\/wp\/v2\/types\/product"}],"replies":[{"embeddable":true,"href":"https:\/\/ingredients.saccosystem.com\/es\/wp-json\/wp\/v2\/comments?post=10527"}],"wp:featuredmedia":[{"embeddable":true,"href":"https:\/\/ingredients.saccosystem.com\/es\/wp-json\/wp\/v2\/media\/8667"}],"wp:attachment":[{"href":"https:\/\/ingredients.saccosystem.com\/es\/wp-json\/wp\/v2\/media?parent=10527"}],"wp:term":[{"taxonomy":"product_brand","embeddable":true,"href":"https:\/\/ingredients.saccosystem.com\/es\/wp-json\/wp\/v2\/product_brand?post=10527"},{"taxonomy":"product_cat","embeddable":true,"href":"https:\/\/ingredients.saccosystem.com\/es\/wp-json\/wp\/v2\/product_cat?post=10527"},{"taxonomy":"product_tag","embeddable":true,"href":"https:\/\/ingredients.saccosystem.com\/es\/wp-json\/wp\/v2\/product_tag?post=10527"}],"curies":[{"name":"wp","href":"https:\/\/api.w.org\/{rel}","templated":true}]}}