{"id":10529,"date":"2023-08-09T14:36:27","date_gmt":"2023-08-09T12:36:27","guid":{"rendered":"https:\/\/ingredients.saccosystem.com\/prodotto\/yogur-de-coco-bebible-sin-lactosa\/"},"modified":"2024-07-16T12:33:06","modified_gmt":"2024-07-16T10:33:06","slug":"yogur-de-coco-bebible-sin-lactosa","status":"publish","type":"product","link":"https:\/\/ingredients.saccosystem.com\/es\/prodotto\/yogur-de-coco-bebible-sin-lactosa\/","title":{"rendered":"Yogur de coco bebible sin lactosa"},"content":{"rendered":"","protected":false},"excerpt":{"rendered":"<p>Los productos sin lactosa de Mila no s\u00f3lo son ideales para los intolerantes a la lactosa (&lt; 0,01% lactosa), sino tambi\u00e9n para los que quieren sentirse m\u00e1s ligeros gracias a su alta digestibilidad. La leche sin lactosa Mila ofrece todo el placer de la leche sin ning\u00fan reparo. No se elimina nada, sino que se a\u00f1ade la enzima lactasa. La lactasa descompone la lactosa en galactosa y glucosa, facilitando as\u00ed la digesti\u00f3n de la leche. La leche sin lactosa Mila tiene un contenido de lactosa inferior a &lt; 0,01%.<\/p>\n","protected":false},"featured_media":9103,"comment_status":"closed","ping_status":"closed","template":"","meta":{"_acf_changed":false,"inline_featured_image":false},"product_brand":[],"product_cat":[483],"product_tag":[],"class_list":{"0":"post-10529","1":"product","2":"type-product","3":"status-publish","4":"has-post-thumbnail","6":"product_cat-yogur","7":"pa_brand-mila-es","8":"pa_nazionalita-italia-es","9":"pa_tipologia-beber-yogur","10":"pa_tipologia-producto-sin-lactosa","12":"first","13":"instock","14":"shipping-taxable","15":"product-type-simple"},"acf":[],"_links":{"self":[{"href":"https:\/\/ingredients.saccosystem.com\/es\/wp-json\/wp\/v2\/product\/10529","targetHints":{"allow":["GET"]}}],"collection":[{"href":"https:\/\/ingredients.saccosystem.com\/es\/wp-json\/wp\/v2\/product"}],"about":[{"href":"https:\/\/ingredients.saccosystem.com\/es\/wp-json\/wp\/v2\/types\/product"}],"replies":[{"embeddable":true,"href":"https:\/\/ingredients.saccosystem.com\/es\/wp-json\/wp\/v2\/comments?post=10529"}],"wp:featuredmedia":[{"embeddable":true,"href":"https:\/\/ingredients.saccosystem.com\/es\/wp-json\/wp\/v2\/media\/9103"}],"wp:attachment":[{"href":"https:\/\/ingredients.saccosystem.com\/es\/wp-json\/wp\/v2\/media?parent=10529"}],"wp:term":[{"taxonomy":"product_brand","embeddable":true,"href":"https:\/\/ingredients.saccosystem.com\/es\/wp-json\/wp\/v2\/product_brand?post=10529"},{"taxonomy":"product_cat","embeddable":true,"href":"https:\/\/ingredients.saccosystem.com\/es\/wp-json\/wp\/v2\/product_cat?post=10529"},{"taxonomy":"product_tag","embeddable":true,"href":"https:\/\/ingredients.saccosystem.com\/es\/wp-json\/wp\/v2\/product_tag?post=10529"}],"curies":[{"name":"wp","href":"https:\/\/api.w.org\/{rel}","templated":true}]}}