{"id":10531,"date":"2023-08-09T14:17:39","date_gmt":"2023-08-09T12:17:39","guid":{"rendered":"https:\/\/ingredients.saccosystem.com\/prodotto\/florentero-rapido\/"},"modified":"2024-07-16T12:33:33","modified_gmt":"2024-07-16T10:33:33","slug":"florentero-rapido","status":"publish","type":"product","link":"https:\/\/ingredients.saccosystem.com\/es\/prodotto\/florentero-rapido\/","title":{"rendered":"Florentero R\u00e1pido"},"content":{"rendered":"","protected":false},"excerpt":{"rendered":"<p>Reducci\u00f3n de los trastornos agudos de absorci\u00f3n intestinal durante la diarrea aguda y los periodos de convalecencia posteriores.<\/p>\n<p>Florentero ACT es un pienso diet\u00e9tico complementario destinado a fines nutricionales especiales para perros y gatos.<\/p>\n","protected":false},"featured_media":9099,"comment_status":"closed","ping_status":"closed","template":"","meta":{"_acf_changed":false,"inline_featured_image":false},"product_brand":[],"product_cat":[675],"product_tag":[],"class_list":{"0":"post-10531","1":"product","2":"type-product","3":"status-publish","4":"has-post-thumbnail","6":"product_cat-suplementos","7":"pa_brand-candioli-pharma-es","8":"pa_nazionalita-italia-es","9":"pa_tipologia-suplemento-para-perros-y-gatos","11":"first","12":"instock","13":"shipping-taxable","14":"product-type-simple"},"acf":[],"_links":{"self":[{"href":"https:\/\/ingredients.saccosystem.com\/es\/wp-json\/wp\/v2\/product\/10531","targetHints":{"allow":["GET"]}}],"collection":[{"href":"https:\/\/ingredients.saccosystem.com\/es\/wp-json\/wp\/v2\/product"}],"about":[{"href":"https:\/\/ingredients.saccosystem.com\/es\/wp-json\/wp\/v2\/types\/product"}],"replies":[{"embeddable":true,"href":"https:\/\/ingredients.saccosystem.com\/es\/wp-json\/wp\/v2\/comments?post=10531"}],"wp:featuredmedia":[{"embeddable":true,"href":"https:\/\/ingredients.saccosystem.com\/es\/wp-json\/wp\/v2\/media\/9099"}],"wp:attachment":[{"href":"https:\/\/ingredients.saccosystem.com\/es\/wp-json\/wp\/v2\/media?parent=10531"}],"wp:term":[{"taxonomy":"product_brand","embeddable":true,"href":"https:\/\/ingredients.saccosystem.com\/es\/wp-json\/wp\/v2\/product_brand?post=10531"},{"taxonomy":"product_cat","embeddable":true,"href":"https:\/\/ingredients.saccosystem.com\/es\/wp-json\/wp\/v2\/product_cat?post=10531"},{"taxonomy":"product_tag","embeddable":true,"href":"https:\/\/ingredients.saccosystem.com\/es\/wp-json\/wp\/v2\/product_tag?post=10531"}],"curies":[{"name":"wp","href":"https:\/\/api.w.org\/{rel}","templated":true}]}}