{"id":10533,"date":"2023-08-09T14:42:22","date_gmt":"2023-08-09T12:42:22","guid":{"rendered":"https:\/\/ingredients.saccosystem.com\/prodotto\/yogur-bebible-tropical\/"},"modified":"2024-06-25T17:57:11","modified_gmt":"2024-06-25T15:57:11","slug":"yogur-bebible-tropical","status":"publish","type":"product","link":"https:\/\/ingredients.saccosystem.com\/es\/prodotto\/yogur-bebible-tropical\/","title":{"rendered":"Yogur bebible tropical"},"content":{"rendered":"","protected":false},"excerpt":{"rendered":"<p>La amplia gama de yogures bebibles MILA se elabora con leche 100% del Tirol del Sur y el sistema Fermenti Sacco. La selecci\u00f3n de los ingredientes y su h\u00e1bil elaboraci\u00f3n confieren a nuestros yogures bebibles una cremosidad especial y un sabor con cuerpo.<\/p>\n","protected":false},"featured_media":9107,"comment_status":"closed","ping_status":"closed","template":"","meta":{"_acf_changed":false,"inline_featured_image":false},"product_brand":[],"product_cat":[373,483],"product_tag":[],"class_list":{"0":"post-10533","1":"product","2":"type-product","3":"status-publish","4":"has-post-thumbnail","6":"product_cat-pagina-de-inicio-destacada","7":"product_cat-yogur","8":"pa_brand-mila-es","9":"pa_nazionalita-italia-es","10":"pa_tipologia-beber-yogur","12":"first","13":"instock","14":"shipping-taxable","15":"product-type-simple"},"acf":[],"_links":{"self":[{"href":"https:\/\/ingredients.saccosystem.com\/es\/wp-json\/wp\/v2\/product\/10533","targetHints":{"allow":["GET"]}}],"collection":[{"href":"https:\/\/ingredients.saccosystem.com\/es\/wp-json\/wp\/v2\/product"}],"about":[{"href":"https:\/\/ingredients.saccosystem.com\/es\/wp-json\/wp\/v2\/types\/product"}],"replies":[{"embeddable":true,"href":"https:\/\/ingredients.saccosystem.com\/es\/wp-json\/wp\/v2\/comments?post=10533"}],"wp:featuredmedia":[{"embeddable":true,"href":"https:\/\/ingredients.saccosystem.com\/es\/wp-json\/wp\/v2\/media\/9107"}],"wp:attachment":[{"href":"https:\/\/ingredients.saccosystem.com\/es\/wp-json\/wp\/v2\/media?parent=10533"}],"wp:term":[{"taxonomy":"product_brand","embeddable":true,"href":"https:\/\/ingredients.saccosystem.com\/es\/wp-json\/wp\/v2\/product_brand?post=10533"},{"taxonomy":"product_cat","embeddable":true,"href":"https:\/\/ingredients.saccosystem.com\/es\/wp-json\/wp\/v2\/product_cat?post=10533"},{"taxonomy":"product_tag","embeddable":true,"href":"https:\/\/ingredients.saccosystem.com\/es\/wp-json\/wp\/v2\/product_tag?post=10533"}],"curies":[{"name":"wp","href":"https:\/\/api.w.org\/{rel}","templated":true}]}}