{"id":10539,"date":"2023-08-09T15:44:10","date_gmt":"2023-08-09T13:44:10","guid":{"rendered":"https:\/\/ingredients.saccosystem.com\/prodotto\/stracchino-crema-del-piave\/"},"modified":"2024-07-29T11:58:23","modified_gmt":"2024-07-29T09:58:23","slug":"stracchino-crema-del-piave","status":"publish","type":"product","link":"https:\/\/ingredients.saccosystem.com\/es\/prodotto\/stracchino-crema-del-piave\/","title":{"rendered":"Stracchino Crema del Piave"},"content":{"rendered":"","protected":false},"excerpt":{"rendered":"<p>La Crema del Piave es un stracchino fresco de sabor \u00fanico e inconfundible, con el que la queser\u00eda sigue distingui\u00e9ndose. Un queso de mesa blando, elaborado con leche de vaca de la regi\u00f3n del V\u00e9neto, con una cremosidad incre\u00edble que lo convierte en el ingrediente perfecto para cualquier receta, desde aperitivos hasta tentempi\u00e9s. Un queso stracchino fresco que satisface todos los paladares.<\/p>\n","protected":false},"featured_media":9697,"comment_status":"closed","ping_status":"closed","template":"","meta":{"_acf_changed":false,"inline_featured_image":false},"product_brand":[],"product_cat":[372,373,599],"product_tag":[],"class_list":{"0":"post-10539","1":"product","2":"type-product","3":"status-publish","4":"has-post-thumbnail","6":"product_cat-imprescindible","7":"product_cat-pagina-de-inicio-destacada","8":"product_cat-quesos","9":"pa_brand-tomasoni-es","10":"pa_nazionalita-italia-es","11":"pa_tipologia-queso-fresco","13":"first","14":"instock","15":"shipping-taxable","16":"product-type-simple"},"acf":[],"_links":{"self":[{"href":"https:\/\/ingredients.saccosystem.com\/es\/wp-json\/wp\/v2\/product\/10539","targetHints":{"allow":["GET"]}}],"collection":[{"href":"https:\/\/ingredients.saccosystem.com\/es\/wp-json\/wp\/v2\/product"}],"about":[{"href":"https:\/\/ingredients.saccosystem.com\/es\/wp-json\/wp\/v2\/types\/product"}],"replies":[{"embeddable":true,"href":"https:\/\/ingredients.saccosystem.com\/es\/wp-json\/wp\/v2\/comments?post=10539"}],"wp:featuredmedia":[{"embeddable":true,"href":"https:\/\/ingredients.saccosystem.com\/es\/wp-json\/wp\/v2\/media\/9697"}],"wp:attachment":[{"href":"https:\/\/ingredients.saccosystem.com\/es\/wp-json\/wp\/v2\/media?parent=10539"}],"wp:term":[{"taxonomy":"product_brand","embeddable":true,"href":"https:\/\/ingredients.saccosystem.com\/es\/wp-json\/wp\/v2\/product_brand?post=10539"},{"taxonomy":"product_cat","embeddable":true,"href":"https:\/\/ingredients.saccosystem.com\/es\/wp-json\/wp\/v2\/product_cat?post=10539"},{"taxonomy":"product_tag","embeddable":true,"href":"https:\/\/ingredients.saccosystem.com\/es\/wp-json\/wp\/v2\/product_tag?post=10539"}],"curies":[{"name":"wp","href":"https:\/\/api.w.org\/{rel}","templated":true}]}}