{"id":10544,"date":"2023-08-09T15:30:27","date_gmt":"2023-08-09T13:30:27","guid":{"rendered":"https:\/\/ingredients.saccosystem.com\/prodotto\/tomasoni-cabra-caciotta\/"},"modified":"2024-07-16T12:29:25","modified_gmt":"2024-07-16T10:29:25","slug":"tomasoni-cabra-caciotta","status":"publish","type":"product","link":"https:\/\/ingredients.saccosystem.com\/es\/prodotto\/tomasoni-cabra-caciotta\/","title":{"rendered":"Tomasoni Cabra Caciotta"},"content":{"rendered":"","protected":false},"excerpt":{"rendered":"<p>Blanca, suave y delicada, una caciotta que recoge lo mejor de las caracter\u00edsticas organol\u00e9pticas de la leche de cabra, como el sabor, el aroma y la digestibilidad. Atractivo y satisfactorio, consigue complacer a todos los comensales.<\/p>\n<p>Un ingrediente muy \u00fatil para fundir en platos de pasta caliente o untar en sabrosos aperitivos. La Caciotta de Cabra Tomasoni puede ser utilizada por quienes tienen dificultades para digerir los productos l\u00e1cteos debido a su composici\u00f3n en \u00e1cidos grasos de cadena corta.<\/p>\n","protected":false},"featured_media":8987,"comment_status":"closed","ping_status":"closed","template":"","meta":{"_acf_changed":false,"inline_featured_image":false},"product_brand":[],"product_cat":[599],"product_tag":[],"class_list":{"0":"post-10544","1":"product","2":"type-product","3":"status-publish","4":"has-post-thumbnail","6":"product_cat-quesos","7":"pa_brand-tomasoni-es","8":"pa_nazionalita-italia-es","9":"pa_tipologia-queso-con-leche-de-cabra","10":"pa_tipologia-queso-fresco","12":"first","13":"instock","14":"shipping-taxable","15":"product-type-simple"},"acf":[],"_links":{"self":[{"href":"https:\/\/ingredients.saccosystem.com\/es\/wp-json\/wp\/v2\/product\/10544","targetHints":{"allow":["GET"]}}],"collection":[{"href":"https:\/\/ingredients.saccosystem.com\/es\/wp-json\/wp\/v2\/product"}],"about":[{"href":"https:\/\/ingredients.saccosystem.com\/es\/wp-json\/wp\/v2\/types\/product"}],"replies":[{"embeddable":true,"href":"https:\/\/ingredients.saccosystem.com\/es\/wp-json\/wp\/v2\/comments?post=10544"}],"wp:featuredmedia":[{"embeddable":true,"href":"https:\/\/ingredients.saccosystem.com\/es\/wp-json\/wp\/v2\/media\/8987"}],"wp:attachment":[{"href":"https:\/\/ingredients.saccosystem.com\/es\/wp-json\/wp\/v2\/media?parent=10544"}],"wp:term":[{"taxonomy":"product_brand","embeddable":true,"href":"https:\/\/ingredients.saccosystem.com\/es\/wp-json\/wp\/v2\/product_brand?post=10544"},{"taxonomy":"product_cat","embeddable":true,"href":"https:\/\/ingredients.saccosystem.com\/es\/wp-json\/wp\/v2\/product_cat?post=10544"},{"taxonomy":"product_tag","embeddable":true,"href":"https:\/\/ingredients.saccosystem.com\/es\/wp-json\/wp\/v2\/product_tag?post=10544"}],"curies":[{"name":"wp","href":"https:\/\/api.w.org\/{rel}","templated":true}]}}