{"id":10554,"date":"2023-08-10T09:14:38","date_gmt":"2023-08-10T07:14:38","guid":{"rendered":"https:\/\/ingredients.saccosystem.com\/prodotto\/alta-badia\/"},"modified":"2024-07-12T16:51:47","modified_gmt":"2024-07-12T14:51:47","slug":"alta-badia","status":"publish","type":"product","link":"https:\/\/ingredients.saccosystem.com\/es\/prodotto\/alta-badia\/","title":{"rendered":"Alta Badia"},"content":{"rendered":"","protected":false},"excerpt":{"rendered":"<p>El queso duro \u00abAlta Badia\u00bb es tan singular como el valle dolom\u00edtico del mismo nombre, donde se habla ladino. Est\u00e1 envuelto en una corteza firme, seca y r\u00fastica. La pasta es de color amarillo pajizo y no tiene ojos. La textura en el paladar es firme, marcada, pero aun as\u00ed suave y fundente. El sabor del queso es intenso y complejo, con marcadas notas de leche y asado, a las que se a\u00f1aden algunos toques de patata. El \u00abAlta Badia\u00bb tiene uno de los procesos de maduraci\u00f3n m\u00e1s largos de todos los quesos Mila.<\/p>\n","protected":false},"featured_media":9145,"comment_status":"closed","ping_status":"closed","template":"","meta":{"_acf_changed":false,"inline_featured_image":false},"product_brand":[],"product_cat":[599],"product_tag":[],"class_list":{"0":"post-10554","1":"product","2":"type-product","3":"status-publish","4":"has-post-thumbnail","6":"product_cat-quesos","7":"pa_brand-mila-es","8":"pa_nazionalita-italia-es","9":"pa_tipologia-producto-sin-lactosa","10":"pa_tipologia-queso-curado","12":"first","13":"instock","14":"shipping-taxable","15":"product-type-simple"},"acf":[],"_links":{"self":[{"href":"https:\/\/ingredients.saccosystem.com\/es\/wp-json\/wp\/v2\/product\/10554","targetHints":{"allow":["GET"]}}],"collection":[{"href":"https:\/\/ingredients.saccosystem.com\/es\/wp-json\/wp\/v2\/product"}],"about":[{"href":"https:\/\/ingredients.saccosystem.com\/es\/wp-json\/wp\/v2\/types\/product"}],"replies":[{"embeddable":true,"href":"https:\/\/ingredients.saccosystem.com\/es\/wp-json\/wp\/v2\/comments?post=10554"}],"wp:featuredmedia":[{"embeddable":true,"href":"https:\/\/ingredients.saccosystem.com\/es\/wp-json\/wp\/v2\/media\/9145"}],"wp:attachment":[{"href":"https:\/\/ingredients.saccosystem.com\/es\/wp-json\/wp\/v2\/media?parent=10554"}],"wp:term":[{"taxonomy":"product_brand","embeddable":true,"href":"https:\/\/ingredients.saccosystem.com\/es\/wp-json\/wp\/v2\/product_brand?post=10554"},{"taxonomy":"product_cat","embeddable":true,"href":"https:\/\/ingredients.saccosystem.com\/es\/wp-json\/wp\/v2\/product_cat?post=10554"},{"taxonomy":"product_tag","embeddable":true,"href":"https:\/\/ingredients.saccosystem.com\/es\/wp-json\/wp\/v2\/product_tag?post=10554"}],"curies":[{"name":"wp","href":"https:\/\/api.w.org\/{rel}","templated":true}]}}