{"id":10560,"date":"2023-08-10T09:43:16","date_gmt":"2023-08-10T07:43:16","guid":{"rendered":"https:\/\/ingredients.saccosystem.com\/prodotto\/pro-bd\/"},"modified":"2024-06-26T14:52:04","modified_gmt":"2024-06-26T12:52:04","slug":"pro-bd","status":"publish","type":"product","link":"https:\/\/ingredients.saccosystem.com\/es\/prodotto\/pro-bd\/","title":{"rendered":"PRO-BD"},"content":{"rendered":"","protected":false},"excerpt":{"rendered":"<p>PRO-BD es un <strong>suplemento diet\u00e9tico <\/strong>con <strong>8.000 millones de c\u00e9lulas vivas<\/strong>: compuesto por una mezcla espec\u00edfica de cuatro cepas de lactobacilos, apoyada por la presencia de vitamina D3, vitamina B12 y el prebi\u00f3tico Bioecolians, es capaz de promover el equilibrio fisiol\u00f3gico de la<strong> microbiota intestinal<\/strong> y apoyar el <strong>sistema inmunitario<\/strong>.<\/p>\n<p>Gracias a la perfecta sinergia de las cepas espec\u00edficas de lactobacilos, las vitaminas D3 y B12 y el prebi\u00f3tico Bioecolians, <strong>PRO-DB se diferencia de todos los dem\u00e1s probi\u00f3ticos<\/strong><\/p>\n<p>Complemento alimenticio registrado en el Ministerio de Sanidad con el n\u00ba 157622.<\/p>\n","protected":false},"featured_media":9147,"comment_status":"closed","ping_status":"closed","template":"","meta":{"_acf_changed":false,"inline_featured_image":false},"product_brand":[],"product_cat":[373,675],"product_tag":[],"class_list":{"0":"post-10560","1":"product","2":"type-product","3":"status-publish","4":"has-post-thumbnail","6":"product_cat-pagina-de-inicio-destacada","7":"product_cat-suplementos","8":"pa_brand-cozoro-es","9":"pa_nazionalita-italia-es","10":"pa_tipologia-probioticos-de-alta-calidad","12":"first","13":"instock","14":"shipping-taxable","15":"product-type-simple"},"acf":[],"_links":{"self":[{"href":"https:\/\/ingredients.saccosystem.com\/es\/wp-json\/wp\/v2\/product\/10560","targetHints":{"allow":["GET"]}}],"collection":[{"href":"https:\/\/ingredients.saccosystem.com\/es\/wp-json\/wp\/v2\/product"}],"about":[{"href":"https:\/\/ingredients.saccosystem.com\/es\/wp-json\/wp\/v2\/types\/product"}],"replies":[{"embeddable":true,"href":"https:\/\/ingredients.saccosystem.com\/es\/wp-json\/wp\/v2\/comments?post=10560"}],"wp:featuredmedia":[{"embeddable":true,"href":"https:\/\/ingredients.saccosystem.com\/es\/wp-json\/wp\/v2\/media\/9147"}],"wp:attachment":[{"href":"https:\/\/ingredients.saccosystem.com\/es\/wp-json\/wp\/v2\/media?parent=10560"}],"wp:term":[{"taxonomy":"product_brand","embeddable":true,"href":"https:\/\/ingredients.saccosystem.com\/es\/wp-json\/wp\/v2\/product_brand?post=10560"},{"taxonomy":"product_cat","embeddable":true,"href":"https:\/\/ingredients.saccosystem.com\/es\/wp-json\/wp\/v2\/product_cat?post=10560"},{"taxonomy":"product_tag","embeddable":true,"href":"https:\/\/ingredients.saccosystem.com\/es\/wp-json\/wp\/v2\/product_tag?post=10560"}],"curies":[{"name":"wp","href":"https:\/\/api.w.org\/{rel}","templated":true}]}}